{"id":107,"date":"2023-03-27T14:13:31","date_gmt":"2023-03-27T12:13:31","guid":{"rendered":"https:\/\/archeoparkvsestary.cz\/?page_id=107"},"modified":"2026-01-19T10:36:26","modified_gmt":"2026-01-19T09:36:26","slug":"partneri","status":"publish","type":"page","link":"http:\/\/archeoparkvsestary.cz\/?page_id=107","title":{"rendered":"Partne\u0159i"},"content":{"rendered":"\n<p class=\"has-text-align-center has-text-color has-medium-font-size\" style=\"color:#e04e2d\"><strong>D\u011bkujeme na\u0161im partner\u016fm<\/strong>.<\/p>\n\n\n<div class=\"wp-block-image\">\n<figure class=\"alignleft size-full is-resized\"><a href=\"https:\/\/www.khk.cz\/\" target=\"_blank\" rel=\"noreferrer noopener\"><img loading=\"lazy\" decoding=\"async\" width=\"600\" height=\"400\" src=\"http:\/\/archeoparkvsestary.cz\/wp-content\/uploads\/2023\/09\/logo-kralovehradecky-kraj.jpg\" alt=\"\" class=\"wp-image-1091\" style=\"width:225px;height:150px\" srcset=\"http:\/\/archeoparkvsestary.cz\/wp-content\/uploads\/2023\/09\/logo-kralovehradecky-kraj.jpg 600w, http:\/\/archeoparkvsestary.cz\/wp-content\/uploads\/2023\/09\/logo-kralovehradecky-kraj-300x200.jpg 300w\" sizes=\"auto, (max-width: 600px) 100vw, 600px\" \/><\/a><\/figure>\n<\/div>\n\n<div class=\"wp-block-image\">\n<figure class=\"alignleft size-medium is-resized\"><a href=\"https:\/\/www.uhk.cz\/cs\/filozoficka-fakulta\/ff\" target=\"_blank\" rel=\"noreferrer noopener\"><img loading=\"lazy\" decoding=\"async\" width=\"300\" height=\"200\" src=\"https:\/\/archeoparkvsestary.cz\/wp-content\/uploads\/2023\/03\/logo-uhk-ff-300x200.jpg\" alt=\"\" class=\"wp-image-522\" style=\"width:225px;height:150px\" srcset=\"http:\/\/archeoparkvsestary.cz\/wp-content\/uploads\/2023\/03\/logo-uhk-ff-300x200.jpg 300w, http:\/\/archeoparkvsestary.cz\/wp-content\/uploads\/2023\/03\/logo-uhk-ff-120x80.jpg 120w, http:\/\/archeoparkvsestary.cz\/wp-content\/uploads\/2023\/03\/logo-uhk-ff.jpg 600w\" sizes=\"auto, (max-width: 300px) 100vw, 300px\" \/><\/a><\/figure>\n<\/div>\n\n<div class=\"wp-block-image\">\n<figure class=\"alignleft size-medium is-resized\"><a href=\"https:\/\/eurovia.vinci-construction.cz\/\" target=\"_blank\" rel=\"noreferrer noopener\"><img loading=\"lazy\" decoding=\"async\" width=\"300\" height=\"200\" src=\"https:\/\/archeoparkvsestary.cz\/wp-content\/uploads\/2023\/03\/logo-eurovia-300x200.jpg\" alt=\"\" class=\"wp-image-535\" style=\"width:225px;height:150px\" srcset=\"http:\/\/archeoparkvsestary.cz\/wp-content\/uploads\/2023\/03\/logo-eurovia-300x200.jpg 300w, http:\/\/archeoparkvsestary.cz\/wp-content\/uploads\/2023\/03\/logo-eurovia-120x80.jpg 120w, http:\/\/archeoparkvsestary.cz\/wp-content\/uploads\/2023\/03\/logo-eurovia.jpg 600w\" sizes=\"auto, (max-width: 300px) 100vw, 300px\" \/><\/a><\/figure>\n<\/div>\n\n<div class=\"wp-block-image\">\n<figure class=\"alignleft size-medium is-resized\"><a href=\"https:\/\/www.vitaltech.cz\/\" target=\"_blank\" rel=\"noreferrer noopener\"><img loading=\"lazy\" decoding=\"async\" width=\"300\" height=\"200\" src=\"https:\/\/archeoparkvsestary.cz\/wp-content\/uploads\/2023\/07\/logo-vitaltech-300x200.jpg\" alt=\"\" class=\"wp-image-1061\" style=\"width:225px;height:150px\" srcset=\"http:\/\/archeoparkvsestary.cz\/wp-content\/uploads\/2023\/07\/logo-vitaltech-300x200.jpg 300w, http:\/\/archeoparkvsestary.cz\/wp-content\/uploads\/2023\/07\/logo-vitaltech.jpg 600w\" sizes=\"auto, (max-width: 300px) 100vw, 300px\" \/><\/a><\/figure>\n<\/div>\n\n<div class=\"wp-block-image\">\n<figure class=\"alignleft size-medium is-resized\"><a href=\"https:\/\/www.mestske-lesy.cz\/\" target=\"_blank\" rel=\"noreferrer noopener\"><img loading=\"lazy\" decoding=\"async\" width=\"300\" height=\"200\" src=\"https:\/\/archeoparkvsestary.cz\/wp-content\/uploads\/2023\/03\/logo-mestske-lesy-hk-300x200.jpg\" alt=\"\" class=\"wp-image-518\" style=\"width:225px;height:150px\" srcset=\"http:\/\/archeoparkvsestary.cz\/wp-content\/uploads\/2023\/03\/logo-mestske-lesy-hk-300x200.jpg 300w, http:\/\/archeoparkvsestary.cz\/wp-content\/uploads\/2023\/03\/logo-mestske-lesy-hk-120x80.jpg 120w, http:\/\/archeoparkvsestary.cz\/wp-content\/uploads\/2023\/03\/logo-mestske-lesy-hk.jpg 600w\" sizes=\"auto, (max-width: 300px) 100vw, 300px\" \/><\/a><\/figure>\n<\/div>\n\n<div class=\"wp-block-image\">\n<figure class=\"alignleft size-medium is-resized\"><a href=\"https:\/\/www.vsestary-obec.cz\/\" target=\"_blank\" rel=\"noreferrer noopener\"><img loading=\"lazy\" decoding=\"async\" width=\"300\" height=\"200\" src=\"https:\/\/archeoparkvsestary.cz\/wp-content\/uploads\/2023\/03\/logo-obec-vsestary-300x200.jpg\" alt=\"\" class=\"wp-image-520\" style=\"width:225px;height:150px\" srcset=\"http:\/\/archeoparkvsestary.cz\/wp-content\/uploads\/2023\/03\/logo-obec-vsestary-300x200.jpg 300w, http:\/\/archeoparkvsestary.cz\/wp-content\/uploads\/2023\/03\/logo-obec-vsestary-120x80.jpg 120w, http:\/\/archeoparkvsestary.cz\/wp-content\/uploads\/2023\/03\/logo-obec-vsestary.jpg 600w\" sizes=\"auto, (max-width: 300px) 100vw, 300px\" \/><\/a><\/figure>\n<\/div>\n\n<div class=\"wp-block-image\">\n<figure class=\"alignleft size-medium is-resized\"><a href=\"https:\/\/www.muzeumhk.cz\/\" target=\"_blank\" rel=\"noreferrer noopener\"><img loading=\"lazy\" decoding=\"async\" width=\"300\" height=\"200\" src=\"https:\/\/archeoparkvsestary.cz\/wp-content\/uploads\/2023\/03\/logo-muzeum-vc-300x200.jpg\" alt=\"\" class=\"wp-image-519\" style=\"width:225px;height:150px\" srcset=\"http:\/\/archeoparkvsestary.cz\/wp-content\/uploads\/2023\/03\/logo-muzeum-vc-300x200.jpg 300w, http:\/\/archeoparkvsestary.cz\/wp-content\/uploads\/2023\/03\/logo-muzeum-vc-120x80.jpg 120w, http:\/\/archeoparkvsestary.cz\/wp-content\/uploads\/2023\/03\/logo-muzeum-vc.jpg 600w\" sizes=\"auto, (max-width: 300px) 100vw, 300px\" \/><\/a><\/figure>\n<\/div>\n\n<div class=\"wp-block-image\">\n<figure class=\"alignleft size-medium is-resized\"><a href=\"https:\/\/hradec.rozhlas.cz\/\" target=\"_blank\" rel=\"noreferrer noopener\"><img loading=\"lazy\" decoding=\"async\" width=\"300\" height=\"200\" src=\"https:\/\/archeoparkvsestary.cz\/wp-content\/uploads\/2023\/03\/logo-cro-hk-3-300x200.jpg\" alt=\"\" class=\"wp-image-532\" style=\"width:225px;height:150px\" srcset=\"http:\/\/archeoparkvsestary.cz\/wp-content\/uploads\/2023\/03\/logo-cro-hk-3-300x200.jpg 300w, http:\/\/archeoparkvsestary.cz\/wp-content\/uploads\/2023\/03\/logo-cro-hk-3-120x80.jpg 120w, http:\/\/archeoparkvsestary.cz\/wp-content\/uploads\/2023\/03\/logo-cro-hk-3.jpg 600w\" sizes=\"auto, (max-width: 300px) 100vw, 300px\" \/><\/a><\/figure>\n<\/div>\n\n<div class=\"wp-block-image\">\n<figure class=\"alignleft size-medium is-resized\"><a href=\"https:\/\/lslany.cz\/\" target=\"_blank\" rel=\"noreferrer noopener\"><img loading=\"lazy\" decoding=\"async\" width=\"300\" height=\"200\" src=\"http:\/\/archeoparkvsestary.cz\/wp-content\/uploads\/2024\/10\/logo-lesni-sprava-lany-300x200.jpg\" alt=\"\" class=\"wp-image-1768\" style=\"width:225px;height:auto\" srcset=\"http:\/\/archeoparkvsestary.cz\/wp-content\/uploads\/2024\/10\/logo-lesni-sprava-lany-300x200.jpg 300w, http:\/\/archeoparkvsestary.cz\/wp-content\/uploads\/2024\/10\/logo-lesni-sprava-lany.jpg 600w\" sizes=\"auto, (max-width: 300px) 100vw, 300px\" \/><\/a><\/figure>\n<\/div>\n\n<div class=\"wp-block-image\">\n<figure class=\"alignleft size-medium is-resized\"><a href=\"https:\/\/www.hradecko.eu\/\" target=\"_blank\" rel=\"noreferrer noopener\"><img loading=\"lazy\" decoding=\"async\" width=\"300\" height=\"200\" src=\"https:\/\/archeoparkvsestary.cz\/wp-content\/uploads\/2023\/03\/logo-hradecko-300x200.jpg\" alt=\"\" class=\"wp-image-515\" style=\"width:225px;height:auto\" srcset=\"http:\/\/archeoparkvsestary.cz\/wp-content\/uploads\/2023\/03\/logo-hradecko-300x200.jpg 300w, http:\/\/archeoparkvsestary.cz\/wp-content\/uploads\/2023\/03\/logo-hradecko-120x80.jpg 120w, http:\/\/archeoparkvsestary.cz\/wp-content\/uploads\/2023\/03\/logo-hradecko.jpg 600w\" sizes=\"auto, (max-width: 300px) 100vw, 300px\" \/><\/a><\/figure>\n<\/div>\n\n<div class=\"wp-block-image\">\n<figure class=\"alignleft size-medium is-resized\"><a href=\"https:\/\/www.kudyznudy.cz\/\" target=\"_blank\" rel=\"noreferrer noopener\"><img loading=\"lazy\" decoding=\"async\" width=\"300\" height=\"200\" src=\"https:\/\/archeoparkvsestary.cz\/wp-content\/uploads\/2023\/03\/logo-kudy-z-nudy-300x200.jpg\" alt=\"\" class=\"wp-image-517\" style=\"width:225px;height:150px\" srcset=\"http:\/\/archeoparkvsestary.cz\/wp-content\/uploads\/2023\/03\/logo-kudy-z-nudy-300x200.jpg 300w, http:\/\/archeoparkvsestary.cz\/wp-content\/uploads\/2023\/03\/logo-kudy-z-nudy-120x80.jpg 120w, http:\/\/archeoparkvsestary.cz\/wp-content\/uploads\/2023\/03\/logo-kudy-z-nudy.jpg 600w\" sizes=\"auto, (max-width: 300px) 100vw, 300px\" \/><\/a><\/figure>\n<\/div>\n\n<div class=\"wp-block-image\">\n<figure class=\"alignleft size-medium is-resized\"><a href=\"https:\/\/www.kokam.cz\/\" target=\"_blank\" rel=\"noreferrer noopener\"><img loading=\"lazy\" decoding=\"async\" width=\"300\" height=\"200\" src=\"http:\/\/archeoparkvsestary.cz\/wp-content\/uploads\/2024\/10\/kokam-300x200.jpg\" alt=\"\" class=\"wp-image-1799\" style=\"width:225px;height:150px\" srcset=\"http:\/\/archeoparkvsestary.cz\/wp-content\/uploads\/2024\/10\/kokam-300x200.jpg 300w, http:\/\/archeoparkvsestary.cz\/wp-content\/uploads\/2024\/10\/kokam.jpg 600w\" sizes=\"auto, (max-width: 300px) 100vw, 300px\" \/><\/a><\/figure>\n<\/div>\n\n<div class=\"wp-block-image\">\n<figure class=\"alignleft size-medium is-resized\"><a href=\"https:\/\/www.pep-in.cz\/\" target=\"_blank\" rel=\"noreferrer noopener\"><img loading=\"lazy\" decoding=\"async\" width=\"300\" height=\"200\" src=\"https:\/\/archeoparkvsestary.cz\/wp-content\/uploads\/2023\/03\/logo-pep-in-300x200.jpg\" alt=\"\" class=\"wp-image-521\" style=\"width:225px;height:150px\" srcset=\"http:\/\/archeoparkvsestary.cz\/wp-content\/uploads\/2023\/03\/logo-pep-in-300x200.jpg 300w, http:\/\/archeoparkvsestary.cz\/wp-content\/uploads\/2023\/03\/logo-pep-in-120x80.jpg 120w, http:\/\/archeoparkvsestary.cz\/wp-content\/uploads\/2023\/03\/logo-pep-in.jpg 600w\" sizes=\"auto, (max-width: 300px) 100vw, 300px\" \/><\/a><\/figure>\n<\/div>\n\n<div class=\"wp-block-image\">\n<figure class=\"alignleft size-medium is-resized\"><a href=\"https:\/\/www.energetikajaromer.cz\/\" target=\"_blank\" rel=\"noreferrer noopener\"><img loading=\"lazy\" decoding=\"async\" width=\"300\" height=\"200\" src=\"http:\/\/archeoparkvsestary.cz\/wp-content\/uploads\/2026\/01\/energetika-jaromer-300x200.jpg\" alt=\"\" class=\"wp-image-2465\" style=\"width:225px;height:150px\" srcset=\"http:\/\/archeoparkvsestary.cz\/wp-content\/uploads\/2026\/01\/energetika-jaromer-300x200.jpg 300w, http:\/\/archeoparkvsestary.cz\/wp-content\/uploads\/2026\/01\/energetika-jaromer.jpg 600w\" sizes=\"auto, (max-width: 300px) 100vw, 300px\" \/><\/a><\/figure>\n<\/div>","protected":false},"excerpt":{"rendered":"<p>D\u011bkujeme na\u0161im partner\u016fm.<\/p>\n","protected":false},"author":1,"featured_media":0,"parent":26,"menu_order":5,"comment_status":"closed","ping_status":"closed","template":"","meta":{"_monsterinsights_skip_tracking":false,"_monsterinsights_sitenote_active":false,"_monsterinsights_sitenote_note":"","_monsterinsights_sitenote_category":0,"footnotes":""},"class_list":["post-107","page","type-page","status-publish","hentry"],"yoast_head":"<!-- This site is optimized with the Yoast SEO plugin v26.7 - https:\/\/yoast.com\/wordpress\/plugins\/seo\/ -->\n<title>Partne\u0159i - Archeopark prav\u011bku V\u0161estary<\/title>\n<meta name=\"robots\" content=\"index, follow, max-snippet:-1, max-image-preview:large, max-video-preview:-1\" \/>\n<link rel=\"canonical\" href=\"http:\/\/archeoparkvsestary.cz\/?page_id=107\" \/>\n<meta property=\"og:locale\" content=\"cs_CZ\" \/>\n<meta property=\"og:type\" content=\"article\" \/>\n<meta property=\"og:title\" content=\"Partne\u0159i - Archeopark prav\u011bku V\u0161estary\" \/>\n<meta property=\"og:description\" content=\"D\u011bkujeme na\u0161im partner\u016fm.\" \/>\n<meta property=\"og:url\" content=\"http:\/\/archeoparkvsestary.cz\/?page_id=107\" \/>\n<meta property=\"og:site_name\" content=\"Archeopark prav\u011bku V\u0161estary\" \/>\n<meta property=\"article:publisher\" content=\"https:\/\/www.facebook.com\/archeoparkvsestary\/\" \/>\n<meta property=\"article:modified_time\" content=\"2026-01-19T09:36:26+00:00\" \/>\n<meta property=\"og:image\" content=\"http:\/\/archeoparkvsestary.cz\/wp-content\/uploads\/2023\/09\/logo-kralovehradecky-kraj.jpg\" \/>\n<meta name=\"twitter:card\" content=\"summary_large_image\" \/>\n<meta name=\"twitter:label1\" content=\"Odhadovan\u00e1 doba \u010dten\u00ed\" \/>\n\t<meta name=\"twitter:data1\" content=\"3 minuty\" \/>\n<script type=\"application\/ld+json\" class=\"yoast-schema-graph\">{\"@context\":\"https:\/\/schema.org\",\"@graph\":[{\"@type\":\"WebPage\",\"@id\":\"http:\/\/archeoparkvsestary.cz\/?page_id=107\",\"url\":\"http:\/\/archeoparkvsestary.cz\/?page_id=107\",\"name\":\"Partne\u0159i - Archeopark prav\u011bku V\u0161estary\",\"isPartOf\":{\"@id\":\"https:\/\/archeoparkvsestary.cz\/#website\"},\"primaryImageOfPage\":{\"@id\":\"http:\/\/archeoparkvsestary.cz\/?page_id=107#primaryimage\"},\"image\":{\"@id\":\"http:\/\/archeoparkvsestary.cz\/?page_id=107#primaryimage\"},\"thumbnailUrl\":\"http:\/\/archeoparkvsestary.cz\/wp-content\/uploads\/2023\/09\/logo-kralovehradecky-kraj.jpg\",\"datePublished\":\"2023-03-27T12:13:31+00:00\",\"dateModified\":\"2026-01-19T09:36:26+00:00\",\"breadcrumb\":{\"@id\":\"http:\/\/archeoparkvsestary.cz\/?page_id=107#breadcrumb\"},\"inLanguage\":\"cs\",\"potentialAction\":[{\"@type\":\"ReadAction\",\"target\":[\"http:\/\/archeoparkvsestary.cz\/?page_id=107\"]}]},{\"@type\":\"ImageObject\",\"inLanguage\":\"cs\",\"@id\":\"http:\/\/archeoparkvsestary.cz\/?page_id=107#primaryimage\",\"url\":\"http:\/\/archeoparkvsestary.cz\/wp-content\/uploads\/2023\/09\/logo-kralovehradecky-kraj.jpg\",\"contentUrl\":\"http:\/\/archeoparkvsestary.cz\/wp-content\/uploads\/2023\/09\/logo-kralovehradecky-kraj.jpg\"},{\"@type\":\"BreadcrumbList\",\"@id\":\"http:\/\/archeoparkvsestary.cz\/?page_id=107#breadcrumb\",\"itemListElement\":[{\"@type\":\"ListItem\",\"position\":1,\"name\":\"Home\",\"item\":\"https:\/\/archeoparkvsestary.cz\/\"},{\"@type\":\"ListItem\",\"position\":2,\"name\":\"Archeopark\",\"item\":\"http:\/\/archeoparkvsestary.cz\/?page_id=26\"},{\"@type\":\"ListItem\",\"position\":3,\"name\":\"Partne\u0159i\"}]},{\"@type\":\"WebSite\",\"@id\":\"https:\/\/archeoparkvsestary.cz\/#website\",\"url\":\"https:\/\/archeoparkvsestary.cz\/\",\"name\":\"Archeopark prav\u011bku V\u0161estary\",\"description\":\"Archeopark prav\u011bku V\u0161estary\",\"publisher\":{\"@id\":\"https:\/\/archeoparkvsestary.cz\/#organization\"},\"potentialAction\":[{\"@type\":\"SearchAction\",\"target\":{\"@type\":\"EntryPoint\",\"urlTemplate\":\"https:\/\/archeoparkvsestary.cz\/?s={search_term_string}\"},\"query-input\":{\"@type\":\"PropertyValueSpecification\",\"valueRequired\":true,\"valueName\":\"search_term_string\"}}],\"inLanguage\":\"cs\"},{\"@type\":\"Organization\",\"@id\":\"https:\/\/archeoparkvsestary.cz\/#organization\",\"name\":\"Archeopark prav\u011bku V\u0161estary\",\"url\":\"https:\/\/archeoparkvsestary.cz\/\",\"logo\":{\"@type\":\"ImageObject\",\"inLanguage\":\"cs\",\"@id\":\"https:\/\/archeoparkvsestary.cz\/#\/schema\/logo\/image\/\",\"url\":\"https:\/\/archeoparkvsestary.cz\/wp-content\/uploads\/2023\/03\/logo_archeopark_nadoba.jpg\",\"contentUrl\":\"https:\/\/archeoparkvsestary.cz\/wp-content\/uploads\/2023\/03\/logo_archeopark_nadoba.jpg\",\"width\":300,\"height\":279,\"caption\":\"Archeopark prav\u011bku V\u0161estary\"},\"image\":{\"@id\":\"https:\/\/archeoparkvsestary.cz\/#\/schema\/logo\/image\/\"},\"sameAs\":[\"https:\/\/www.facebook.com\/archeoparkvsestary\/\"]}]}<\/script>\n<!-- \/ Yoast SEO plugin. -->","yoast_head_json":{"title":"Partne\u0159i - Archeopark prav\u011bku V\u0161estary","robots":{"index":"index","follow":"follow","max-snippet":"max-snippet:-1","max-image-preview":"max-image-preview:large","max-video-preview":"max-video-preview:-1"},"canonical":"http:\/\/archeoparkvsestary.cz\/?page_id=107","og_locale":"cs_CZ","og_type":"article","og_title":"Partne\u0159i - Archeopark prav\u011bku V\u0161estary","og_description":"D\u011bkujeme na\u0161im partner\u016fm.","og_url":"http:\/\/archeoparkvsestary.cz\/?page_id=107","og_site_name":"Archeopark prav\u011bku V\u0161estary","article_publisher":"https:\/\/www.facebook.com\/archeoparkvsestary\/","article_modified_time":"2026-01-19T09:36:26+00:00","og_image":[{"url":"http:\/\/archeoparkvsestary.cz\/wp-content\/uploads\/2023\/09\/logo-kralovehradecky-kraj.jpg","type":"","width":"","height":""}],"twitter_card":"summary_large_image","twitter_misc":{"Odhadovan\u00e1 doba \u010dten\u00ed":"3 minuty"},"schema":{"@context":"https:\/\/schema.org","@graph":[{"@type":"WebPage","@id":"http:\/\/archeoparkvsestary.cz\/?page_id=107","url":"http:\/\/archeoparkvsestary.cz\/?page_id=107","name":"Partne\u0159i - Archeopark prav\u011bku V\u0161estary","isPartOf":{"@id":"https:\/\/archeoparkvsestary.cz\/#website"},"primaryImageOfPage":{"@id":"http:\/\/archeoparkvsestary.cz\/?page_id=107#primaryimage"},"image":{"@id":"http:\/\/archeoparkvsestary.cz\/?page_id=107#primaryimage"},"thumbnailUrl":"http:\/\/archeoparkvsestary.cz\/wp-content\/uploads\/2023\/09\/logo-kralovehradecky-kraj.jpg","datePublished":"2023-03-27T12:13:31+00:00","dateModified":"2026-01-19T09:36:26+00:00","breadcrumb":{"@id":"http:\/\/archeoparkvsestary.cz\/?page_id=107#breadcrumb"},"inLanguage":"cs","potentialAction":[{"@type":"ReadAction","target":["http:\/\/archeoparkvsestary.cz\/?page_id=107"]}]},{"@type":"ImageObject","inLanguage":"cs","@id":"http:\/\/archeoparkvsestary.cz\/?page_id=107#primaryimage","url":"http:\/\/archeoparkvsestary.cz\/wp-content\/uploads\/2023\/09\/logo-kralovehradecky-kraj.jpg","contentUrl":"http:\/\/archeoparkvsestary.cz\/wp-content\/uploads\/2023\/09\/logo-kralovehradecky-kraj.jpg"},{"@type":"BreadcrumbList","@id":"http:\/\/archeoparkvsestary.cz\/?page_id=107#breadcrumb","itemListElement":[{"@type":"ListItem","position":1,"name":"Home","item":"https:\/\/archeoparkvsestary.cz\/"},{"@type":"ListItem","position":2,"name":"Archeopark","item":"http:\/\/archeoparkvsestary.cz\/?page_id=26"},{"@type":"ListItem","position":3,"name":"Partne\u0159i"}]},{"@type":"WebSite","@id":"https:\/\/archeoparkvsestary.cz\/#website","url":"https:\/\/archeoparkvsestary.cz\/","name":"Archeopark prav\u011bku V\u0161estary","description":"Archeopark prav\u011bku V\u0161estary","publisher":{"@id":"https:\/\/archeoparkvsestary.cz\/#organization"},"potentialAction":[{"@type":"SearchAction","target":{"@type":"EntryPoint","urlTemplate":"https:\/\/archeoparkvsestary.cz\/?s={search_term_string}"},"query-input":{"@type":"PropertyValueSpecification","valueRequired":true,"valueName":"search_term_string"}}],"inLanguage":"cs"},{"@type":"Organization","@id":"https:\/\/archeoparkvsestary.cz\/#organization","name":"Archeopark prav\u011bku V\u0161estary","url":"https:\/\/archeoparkvsestary.cz\/","logo":{"@type":"ImageObject","inLanguage":"cs","@id":"https:\/\/archeoparkvsestary.cz\/#\/schema\/logo\/image\/","url":"https:\/\/archeoparkvsestary.cz\/wp-content\/uploads\/2023\/03\/logo_archeopark_nadoba.jpg","contentUrl":"https:\/\/archeoparkvsestary.cz\/wp-content\/uploads\/2023\/03\/logo_archeopark_nadoba.jpg","width":300,"height":279,"caption":"Archeopark prav\u011bku V\u0161estary"},"image":{"@id":"https:\/\/archeoparkvsestary.cz\/#\/schema\/logo\/image\/"},"sameAs":["https:\/\/www.facebook.com\/archeoparkvsestary\/"]}]}},"_links":{"self":[{"href":"http:\/\/archeoparkvsestary.cz\/index.php?rest_route=\/wp\/v2\/pages\/107","targetHints":{"allow":["GET"]}}],"collection":[{"href":"http:\/\/archeoparkvsestary.cz\/index.php?rest_route=\/wp\/v2\/pages"}],"about":[{"href":"http:\/\/archeoparkvsestary.cz\/index.php?rest_route=\/wp\/v2\/types\/page"}],"author":[{"embeddable":true,"href":"http:\/\/archeoparkvsestary.cz\/index.php?rest_route=\/wp\/v2\/users\/1"}],"replies":[{"embeddable":true,"href":"http:\/\/archeoparkvsestary.cz\/index.php?rest_route=%2Fwp%2Fv2%2Fcomments&post=107"}],"version-history":[{"count":5,"href":"http:\/\/archeoparkvsestary.cz\/index.php?rest_route=\/wp\/v2\/pages\/107\/revisions"}],"predecessor-version":[{"id":2467,"href":"http:\/\/archeoparkvsestary.cz\/index.php?rest_route=\/wp\/v2\/pages\/107\/revisions\/2467"}],"up":[{"embeddable":true,"href":"http:\/\/archeoparkvsestary.cz\/index.php?rest_route=\/wp\/v2\/pages\/26"}],"wp:attachment":[{"href":"http:\/\/archeoparkvsestary.cz\/index.php?rest_route=%2Fwp%2Fv2%2Fmedia&parent=107"}],"curies":[{"name":"wp","href":"https:\/\/api.w.org\/{rel}","templated":true}]}}