{"id":1931,"date":"2025-02-12T13:58:52","date_gmt":"2025-02-12T12:58:52","guid":{"rendered":"https:\/\/archeoparkvsestary.cz\/?page_id=1931"},"modified":"2025-02-12T14:46:25","modified_gmt":"2025-02-12T13:46:25","slug":"prohlidky","status":"publish","type":"page","link":"http:\/\/archeoparkvsestary.cz\/?page_id=1931","title":{"rendered":"Prohl\u00eddky"},"content":{"rendered":"\n<div class=\"wp-block-buttons is-content-justification-center is-layout-flex wp-container-core-buttons-is-layout-a89b3969 wp-block-buttons-is-layout-flex\">\n<div class=\"wp-block-button has-custom-width wp-block-button__width-50 has-custom-font-size is-style-fill has-medium-font-size\"><a class=\"wp-block-button__link has-black-color has-text-color has-background wp-element-button\" href=\"https:\/\/archeoparkvsestary.cz\/?page_id=116\" style=\"background-color:#ddcdad\"><strong>Individu\u00e1ln\u00ed prohl\u00eddky<\/strong><\/a><\/div>\n<\/div>\n\n\n\n<div style=\"height:20px\" aria-hidden=\"true\" class=\"wp-block-spacer\"><\/div>\n\n\n\n<div class=\"wp-block-buttons is-content-justification-center is-layout-flex wp-container-core-buttons-is-layout-a89b3969 wp-block-buttons-is-layout-flex\">\n<div class=\"wp-block-button has-custom-width wp-block-button__width-50 has-custom-font-size is-style-fill has-medium-font-size\"><a class=\"wp-block-button__link has-black-color has-text-color has-background wp-element-button\" href=\"https:\/\/archeoparkvsestary.cz\/?page_id=1912\" style=\"background-color:#ddcdad\"><strong>Skupinov\u00e9 prohl\u00eddky<\/strong><\/a><\/div>\n<\/div>\n\n\n\n<div style=\"height:20px\" aria-hidden=\"true\" class=\"wp-block-spacer\"><\/div>\n\n\n\n<div class=\"wp-block-buttons is-content-justification-center is-layout-flex wp-container-core-buttons-is-layout-a89b3969 wp-block-buttons-is-layout-flex\">\n<div class=\"wp-block-button has-custom-width wp-block-button__width-50 has-custom-font-size is-style-fill has-medium-font-size\"><a class=\"wp-block-button__link has-black-color has-text-color has-background wp-element-button\" href=\"https:\/\/archeoparkvsestary.cz\/?page_id=1917\" style=\"background-color:#ddcdad\"><strong>Prohl\u00eddky pro d\u011btsk\u00e9 skupiny<\/strong><\/a><\/div>\n<\/div>\n\n\n\n<p><\/p>\n","protected":false},"excerpt":{"rendered":"","protected":false},"author":1,"featured_media":0,"parent":31,"menu_order":3,"comment_status":"closed","ping_status":"closed","template":"","meta":{"_monsterinsights_skip_tracking":false,"_monsterinsights_sitenote_active":false,"_monsterinsights_sitenote_note":"","_monsterinsights_sitenote_category":0,"footnotes":""},"class_list":["post-1931","page","type-page","status-publish","hentry"],"yoast_head":"<!-- This site is optimized with the Yoast SEO plugin v26.7 - https:\/\/yoast.com\/wordpress\/plugins\/seo\/ -->\n<title>Prohl\u00eddky - Archeopark prav\u011bku V\u0161estary<\/title>\n<meta name=\"robots\" content=\"index, follow, max-snippet:-1, max-image-preview:large, max-video-preview:-1\" \/>\n<link rel=\"canonical\" href=\"http:\/\/archeoparkvsestary.cz\/?page_id=1931\" \/>\n<meta property=\"og:locale\" content=\"cs_CZ\" \/>\n<meta property=\"og:type\" content=\"article\" \/>\n<meta property=\"og:title\" content=\"Prohl\u00eddky - Archeopark prav\u011bku V\u0161estary\" \/>\n<meta property=\"og:url\" content=\"http:\/\/archeoparkvsestary.cz\/?page_id=1931\" \/>\n<meta property=\"og:site_name\" content=\"Archeopark prav\u011bku V\u0161estary\" \/>\n<meta property=\"article:publisher\" content=\"https:\/\/www.facebook.com\/archeoparkvsestary\/\" \/>\n<meta property=\"article:modified_time\" content=\"2025-02-12T13:46:25+00:00\" \/>\n<meta name=\"twitter:card\" content=\"summary_large_image\" \/>\n<meta name=\"twitter:label1\" content=\"Odhadovan\u00e1 doba \u010dten\u00ed\" \/>\n\t<meta name=\"twitter:data1\" content=\"1 minuta\" \/>\n<script type=\"application\/ld+json\" class=\"yoast-schema-graph\">{\"@context\":\"https:\/\/schema.org\",\"@graph\":[{\"@type\":\"WebPage\",\"@id\":\"http:\/\/archeoparkvsestary.cz\/?page_id=1931\",\"url\":\"http:\/\/archeoparkvsestary.cz\/?page_id=1931\",\"name\":\"Prohl\u00eddky - Archeopark prav\u011bku V\u0161estary\",\"isPartOf\":{\"@id\":\"https:\/\/archeoparkvsestary.cz\/#website\"},\"datePublished\":\"2025-02-12T12:58:52+00:00\",\"dateModified\":\"2025-02-12T13:46:25+00:00\",\"breadcrumb\":{\"@id\":\"http:\/\/archeoparkvsestary.cz\/?page_id=1931#breadcrumb\"},\"inLanguage\":\"cs\",\"potentialAction\":[{\"@type\":\"ReadAction\",\"target\":[\"http:\/\/archeoparkvsestary.cz\/?page_id=1931\"]}]},{\"@type\":\"BreadcrumbList\",\"@id\":\"http:\/\/archeoparkvsestary.cz\/?page_id=1931#breadcrumb\",\"itemListElement\":[{\"@type\":\"ListItem\",\"position\":1,\"name\":\"Home\",\"item\":\"https:\/\/archeoparkvsestary.cz\/\"},{\"@type\":\"ListItem\",\"position\":2,\"name\":\"Pro n\u00e1v\u0161t\u011bvn\u00edky\",\"item\":\"http:\/\/archeoparkvsestary.cz\/?page_id=31\"},{\"@type\":\"ListItem\",\"position\":3,\"name\":\"Prohl\u00eddky\"}]},{\"@type\":\"WebSite\",\"@id\":\"https:\/\/archeoparkvsestary.cz\/#website\",\"url\":\"https:\/\/archeoparkvsestary.cz\/\",\"name\":\"Archeopark prav\u011bku V\u0161estary\",\"description\":\"Archeopark prav\u011bku V\u0161estary\",\"publisher\":{\"@id\":\"https:\/\/archeoparkvsestary.cz\/#organization\"},\"potentialAction\":[{\"@type\":\"SearchAction\",\"target\":{\"@type\":\"EntryPoint\",\"urlTemplate\":\"https:\/\/archeoparkvsestary.cz\/?s={search_term_string}\"},\"query-input\":{\"@type\":\"PropertyValueSpecification\",\"valueRequired\":true,\"valueName\":\"search_term_string\"}}],\"inLanguage\":\"cs\"},{\"@type\":\"Organization\",\"@id\":\"https:\/\/archeoparkvsestary.cz\/#organization\",\"name\":\"Archeopark prav\u011bku V\u0161estary\",\"url\":\"https:\/\/archeoparkvsestary.cz\/\",\"logo\":{\"@type\":\"ImageObject\",\"inLanguage\":\"cs\",\"@id\":\"https:\/\/archeoparkvsestary.cz\/#\/schema\/logo\/image\/\",\"url\":\"https:\/\/archeoparkvsestary.cz\/wp-content\/uploads\/2023\/03\/logo_archeopark_nadoba.jpg\",\"contentUrl\":\"https:\/\/archeoparkvsestary.cz\/wp-content\/uploads\/2023\/03\/logo_archeopark_nadoba.jpg\",\"width\":300,\"height\":279,\"caption\":\"Archeopark prav\u011bku V\u0161estary\"},\"image\":{\"@id\":\"https:\/\/archeoparkvsestary.cz\/#\/schema\/logo\/image\/\"},\"sameAs\":[\"https:\/\/www.facebook.com\/archeoparkvsestary\/\"]}]}<\/script>\n<!-- \/ Yoast SEO plugin. -->","yoast_head_json":{"title":"Prohl\u00eddky - Archeopark prav\u011bku V\u0161estary","robots":{"index":"index","follow":"follow","max-snippet":"max-snippet:-1","max-image-preview":"max-image-preview:large","max-video-preview":"max-video-preview:-1"},"canonical":"http:\/\/archeoparkvsestary.cz\/?page_id=1931","og_locale":"cs_CZ","og_type":"article","og_title":"Prohl\u00eddky - Archeopark prav\u011bku V\u0161estary","og_url":"http:\/\/archeoparkvsestary.cz\/?page_id=1931","og_site_name":"Archeopark prav\u011bku V\u0161estary","article_publisher":"https:\/\/www.facebook.com\/archeoparkvsestary\/","article_modified_time":"2025-02-12T13:46:25+00:00","twitter_card":"summary_large_image","twitter_misc":{"Odhadovan\u00e1 doba \u010dten\u00ed":"1 minuta"},"schema":{"@context":"https:\/\/schema.org","@graph":[{"@type":"WebPage","@id":"http:\/\/archeoparkvsestary.cz\/?page_id=1931","url":"http:\/\/archeoparkvsestary.cz\/?page_id=1931","name":"Prohl\u00eddky - Archeopark prav\u011bku V\u0161estary","isPartOf":{"@id":"https:\/\/archeoparkvsestary.cz\/#website"},"datePublished":"2025-02-12T12:58:52+00:00","dateModified":"2025-02-12T13:46:25+00:00","breadcrumb":{"@id":"http:\/\/archeoparkvsestary.cz\/?page_id=1931#breadcrumb"},"inLanguage":"cs","potentialAction":[{"@type":"ReadAction","target":["http:\/\/archeoparkvsestary.cz\/?page_id=1931"]}]},{"@type":"BreadcrumbList","@id":"http:\/\/archeoparkvsestary.cz\/?page_id=1931#breadcrumb","itemListElement":[{"@type":"ListItem","position":1,"name":"Home","item":"https:\/\/archeoparkvsestary.cz\/"},{"@type":"ListItem","position":2,"name":"Pro n\u00e1v\u0161t\u011bvn\u00edky","item":"http:\/\/archeoparkvsestary.cz\/?page_id=31"},{"@type":"ListItem","position":3,"name":"Prohl\u00eddky"}]},{"@type":"WebSite","@id":"https:\/\/archeoparkvsestary.cz\/#website","url":"https:\/\/archeoparkvsestary.cz\/","name":"Archeopark prav\u011bku V\u0161estary","description":"Archeopark prav\u011bku V\u0161estary","publisher":{"@id":"https:\/\/archeoparkvsestary.cz\/#organization"},"potentialAction":[{"@type":"SearchAction","target":{"@type":"EntryPoint","urlTemplate":"https:\/\/archeoparkvsestary.cz\/?s={search_term_string}"},"query-input":{"@type":"PropertyValueSpecification","valueRequired":true,"valueName":"search_term_string"}}],"inLanguage":"cs"},{"@type":"Organization","@id":"https:\/\/archeoparkvsestary.cz\/#organization","name":"Archeopark prav\u011bku V\u0161estary","url":"https:\/\/archeoparkvsestary.cz\/","logo":{"@type":"ImageObject","inLanguage":"cs","@id":"https:\/\/archeoparkvsestary.cz\/#\/schema\/logo\/image\/","url":"https:\/\/archeoparkvsestary.cz\/wp-content\/uploads\/2023\/03\/logo_archeopark_nadoba.jpg","contentUrl":"https:\/\/archeoparkvsestary.cz\/wp-content\/uploads\/2023\/03\/logo_archeopark_nadoba.jpg","width":300,"height":279,"caption":"Archeopark prav\u011bku V\u0161estary"},"image":{"@id":"https:\/\/archeoparkvsestary.cz\/#\/schema\/logo\/image\/"},"sameAs":["https:\/\/www.facebook.com\/archeoparkvsestary\/"]}]}},"_links":{"self":[{"href":"http:\/\/archeoparkvsestary.cz\/index.php?rest_route=\/wp\/v2\/pages\/1931","targetHints":{"allow":["GET"]}}],"collection":[{"href":"http:\/\/archeoparkvsestary.cz\/index.php?rest_route=\/wp\/v2\/pages"}],"about":[{"href":"http:\/\/archeoparkvsestary.cz\/index.php?rest_route=\/wp\/v2\/types\/page"}],"author":[{"embeddable":true,"href":"http:\/\/archeoparkvsestary.cz\/index.php?rest_route=\/wp\/v2\/users\/1"}],"replies":[{"embeddable":true,"href":"http:\/\/archeoparkvsestary.cz\/index.php?rest_route=%2Fwp%2Fv2%2Fcomments&post=1931"}],"version-history":[{"count":2,"href":"http:\/\/archeoparkvsestary.cz\/index.php?rest_route=\/wp\/v2\/pages\/1931\/revisions"}],"predecessor-version":[{"id":1933,"href":"http:\/\/archeoparkvsestary.cz\/index.php?rest_route=\/wp\/v2\/pages\/1931\/revisions\/1933"}],"up":[{"embeddable":true,"href":"http:\/\/archeoparkvsestary.cz\/index.php?rest_route=\/wp\/v2\/pages\/31"}],"wp:attachment":[{"href":"http:\/\/archeoparkvsestary.cz\/index.php?rest_route=%2Fwp%2Fv2%2Fmedia&parent=1931"}],"curies":[{"name":"wp","href":"https:\/\/api.w.org\/{rel}","templated":true}]}}