{"id":116,"date":"2023-03-27T14:19:38","date_gmt":"2023-03-27T12:19:38","guid":{"rendered":"https:\/\/archeoparkvsestary.cz\/?page_id=116"},"modified":"2025-02-12T14:50:57","modified_gmt":"2025-02-12T13:50:57","slug":"individualni-prohlidky","status":"publish","type":"page","link":"https:\/\/archeoparkvsestary.cz\/?page_id=116","title":{"rendered":"Individu\u00e1ln\u00ed prohl\u00eddky"},"content":{"rendered":"\n<ul class=\"wp-block-list\">\n<li>expozice je vhodn\u00e1 k individu\u00e1ln\u00ed prohl\u00eddce<\/li>\n\n\n\n<li><strong> v 11:00, 13:00 a 15:00h<\/strong> (s v\u00fdjimkou Dn\u016f \u017eiv\u00e9 archeologie) prob\u00edhaj\u00ed komentovan\u00e9 prohl\u00eddky s pr\u016fvodcem<\/li>\n\n\n\n<li>konaj\u00ed se ve <strong>venkovn\u00edm are\u00e1lu<\/strong> Archeoparku a trvaj\u00ed p\u0159ibli\u017en\u011b <strong>60 minut<\/strong><\/li>\n\n\n\n<li><strong>nen\u00ed nutn\u00e9<\/strong> se objedn\u00e1vat p\u0159edem<\/li>\n\n\n\n<li>prohl\u00eddky<strong> nejsou dodate\u010dn\u011b zpoplatn\u011bny<\/strong><\/li>\n\n\n\n<li>na vy\u017e\u00e1d\u00e1n\u00ed je k zap\u016fj\u010den\u00ed ti\u0161t\u011bn\u00fd pr\u016fvodce v angli\u010dtin\u011b, n\u011bm\u010din\u011b a pol\u0161tin\u011b<\/li>\n<\/ul>\n","protected":false},"excerpt":{"rendered":"","protected":false},"author":1,"featured_media":0,"parent":1931,"menu_order":1,"comment_status":"closed","ping_status":"closed","template":"","meta":{"_monsterinsights_skip_tracking":false,"_monsterinsights_sitenote_active":false,"_monsterinsights_sitenote_note":"","_monsterinsights_sitenote_category":0,"footnotes":""},"class_list":["post-116","page","type-page","status-publish","hentry"],"yoast_head":"<!-- This site is optimized with the Yoast SEO plugin v26.7 - https:\/\/yoast.com\/wordpress\/plugins\/seo\/ -->\n<title>Individu\u00e1ln\u00ed prohl\u00eddky - Archeopark prav\u011bku V\u0161estary<\/title>\n<meta name=\"robots\" content=\"index, follow, max-snippet:-1, max-image-preview:large, max-video-preview:-1\" \/>\n<link rel=\"canonical\" href=\"https:\/\/archeoparkvsestary.cz\/?page_id=116\" \/>\n<meta property=\"og:locale\" content=\"cs_CZ\" \/>\n<meta property=\"og:type\" content=\"article\" \/>\n<meta property=\"og:title\" content=\"Individu\u00e1ln\u00ed prohl\u00eddky - Archeopark prav\u011bku V\u0161estary\" \/>\n<meta property=\"og:url\" content=\"https:\/\/archeoparkvsestary.cz\/?page_id=116\" \/>\n<meta property=\"og:site_name\" content=\"Archeopark prav\u011bku V\u0161estary\" \/>\n<meta property=\"article:publisher\" content=\"https:\/\/www.facebook.com\/archeoparkvsestary\/\" \/>\n<meta property=\"article:modified_time\" content=\"2025-02-12T13:50:57+00:00\" \/>\n<meta name=\"twitter:card\" content=\"summary_large_image\" \/>\n<meta name=\"twitter:label1\" content=\"Odhadovan\u00e1 doba \u010dten\u00ed\" \/>\n\t<meta name=\"twitter:data1\" content=\"1 minuta\" \/>\n<script type=\"application\/ld+json\" class=\"yoast-schema-graph\">{\"@context\":\"https:\/\/schema.org\",\"@graph\":[{\"@type\":\"WebPage\",\"@id\":\"https:\/\/archeoparkvsestary.cz\/?page_id=116\",\"url\":\"https:\/\/archeoparkvsestary.cz\/?page_id=116\",\"name\":\"Individu\u00e1ln\u00ed prohl\u00eddky - Archeopark prav\u011bku V\u0161estary\",\"isPartOf\":{\"@id\":\"https:\/\/archeoparkvsestary.cz\/#website\"},\"datePublished\":\"2023-03-27T12:19:38+00:00\",\"dateModified\":\"2025-02-12T13:50:57+00:00\",\"breadcrumb\":{\"@id\":\"https:\/\/archeoparkvsestary.cz\/?page_id=116#breadcrumb\"},\"inLanguage\":\"cs\",\"potentialAction\":[{\"@type\":\"ReadAction\",\"target\":[\"https:\/\/archeoparkvsestary.cz\/?page_id=116\"]}]},{\"@type\":\"BreadcrumbList\",\"@id\":\"https:\/\/archeoparkvsestary.cz\/?page_id=116#breadcrumb\",\"itemListElement\":[{\"@type\":\"ListItem\",\"position\":1,\"name\":\"Home\",\"item\":\"https:\/\/archeoparkvsestary.cz\/\"},{\"@type\":\"ListItem\",\"position\":2,\"name\":\"Pro n\u00e1v\u0161t\u011bvn\u00edky\",\"item\":\"https:\/\/archeoparkvsestary.cz\/?page_id=31\"},{\"@type\":\"ListItem\",\"position\":3,\"name\":\"Prohl\u00eddky\",\"item\":\"https:\/\/archeoparkvsestary.cz\/?page_id=1931\"},{\"@type\":\"ListItem\",\"position\":4,\"name\":\"Individu\u00e1ln\u00ed prohl\u00eddky\"}]},{\"@type\":\"WebSite\",\"@id\":\"https:\/\/archeoparkvsestary.cz\/#website\",\"url\":\"https:\/\/archeoparkvsestary.cz\/\",\"name\":\"Archeopark prav\u011bku V\u0161estary\",\"description\":\"Archeopark prav\u011bku V\u0161estary\",\"publisher\":{\"@id\":\"https:\/\/archeoparkvsestary.cz\/#organization\"},\"potentialAction\":[{\"@type\":\"SearchAction\",\"target\":{\"@type\":\"EntryPoint\",\"urlTemplate\":\"https:\/\/archeoparkvsestary.cz\/?s={search_term_string}\"},\"query-input\":{\"@type\":\"PropertyValueSpecification\",\"valueRequired\":true,\"valueName\":\"search_term_string\"}}],\"inLanguage\":\"cs\"},{\"@type\":\"Organization\",\"@id\":\"https:\/\/archeoparkvsestary.cz\/#organization\",\"name\":\"Archeopark prav\u011bku V\u0161estary\",\"url\":\"https:\/\/archeoparkvsestary.cz\/\",\"logo\":{\"@type\":\"ImageObject\",\"inLanguage\":\"cs\",\"@id\":\"https:\/\/archeoparkvsestary.cz\/#\/schema\/logo\/image\/\",\"url\":\"https:\/\/archeoparkvsestary.cz\/wp-content\/uploads\/2023\/03\/logo_archeopark_nadoba.jpg\",\"contentUrl\":\"https:\/\/archeoparkvsestary.cz\/wp-content\/uploads\/2023\/03\/logo_archeopark_nadoba.jpg\",\"width\":300,\"height\":279,\"caption\":\"Archeopark prav\u011bku V\u0161estary\"},\"image\":{\"@id\":\"https:\/\/archeoparkvsestary.cz\/#\/schema\/logo\/image\/\"},\"sameAs\":[\"https:\/\/www.facebook.com\/archeoparkvsestary\/\"]}]}<\/script>\n<!-- \/ Yoast SEO plugin. -->","yoast_head_json":{"title":"Individu\u00e1ln\u00ed prohl\u00eddky - Archeopark prav\u011bku V\u0161estary","robots":{"index":"index","follow":"follow","max-snippet":"max-snippet:-1","max-image-preview":"max-image-preview:large","max-video-preview":"max-video-preview:-1"},"canonical":"https:\/\/archeoparkvsestary.cz\/?page_id=116","og_locale":"cs_CZ","og_type":"article","og_title":"Individu\u00e1ln\u00ed prohl\u00eddky - Archeopark prav\u011bku V\u0161estary","og_url":"https:\/\/archeoparkvsestary.cz\/?page_id=116","og_site_name":"Archeopark prav\u011bku V\u0161estary","article_publisher":"https:\/\/www.facebook.com\/archeoparkvsestary\/","article_modified_time":"2025-02-12T13:50:57+00:00","twitter_card":"summary_large_image","twitter_misc":{"Odhadovan\u00e1 doba \u010dten\u00ed":"1 minuta"},"schema":{"@context":"https:\/\/schema.org","@graph":[{"@type":"WebPage","@id":"https:\/\/archeoparkvsestary.cz\/?page_id=116","url":"https:\/\/archeoparkvsestary.cz\/?page_id=116","name":"Individu\u00e1ln\u00ed prohl\u00eddky - Archeopark prav\u011bku V\u0161estary","isPartOf":{"@id":"https:\/\/archeoparkvsestary.cz\/#website"},"datePublished":"2023-03-27T12:19:38+00:00","dateModified":"2025-02-12T13:50:57+00:00","breadcrumb":{"@id":"https:\/\/archeoparkvsestary.cz\/?page_id=116#breadcrumb"},"inLanguage":"cs","potentialAction":[{"@type":"ReadAction","target":["https:\/\/archeoparkvsestary.cz\/?page_id=116"]}]},{"@type":"BreadcrumbList","@id":"https:\/\/archeoparkvsestary.cz\/?page_id=116#breadcrumb","itemListElement":[{"@type":"ListItem","position":1,"name":"Home","item":"https:\/\/archeoparkvsestary.cz\/"},{"@type":"ListItem","position":2,"name":"Pro n\u00e1v\u0161t\u011bvn\u00edky","item":"https:\/\/archeoparkvsestary.cz\/?page_id=31"},{"@type":"ListItem","position":3,"name":"Prohl\u00eddky","item":"https:\/\/archeoparkvsestary.cz\/?page_id=1931"},{"@type":"ListItem","position":4,"name":"Individu\u00e1ln\u00ed prohl\u00eddky"}]},{"@type":"WebSite","@id":"https:\/\/archeoparkvsestary.cz\/#website","url":"https:\/\/archeoparkvsestary.cz\/","name":"Archeopark prav\u011bku V\u0161estary","description":"Archeopark prav\u011bku V\u0161estary","publisher":{"@id":"https:\/\/archeoparkvsestary.cz\/#organization"},"potentialAction":[{"@type":"SearchAction","target":{"@type":"EntryPoint","urlTemplate":"https:\/\/archeoparkvsestary.cz\/?s={search_term_string}"},"query-input":{"@type":"PropertyValueSpecification","valueRequired":true,"valueName":"search_term_string"}}],"inLanguage":"cs"},{"@type":"Organization","@id":"https:\/\/archeoparkvsestary.cz\/#organization","name":"Archeopark prav\u011bku V\u0161estary","url":"https:\/\/archeoparkvsestary.cz\/","logo":{"@type":"ImageObject","inLanguage":"cs","@id":"https:\/\/archeoparkvsestary.cz\/#\/schema\/logo\/image\/","url":"https:\/\/archeoparkvsestary.cz\/wp-content\/uploads\/2023\/03\/logo_archeopark_nadoba.jpg","contentUrl":"https:\/\/archeoparkvsestary.cz\/wp-content\/uploads\/2023\/03\/logo_archeopark_nadoba.jpg","width":300,"height":279,"caption":"Archeopark prav\u011bku V\u0161estary"},"image":{"@id":"https:\/\/archeoparkvsestary.cz\/#\/schema\/logo\/image\/"},"sameAs":["https:\/\/www.facebook.com\/archeoparkvsestary\/"]}]}},"_links":{"self":[{"href":"https:\/\/archeoparkvsestary.cz\/index.php?rest_route=\/wp\/v2\/pages\/116","targetHints":{"allow":["GET"]}}],"collection":[{"href":"https:\/\/archeoparkvsestary.cz\/index.php?rest_route=\/wp\/v2\/pages"}],"about":[{"href":"https:\/\/archeoparkvsestary.cz\/index.php?rest_route=\/wp\/v2\/types\/page"}],"author":[{"embeddable":true,"href":"https:\/\/archeoparkvsestary.cz\/index.php?rest_route=\/wp\/v2\/users\/1"}],"replies":[{"embeddable":true,"href":"https:\/\/archeoparkvsestary.cz\/index.php?rest_route=%2Fwp%2Fv2%2Fcomments&post=116"}],"version-history":[{"count":5,"href":"https:\/\/archeoparkvsestary.cz\/index.php?rest_route=\/wp\/v2\/pages\/116\/revisions"}],"predecessor-version":[{"id":1938,"href":"https:\/\/archeoparkvsestary.cz\/index.php?rest_route=\/wp\/v2\/pages\/116\/revisions\/1938"}],"up":[{"embeddable":true,"href":"https:\/\/archeoparkvsestary.cz\/index.php?rest_route=\/wp\/v2\/pages\/1931"}],"wp:attachment":[{"href":"https:\/\/archeoparkvsestary.cz\/index.php?rest_route=%2Fwp%2Fv2%2Fmedia&parent=116"}],"curies":[{"name":"wp","href":"https:\/\/api.w.org\/{rel}","templated":true}]}}