{"id":1357,"date":"2023-12-08T15:03:11","date_gmt":"2023-12-08T14:03:11","guid":{"rendered":"https:\/\/archeoparkvsestary.cz\/?page_id=1357"},"modified":"2023-12-08T15:12:19","modified_gmt":"2023-12-08T14:12:19","slug":"oceneni","status":"publish","type":"page","link":"https:\/\/archeoparkvsestary.cz\/?page_id=1357","title":{"rendered":"Ocen\u011bn\u00ed"},"content":{"rendered":"\n<div class=\"wp-block-media-text alignwide is-stacked-on-mobile\" style=\"grid-template-columns:25% auto\"><figure class=\"wp-block-media-text__media\"><a href=\"http:\/\/archeoparkvsestary.cz\/wp-content\/uploads\/2023\/12\/crystal_planet_award_2020.jpg\"><img loading=\"lazy\" decoding=\"async\" width=\"630\" height=\"900\" src=\"http:\/\/archeoparkvsestary.cz\/wp-content\/uploads\/2023\/12\/crystal_planet_award_2020.jpg\" alt=\"\" class=\"wp-image-1361 size-full\" srcset=\"https:\/\/archeoparkvsestary.cz\/wp-content\/uploads\/2023\/12\/crystal_planet_award_2020.jpg 630w, https:\/\/archeoparkvsestary.cz\/wp-content\/uploads\/2023\/12\/crystal_planet_award_2020-210x300.jpg 210w\" sizes=\"auto, (max-width: 630px) 100vw, 630px\" \/><\/a><\/figure><div class=\"wp-block-media-text__content\">\n<p><\/p>\n\n\n\n<p class=\"has-text-color has-medium-font-size\" style=\"color:#e04e2d\"><strong>CRYSTAL PLANET AWARD 2020<\/strong><\/p>\n\n\n\n<p class=\"has-small-font-size\"><strong>MEZIN\u00c1RODN\u00cd FILMOV\u00dd FESTIVAL VODA MO\u0158E OCE\u00c1NY<\/strong><\/p>\n\n\n\n<p class=\"has-small-font-size\"><em>Film:<\/em> <strong>DEN DLOUH\u00dd 28.5 HODINY &#8211; EXPEDICE MONOXYLON<\/strong><\/p>\n\n\n\n<p class=\"has-small-font-size\"><em>Kategorie:<\/em> <strong>SPECI\u00c1LN\u00cd CENA<\/strong><br><br>Web: <a href=\"https:\/\/vodamoreoceany.eu\/\" target=\"_blank\" rel=\"noreferrer noopener\"><strong>https:\/\/vodamoreoceany.eu\/<\/strong><\/a><\/p>\n<\/div><\/div>\n\n\n\n<p class=\"has-text-color\" style=\"color:#ddcdad\">&#8230;&#8230;&#8230;&#8230;&#8230;&#8230;&#8230;&#8230;&#8230;&#8230;&#8230;&#8230;&#8230;&#8230;&#8230;&#8230;&#8230;&#8230;&#8230;&#8230;&#8230;&#8230;&#8230;&#8230;&#8230;&#8230;&#8230;&#8230;&#8230;&#8230;&#8230;&#8230;&#8230;&#8230;&#8230;&#8230;&#8230;&#8230;&#8230;&#8230;&#8230;&#8230;&#8230;&#8230;&#8230;&#8230;&#8230;&#8230;&#8230;&#8230;&#8230;&#8230;&#8230;&#8230;&#8230;&#8230;&#8230;&#8230;&#8230;&#8230;&#8230;&#8230;&#8230;&#8230;&#8230;&#8230;&#8230;&#8230;&#8230;&#8230;&#8230;..<\/p>\n\n\n\n<div class=\"wp-block-media-text alignwide is-stacked-on-mobile\" style=\"grid-template-columns:25% auto\"><figure class=\"wp-block-media-text__media\"><a href=\"http:\/\/archeoparkvsestary.cz\/wp-content\/uploads\/2023\/12\/zlaty_mamut_2019.jpg\"><img loading=\"lazy\" decoding=\"async\" width=\"630\" height=\"900\" src=\"http:\/\/archeoparkvsestary.cz\/wp-content\/uploads\/2023\/12\/zlaty_mamut_2019.jpg\" alt=\"\" class=\"wp-image-1359 size-full\" srcset=\"https:\/\/archeoparkvsestary.cz\/wp-content\/uploads\/2023\/12\/zlaty_mamut_2019.jpg 630w, https:\/\/archeoparkvsestary.cz\/wp-content\/uploads\/2023\/12\/zlaty_mamut_2019-210x300.jpg 210w\" sizes=\"auto, (max-width: 630px) 100vw, 630px\" \/><\/a><\/figure><div class=\"wp-block-media-text__content\">\n<p><\/p>\n\n\n\n<p class=\"has-text-color has-medium-font-size\" style=\"color:#e04e2d\"><strong><strong>ZLAT\u00dd MAMUT 2019<\/strong><\/strong><\/p>\n\n\n\n<p class=\"has-small-font-size\"><strong>CENA KARLA ABSOLONA ZA POPULARIZACI ARCHEOLOGIE<\/strong><\/p>\n\n\n\n<p class=\"has-small-font-size\"><em>Kategorie:<\/em> <strong>MUZEJN\u00cd CENA<\/strong><br><br><em>Projekt:<\/em> <strong>DVAC\u00c1T\u00dd ROK EXKURZ\u00cd \u0160KOLN\u00cdCH D\u011aT\u00cd V ARCHEOPARKU PRAV\u011aKU VE<\/strong> <strong>V\u0160ESTARECH<\/strong><\/p>\n\n\n\n<p class=\"has-small-font-size\"><em>Web:<\/em> <strong><a href=\"https:\/\/cenazlatymamut.cz\/\" target=\"_blank\" rel=\"noreferrer noopener\">https:\/\/cenazlatymamut.cz\/<\/a><\/strong><\/p>\n<\/div><\/div>\n","protected":false},"excerpt":{"rendered":"<p>CRYSTAL PLANET AWARD 2020 MEZIN\u00c1RODN\u00cd FILMOV\u00dd FESTIVAL VODA MO\u0158E OCE\u00c1NY Film: DEN DLOUH\u00dd 28.5 HODINY &#8211; EXPEDICE MONOXYLON Kategorie: SPECI\u00c1LN\u00cd CENA Web: https:\/\/vodamoreoceany.eu\/ &#8230;&#8230;&#8230;&#8230;&#8230;&#8230;&#8230;&#8230;&#8230;&#8230;&#8230;&#8230;&#8230;&#8230;&#8230;&#8230;&#8230;&#8230;&#8230;&#8230;&#8230;&#8230;&#8230;&#8230;&#8230;&#8230;&#8230;&#8230;&#8230;&#8230;&#8230;&#8230;&#8230;&#8230;&#8230;&#8230;&#8230;&#8230;&#8230;&#8230;&#8230;&#8230;&#8230;&#8230;&#8230;&#8230;&#8230;&#8230;&#8230;&#8230;&#8230;&#8230;&#8230;&#8230;&#8230;&#8230;&#8230;&#8230;&#8230;&#8230;&#8230;&#8230;&#8230;&#8230;&#8230;&#8230;&#8230;&#8230;&#8230;&#8230;&#8230;.. ZLAT\u00dd MAMUT 2019 CENA KARLA ABSOLONA ZA POPULARIZACI ARCHEOLOGIE Kategorie: MUZEJN\u00cd CENA Projekt: DVAC\u00c1T\u00dd ROK EXKURZ\u00cd \u0160KOLN\u00cdCH D\u011aT\u00cd V ARCHEOPARKU PRAV\u011aKU VE V\u0160ESTARECH Web: https:\/\/cenazlatymamut.cz\/<\/p>\n","protected":false},"author":1,"featured_media":0,"parent":0,"menu_order":3,"comment_status":"closed","ping_status":"closed","template":"","meta":{"_monsterinsights_skip_tracking":false,"_monsterinsights_sitenote_active":false,"_monsterinsights_sitenote_note":"","_monsterinsights_sitenote_category":0,"footnotes":""},"class_list":["post-1357","page","type-page","status-publish","hentry"],"yoast_head":"<!-- This site is optimized with the Yoast SEO plugin v26.7 - https:\/\/yoast.com\/wordpress\/plugins\/seo\/ -->\n<title>Ocen\u011bn\u00ed - Archeopark prav\u011bku V\u0161estary<\/title>\n<meta name=\"robots\" content=\"index, follow, max-snippet:-1, max-image-preview:large, max-video-preview:-1\" \/>\n<link rel=\"canonical\" href=\"http:\/\/archeoparkvsestary.cz\/?page_id=1357\" \/>\n<meta property=\"og:locale\" content=\"cs_CZ\" \/>\n<meta property=\"og:type\" content=\"article\" \/>\n<meta property=\"og:title\" content=\"Ocen\u011bn\u00ed - Archeopark prav\u011bku V\u0161estary\" \/>\n<meta property=\"og:description\" content=\"CRYSTAL PLANET AWARD 2020 MEZIN\u00c1RODN\u00cd FILMOV\u00dd FESTIVAL VODA MO\u0158E OCE\u00c1NY Film: DEN DLOUH\u00dd 28.5 HODINY &#8211; EXPEDICE MONOXYLON Kategorie: SPECI\u00c1LN\u00cd CENA Web: https:\/\/vodamoreoceany.eu\/ &#8230;&#8230;&#8230;&#8230;&#8230;&#8230;&#8230;&#8230;&#8230;&#8230;&#8230;&#8230;&#8230;&#8230;&#8230;&#8230;&#8230;&#8230;&#8230;&#8230;&#8230;&#8230;&#8230;&#8230;&#8230;&#8230;&#8230;&#8230;&#8230;&#8230;&#8230;&#8230;&#8230;&#8230;&#8230;&#8230;&#8230;&#8230;&#8230;&#8230;&#8230;&#8230;&#8230;&#8230;&#8230;&#8230;&#8230;&#8230;&#8230;&#8230;&#8230;&#8230;&#8230;&#8230;&#8230;&#8230;&#8230;&#8230;&#8230;&#8230;&#8230;&#8230;&#8230;&#8230;&#8230;&#8230;&#8230;&#8230;&#8230;&#8230;&#8230;.. ZLAT\u00dd MAMUT 2019 CENA KARLA ABSOLONA ZA POPULARIZACI ARCHEOLOGIE Kategorie: MUZEJN\u00cd CENA Projekt: DVAC\u00c1T\u00dd ROK EXKURZ\u00cd \u0160KOLN\u00cdCH D\u011aT\u00cd V ARCHEOPARKU PRAV\u011aKU VE V\u0160ESTARECH Web: https:\/\/cenazlatymamut.cz\/\" \/>\n<meta property=\"og:url\" content=\"http:\/\/archeoparkvsestary.cz\/?page_id=1357\" \/>\n<meta property=\"og:site_name\" content=\"Archeopark prav\u011bku V\u0161estary\" \/>\n<meta property=\"article:publisher\" content=\"https:\/\/www.facebook.com\/archeoparkvsestary\/\" \/>\n<meta property=\"article:modified_time\" content=\"2023-12-08T14:12:19+00:00\" \/>\n<meta property=\"og:image\" content=\"http:\/\/archeoparkvsestary.cz\/wp-content\/uploads\/2023\/12\/crystal_planet_award_2020.jpg\" \/>\n<meta name=\"twitter:card\" content=\"summary_large_image\" \/>\n<meta name=\"twitter:label1\" content=\"Odhadovan\u00e1 doba \u010dten\u00ed\" \/>\n\t<meta name=\"twitter:data1\" content=\"1 minuta\" \/>\n<script type=\"application\/ld+json\" class=\"yoast-schema-graph\">{\"@context\":\"https:\/\/schema.org\",\"@graph\":[{\"@type\":\"WebPage\",\"@id\":\"http:\/\/archeoparkvsestary.cz\/?page_id=1357\",\"url\":\"http:\/\/archeoparkvsestary.cz\/?page_id=1357\",\"name\":\"Ocen\u011bn\u00ed - Archeopark prav\u011bku V\u0161estary\",\"isPartOf\":{\"@id\":\"https:\/\/archeoparkvsestary.cz\/#website\"},\"primaryImageOfPage\":{\"@id\":\"http:\/\/archeoparkvsestary.cz\/?page_id=1357#primaryimage\"},\"image\":{\"@id\":\"http:\/\/archeoparkvsestary.cz\/?page_id=1357#primaryimage\"},\"thumbnailUrl\":\"http:\/\/archeoparkvsestary.cz\/wp-content\/uploads\/2023\/12\/crystal_planet_award_2020.jpg\",\"datePublished\":\"2023-12-08T14:03:11+00:00\",\"dateModified\":\"2023-12-08T14:12:19+00:00\",\"breadcrumb\":{\"@id\":\"http:\/\/archeoparkvsestary.cz\/?page_id=1357#breadcrumb\"},\"inLanguage\":\"cs\",\"potentialAction\":[{\"@type\":\"ReadAction\",\"target\":[\"http:\/\/archeoparkvsestary.cz\/?page_id=1357\"]}]},{\"@type\":\"ImageObject\",\"inLanguage\":\"cs\",\"@id\":\"http:\/\/archeoparkvsestary.cz\/?page_id=1357#primaryimage\",\"url\":\"http:\/\/archeoparkvsestary.cz\/wp-content\/uploads\/2023\/12\/crystal_planet_award_2020.jpg\",\"contentUrl\":\"http:\/\/archeoparkvsestary.cz\/wp-content\/uploads\/2023\/12\/crystal_planet_award_2020.jpg\"},{\"@type\":\"BreadcrumbList\",\"@id\":\"http:\/\/archeoparkvsestary.cz\/?page_id=1357#breadcrumb\",\"itemListElement\":[{\"@type\":\"ListItem\",\"position\":1,\"name\":\"Home\",\"item\":\"https:\/\/archeoparkvsestary.cz\/\"},{\"@type\":\"ListItem\",\"position\":2,\"name\":\"Ocen\u011bn\u00ed\"}]},{\"@type\":\"WebSite\",\"@id\":\"https:\/\/archeoparkvsestary.cz\/#website\",\"url\":\"https:\/\/archeoparkvsestary.cz\/\",\"name\":\"Archeopark prav\u011bku V\u0161estary\",\"description\":\"Archeopark prav\u011bku V\u0161estary\",\"publisher\":{\"@id\":\"https:\/\/archeoparkvsestary.cz\/#organization\"},\"potentialAction\":[{\"@type\":\"SearchAction\",\"target\":{\"@type\":\"EntryPoint\",\"urlTemplate\":\"https:\/\/archeoparkvsestary.cz\/?s={search_term_string}\"},\"query-input\":{\"@type\":\"PropertyValueSpecification\",\"valueRequired\":true,\"valueName\":\"search_term_string\"}}],\"inLanguage\":\"cs\"},{\"@type\":\"Organization\",\"@id\":\"https:\/\/archeoparkvsestary.cz\/#organization\",\"name\":\"Archeopark prav\u011bku V\u0161estary\",\"url\":\"https:\/\/archeoparkvsestary.cz\/\",\"logo\":{\"@type\":\"ImageObject\",\"inLanguage\":\"cs\",\"@id\":\"https:\/\/archeoparkvsestary.cz\/#\/schema\/logo\/image\/\",\"url\":\"https:\/\/archeoparkvsestary.cz\/wp-content\/uploads\/2023\/03\/logo_archeopark_nadoba.jpg\",\"contentUrl\":\"https:\/\/archeoparkvsestary.cz\/wp-content\/uploads\/2023\/03\/logo_archeopark_nadoba.jpg\",\"width\":300,\"height\":279,\"caption\":\"Archeopark prav\u011bku V\u0161estary\"},\"image\":{\"@id\":\"https:\/\/archeoparkvsestary.cz\/#\/schema\/logo\/image\/\"},\"sameAs\":[\"https:\/\/www.facebook.com\/archeoparkvsestary\/\"]}]}<\/script>\n<!-- \/ Yoast SEO plugin. -->","yoast_head_json":{"title":"Ocen\u011bn\u00ed - Archeopark prav\u011bku V\u0161estary","robots":{"index":"index","follow":"follow","max-snippet":"max-snippet:-1","max-image-preview":"max-image-preview:large","max-video-preview":"max-video-preview:-1"},"canonical":"http:\/\/archeoparkvsestary.cz\/?page_id=1357","og_locale":"cs_CZ","og_type":"article","og_title":"Ocen\u011bn\u00ed - Archeopark prav\u011bku V\u0161estary","og_description":"CRYSTAL PLANET AWARD 2020 MEZIN\u00c1RODN\u00cd FILMOV\u00dd FESTIVAL VODA MO\u0158E OCE\u00c1NY Film: DEN DLOUH\u00dd 28.5 HODINY &#8211; EXPEDICE MONOXYLON Kategorie: SPECI\u00c1LN\u00cd CENA Web: https:\/\/vodamoreoceany.eu\/ &#8230;&#8230;&#8230;&#8230;&#8230;&#8230;&#8230;&#8230;&#8230;&#8230;&#8230;&#8230;&#8230;&#8230;&#8230;&#8230;&#8230;&#8230;&#8230;&#8230;&#8230;&#8230;&#8230;&#8230;&#8230;&#8230;&#8230;&#8230;&#8230;&#8230;&#8230;&#8230;&#8230;&#8230;&#8230;&#8230;&#8230;&#8230;&#8230;&#8230;&#8230;&#8230;&#8230;&#8230;&#8230;&#8230;&#8230;&#8230;&#8230;&#8230;&#8230;&#8230;&#8230;&#8230;&#8230;&#8230;&#8230;&#8230;&#8230;&#8230;&#8230;&#8230;&#8230;&#8230;&#8230;&#8230;&#8230;&#8230;&#8230;&#8230;&#8230;.. ZLAT\u00dd MAMUT 2019 CENA KARLA ABSOLONA ZA POPULARIZACI ARCHEOLOGIE Kategorie: MUZEJN\u00cd CENA Projekt: DVAC\u00c1T\u00dd ROK EXKURZ\u00cd \u0160KOLN\u00cdCH D\u011aT\u00cd V ARCHEOPARKU PRAV\u011aKU VE V\u0160ESTARECH Web: https:\/\/cenazlatymamut.cz\/","og_url":"http:\/\/archeoparkvsestary.cz\/?page_id=1357","og_site_name":"Archeopark prav\u011bku V\u0161estary","article_publisher":"https:\/\/www.facebook.com\/archeoparkvsestary\/","article_modified_time":"2023-12-08T14:12:19+00:00","og_image":[{"url":"http:\/\/archeoparkvsestary.cz\/wp-content\/uploads\/2023\/12\/crystal_planet_award_2020.jpg","type":"","width":"","height":""}],"twitter_card":"summary_large_image","twitter_misc":{"Odhadovan\u00e1 doba \u010dten\u00ed":"1 minuta"},"schema":{"@context":"https:\/\/schema.org","@graph":[{"@type":"WebPage","@id":"http:\/\/archeoparkvsestary.cz\/?page_id=1357","url":"http:\/\/archeoparkvsestary.cz\/?page_id=1357","name":"Ocen\u011bn\u00ed - Archeopark prav\u011bku V\u0161estary","isPartOf":{"@id":"https:\/\/archeoparkvsestary.cz\/#website"},"primaryImageOfPage":{"@id":"http:\/\/archeoparkvsestary.cz\/?page_id=1357#primaryimage"},"image":{"@id":"http:\/\/archeoparkvsestary.cz\/?page_id=1357#primaryimage"},"thumbnailUrl":"http:\/\/archeoparkvsestary.cz\/wp-content\/uploads\/2023\/12\/crystal_planet_award_2020.jpg","datePublished":"2023-12-08T14:03:11+00:00","dateModified":"2023-12-08T14:12:19+00:00","breadcrumb":{"@id":"http:\/\/archeoparkvsestary.cz\/?page_id=1357#breadcrumb"},"inLanguage":"cs","potentialAction":[{"@type":"ReadAction","target":["http:\/\/archeoparkvsestary.cz\/?page_id=1357"]}]},{"@type":"ImageObject","inLanguage":"cs","@id":"http:\/\/archeoparkvsestary.cz\/?page_id=1357#primaryimage","url":"http:\/\/archeoparkvsestary.cz\/wp-content\/uploads\/2023\/12\/crystal_planet_award_2020.jpg","contentUrl":"http:\/\/archeoparkvsestary.cz\/wp-content\/uploads\/2023\/12\/crystal_planet_award_2020.jpg"},{"@type":"BreadcrumbList","@id":"http:\/\/archeoparkvsestary.cz\/?page_id=1357#breadcrumb","itemListElement":[{"@type":"ListItem","position":1,"name":"Home","item":"https:\/\/archeoparkvsestary.cz\/"},{"@type":"ListItem","position":2,"name":"Ocen\u011bn\u00ed"}]},{"@type":"WebSite","@id":"https:\/\/archeoparkvsestary.cz\/#website","url":"https:\/\/archeoparkvsestary.cz\/","name":"Archeopark prav\u011bku V\u0161estary","description":"Archeopark prav\u011bku V\u0161estary","publisher":{"@id":"https:\/\/archeoparkvsestary.cz\/#organization"},"potentialAction":[{"@type":"SearchAction","target":{"@type":"EntryPoint","urlTemplate":"https:\/\/archeoparkvsestary.cz\/?s={search_term_string}"},"query-input":{"@type":"PropertyValueSpecification","valueRequired":true,"valueName":"search_term_string"}}],"inLanguage":"cs"},{"@type":"Organization","@id":"https:\/\/archeoparkvsestary.cz\/#organization","name":"Archeopark prav\u011bku V\u0161estary","url":"https:\/\/archeoparkvsestary.cz\/","logo":{"@type":"ImageObject","inLanguage":"cs","@id":"https:\/\/archeoparkvsestary.cz\/#\/schema\/logo\/image\/","url":"https:\/\/archeoparkvsestary.cz\/wp-content\/uploads\/2023\/03\/logo_archeopark_nadoba.jpg","contentUrl":"https:\/\/archeoparkvsestary.cz\/wp-content\/uploads\/2023\/03\/logo_archeopark_nadoba.jpg","width":300,"height":279,"caption":"Archeopark prav\u011bku V\u0161estary"},"image":{"@id":"https:\/\/archeoparkvsestary.cz\/#\/schema\/logo\/image\/"},"sameAs":["https:\/\/www.facebook.com\/archeoparkvsestary\/"]}]}},"_links":{"self":[{"href":"https:\/\/archeoparkvsestary.cz\/index.php?rest_route=\/wp\/v2\/pages\/1357","targetHints":{"allow":["GET"]}}],"collection":[{"href":"https:\/\/archeoparkvsestary.cz\/index.php?rest_route=\/wp\/v2\/pages"}],"about":[{"href":"https:\/\/archeoparkvsestary.cz\/index.php?rest_route=\/wp\/v2\/types\/page"}],"author":[{"embeddable":true,"href":"https:\/\/archeoparkvsestary.cz\/index.php?rest_route=\/wp\/v2\/users\/1"}],"replies":[{"embeddable":true,"href":"https:\/\/archeoparkvsestary.cz\/index.php?rest_route=%2Fwp%2Fv2%2Fcomments&post=1357"}],"version-history":[{"count":5,"href":"https:\/\/archeoparkvsestary.cz\/index.php?rest_route=\/wp\/v2\/pages\/1357\/revisions"}],"predecessor-version":[{"id":1367,"href":"https:\/\/archeoparkvsestary.cz\/index.php?rest_route=\/wp\/v2\/pages\/1357\/revisions\/1367"}],"wp:attachment":[{"href":"https:\/\/archeoparkvsestary.cz\/index.php?rest_route=%2Fwp%2Fv2%2Fmedia&parent=1357"}],"curies":[{"name":"wp","href":"https:\/\/api.w.org\/{rel}","templated":true}]}}