{"id":237,"date":"2023-03-27T20:52:14","date_gmt":"2023-03-27T18:52:14","guid":{"rendered":"https:\/\/archeoparkvsestary.cz\/?page_id=237"},"modified":"2024-01-10T13:28:22","modified_gmt":"2024-01-10T12:28:22","slug":"pravek-1-vnitrni-okruh","status":"publish","type":"page","link":"https:\/\/archeoparkvsestary.cz\/?page_id=237","title":{"rendered":"Prav\u011bk 1 \u2013 vnit\u0159n\u00ed okruh"},"content":{"rendered":"\n<p><strong>Popis programu:<\/strong> Pop\u00ed\u0161eme pr\u00e1ci archeologa v&nbsp;ter\u00e9nu, v\u0161imneme si v\u00fdjime\u010dn\u00fdch archeologick\u00fdch n\u00e1lez\u016f, jak\u00fdmi jsou jeskynn\u00ed um\u011bn\u00ed paleolitu, jezern\u00ed s\u00eddli\u0161t\u011b a t\u011b\u017eebn\u00ed are\u00e1ly eneolitu, p\u0159\u00edklady poh\u0159b\u016f a depot\u016f z&nbsp;cel\u00e9ho prav\u011bku. Na modelu v&nbsp;1. pat\u0159e muzea p\u0159ibl\u00ed\u017e\u00edme prav\u011bkou krajinu a zp\u016fsoby jej\u00edho vyu\u017eit\u00ed v&nbsp;prav\u011bku na na\u0161em \u00fazem\u00ed. Sou\u010d\u00e1st\u00ed programu je expozice replik nejzn\u00e1m\u011bj\u0161\u00edch prav\u011bk\u00fdch n\u00e1lez\u016f z&nbsp;na\u0161eho \u00fazem\u00ed a videoprogram popisuj\u00edc\u00ed v\u00fdrobn\u00ed technologie prav\u011bku.<\/p>\n\n\n\n<p><strong>Vzd\u011bl\u00e1vac\u00ed oblast: <\/strong>Program navazuje a dopl\u0148uje u\u010divo obsa\u017een\u00e9 ve vzd\u011bl\u00e1vac\u00ed oblasti \u010clov\u011bk a spole\u010dnost &#8211; D\u011bjepis.<\/p>\n\n\n\n<p>Obsah i formu v\u00fdkladu v\u017edy p\u0159izp\u016fsobujeme v\u011bku \u017e\u00e1k\u016f pop\u0159. student\u016f.<\/p>\n\n\n\n<p><em>B\u011bhem programu projdeme celou vnit\u0159n\u00ed \u010d\u00e1st muzea.<\/em><\/p>\n\n\n\n<figure class=\"wp-block-gallery has-nested-images columns-default is-cropped wp-block-gallery-1 is-layout-flex wp-block-gallery-is-layout-flex\">\n<figure class=\"wp-block-image size-large is-style-rounded\"><a href=\"http:\/\/archeoparkvsestary.cz\/wp-content\/uploads\/2023\/03\/program1_1.jpg\"><img loading=\"lazy\" decoding=\"async\" width=\"1024\" height=\"768\" data-id=\"606\" src=\"https:\/\/archeoparkvsestary.cz\/wp-content\/uploads\/2023\/03\/program1_1-1024x768.jpg\" alt=\"\" class=\"wp-image-606\" srcset=\"https:\/\/archeoparkvsestary.cz\/wp-content\/uploads\/2023\/03\/program1_1-1024x768.jpg 1024w, https:\/\/archeoparkvsestary.cz\/wp-content\/uploads\/2023\/03\/program1_1-300x225.jpg 300w, https:\/\/archeoparkvsestary.cz\/wp-content\/uploads\/2023\/03\/program1_1-768x576.jpg 768w, https:\/\/archeoparkvsestary.cz\/wp-content\/uploads\/2023\/03\/program1_1-1140x855.jpg 1140w, https:\/\/archeoparkvsestary.cz\/wp-content\/uploads\/2023\/03\/program1_1.jpg 1200w\" sizes=\"auto, (max-width: 1024px) 100vw, 1024px\" \/><\/a><\/figure>\n\n\n\n<figure class=\"wp-block-image size-large is-style-rounded\"><a href=\"http:\/\/archeoparkvsestary.cz\/wp-content\/uploads\/2024\/01\/program1_2.jpg\"><img loading=\"lazy\" decoding=\"async\" width=\"1024\" height=\"768\" data-id=\"1448\" src=\"http:\/\/archeoparkvsestary.cz\/wp-content\/uploads\/2024\/01\/program1_2-1024x768.jpg\" alt=\"\" class=\"wp-image-1448\" srcset=\"https:\/\/archeoparkvsestary.cz\/wp-content\/uploads\/2024\/01\/program1_2-1024x768.jpg 1024w, https:\/\/archeoparkvsestary.cz\/wp-content\/uploads\/2024\/01\/program1_2-300x225.jpg 300w, https:\/\/archeoparkvsestary.cz\/wp-content\/uploads\/2024\/01\/program1_2-768x576.jpg 768w, https:\/\/archeoparkvsestary.cz\/wp-content\/uploads\/2024\/01\/program1_2-1140x855.jpg 1140w, https:\/\/archeoparkvsestary.cz\/wp-content\/uploads\/2024\/01\/program1_2.jpg 1200w\" sizes=\"auto, (max-width: 1024px) 100vw, 1024px\" \/><\/a><\/figure>\n\n\n\n<figure class=\"wp-block-image size-large is-style-rounded\"><a href=\"https:\/\/archeoparkvsestary.cz\/wp-content\/uploads\/2023\/03\/program1_3.jpg\"><img loading=\"lazy\" decoding=\"async\" width=\"1024\" height=\"768\" data-id=\"608\" src=\"https:\/\/archeoparkvsestary.cz\/wp-content\/uploads\/2023\/03\/program1_3-1024x768.jpg\" alt=\"\" class=\"wp-image-608\" srcset=\"https:\/\/archeoparkvsestary.cz\/wp-content\/uploads\/2023\/03\/program1_3-1024x768.jpg 1024w, https:\/\/archeoparkvsestary.cz\/wp-content\/uploads\/2023\/03\/program1_3-300x225.jpg 300w, https:\/\/archeoparkvsestary.cz\/wp-content\/uploads\/2023\/03\/program1_3-768x576.jpg 768w, https:\/\/archeoparkvsestary.cz\/wp-content\/uploads\/2023\/03\/program1_3-1140x855.jpg 1140w, https:\/\/archeoparkvsestary.cz\/wp-content\/uploads\/2023\/03\/program1_3.jpg 1200w\" sizes=\"auto, (max-width: 1024px) 100vw, 1024px\" \/><\/a><\/figure>\n<\/figure>\n","protected":false},"excerpt":{"rendered":"<p>Popis programu: Pop\u00ed\u0161eme pr\u00e1ci archeologa v&nbsp;ter\u00e9nu, v\u0161imneme si v\u00fdjime\u010dn\u00fdch archeologick\u00fdch n\u00e1lez\u016f, jak\u00fdmi jsou jeskynn\u00ed um\u011bn\u00ed paleolitu, jezern\u00ed s\u00eddli\u0161t\u011b a t\u011b\u017eebn\u00ed are\u00e1ly eneolitu, p\u0159\u00edklady poh\u0159b\u016f a depot\u016f z&nbsp;cel\u00e9ho prav\u011bku. Na modelu v&nbsp;1. pat\u0159e muzea p\u0159ibl\u00ed\u017e\u00edme prav\u011bkou krajinu a zp\u016fsoby jej\u00edho vyu\u017eit\u00ed v&nbsp;prav\u011bku na na\u0161em \u00fazem\u00ed. Sou\u010d\u00e1st\u00ed programu je expozice replik nejzn\u00e1m\u011bj\u0161\u00edch prav\u011bk\u00fdch n\u00e1lez\u016f z&nbsp;na\u0161eho \u00fazem\u00ed a videoprogram popisuj\u00edc\u00ed v\u00fdrobn\u00ed technologie prav\u011bku. Vzd\u011bl\u00e1vac\u00ed oblast: Program navazuje a dopl\u0148uje u\u010divo obsa\u017een\u00e9 ve vzd\u011bl\u00e1vac\u00ed oblasti \u010clov\u011bk a spole\u010dnost &#8211; D\u011bjepis. Obsah i formu v\u00fdkladu v\u017edy p\u0159izp\u016fsobujeme v\u011bku \u017e\u00e1k\u016f pop\u0159. student\u016f. B\u011bhem programu projdeme celou vnit\u0159n\u00ed \u010d\u00e1st muzea.<\/p>\n","protected":false},"author":1,"featured_media":0,"parent":46,"menu_order":1,"comment_status":"closed","ping_status":"closed","template":"","meta":{"_monsterinsights_skip_tracking":false,"_monsterinsights_sitenote_active":false,"_monsterinsights_sitenote_note":"","_monsterinsights_sitenote_category":0,"footnotes":""},"class_list":["post-237","page","type-page","status-publish","hentry"],"yoast_head":"<!-- This site is optimized with the Yoast SEO plugin v26.7 - https:\/\/yoast.com\/wordpress\/plugins\/seo\/ -->\n<title>Prav\u011bk 1 \u2013 vnit\u0159n\u00ed okruh - Archeopark prav\u011bku V\u0161estary<\/title>\n<meta name=\"robots\" content=\"index, follow, max-snippet:-1, max-image-preview:large, max-video-preview:-1\" \/>\n<link rel=\"canonical\" href=\"https:\/\/archeoparkvsestary.cz\/?page_id=237\" \/>\n<meta property=\"og:locale\" content=\"cs_CZ\" \/>\n<meta property=\"og:type\" content=\"article\" \/>\n<meta property=\"og:title\" content=\"Prav\u011bk 1 \u2013 vnit\u0159n\u00ed okruh - Archeopark prav\u011bku V\u0161estary\" \/>\n<meta property=\"og:description\" content=\"Popis programu: Pop\u00ed\u0161eme pr\u00e1ci archeologa v&nbsp;ter\u00e9nu, v\u0161imneme si v\u00fdjime\u010dn\u00fdch archeologick\u00fdch n\u00e1lez\u016f, jak\u00fdmi jsou jeskynn\u00ed um\u011bn\u00ed paleolitu, jezern\u00ed s\u00eddli\u0161t\u011b a t\u011b\u017eebn\u00ed are\u00e1ly eneolitu, p\u0159\u00edklady poh\u0159b\u016f a depot\u016f z&nbsp;cel\u00e9ho prav\u011bku. Na modelu v&nbsp;1. pat\u0159e muzea p\u0159ibl\u00ed\u017e\u00edme prav\u011bkou krajinu a zp\u016fsoby jej\u00edho vyu\u017eit\u00ed v&nbsp;prav\u011bku na na\u0161em \u00fazem\u00ed. Sou\u010d\u00e1st\u00ed programu je expozice replik nejzn\u00e1m\u011bj\u0161\u00edch prav\u011bk\u00fdch n\u00e1lez\u016f z&nbsp;na\u0161eho \u00fazem\u00ed a videoprogram popisuj\u00edc\u00ed v\u00fdrobn\u00ed technologie prav\u011bku. Vzd\u011bl\u00e1vac\u00ed oblast: Program navazuje a dopl\u0148uje u\u010divo obsa\u017een\u00e9 ve vzd\u011bl\u00e1vac\u00ed oblasti \u010clov\u011bk a spole\u010dnost &#8211; D\u011bjepis. Obsah i formu v\u00fdkladu v\u017edy p\u0159izp\u016fsobujeme v\u011bku \u017e\u00e1k\u016f pop\u0159. student\u016f. B\u011bhem programu projdeme celou vnit\u0159n\u00ed \u010d\u00e1st muzea.\" \/>\n<meta property=\"og:url\" content=\"https:\/\/archeoparkvsestary.cz\/?page_id=237\" \/>\n<meta property=\"og:site_name\" content=\"Archeopark prav\u011bku V\u0161estary\" \/>\n<meta property=\"article:publisher\" content=\"https:\/\/www.facebook.com\/archeoparkvsestary\/\" \/>\n<meta property=\"article:modified_time\" content=\"2024-01-10T12:28:22+00:00\" \/>\n<meta property=\"og:image\" content=\"https:\/\/archeoparkvsestary.cz\/wp-content\/uploads\/2023\/03\/program1_1-1024x768.jpg\" \/>\n<meta name=\"twitter:card\" content=\"summary_large_image\" \/>\n<meta name=\"twitter:label1\" content=\"Odhadovan\u00e1 doba \u010dten\u00ed\" \/>\n\t<meta name=\"twitter:data1\" content=\"2 minuty\" \/>\n<script type=\"application\/ld+json\" class=\"yoast-schema-graph\">{\"@context\":\"https:\/\/schema.org\",\"@graph\":[{\"@type\":\"WebPage\",\"@id\":\"https:\/\/archeoparkvsestary.cz\/?page_id=237\",\"url\":\"https:\/\/archeoparkvsestary.cz\/?page_id=237\",\"name\":\"Prav\u011bk 1 \u2013 vnit\u0159n\u00ed okruh - Archeopark prav\u011bku V\u0161estary\",\"isPartOf\":{\"@id\":\"https:\/\/archeoparkvsestary.cz\/#website\"},\"primaryImageOfPage\":{\"@id\":\"https:\/\/archeoparkvsestary.cz\/?page_id=237#primaryimage\"},\"image\":{\"@id\":\"https:\/\/archeoparkvsestary.cz\/?page_id=237#primaryimage\"},\"thumbnailUrl\":\"https:\/\/archeoparkvsestary.cz\/wp-content\/uploads\/2023\/03\/program1_1-1024x768.jpg\",\"datePublished\":\"2023-03-27T18:52:14+00:00\",\"dateModified\":\"2024-01-10T12:28:22+00:00\",\"breadcrumb\":{\"@id\":\"https:\/\/archeoparkvsestary.cz\/?page_id=237#breadcrumb\"},\"inLanguage\":\"cs\",\"potentialAction\":[{\"@type\":\"ReadAction\",\"target\":[\"https:\/\/archeoparkvsestary.cz\/?page_id=237\"]}]},{\"@type\":\"ImageObject\",\"inLanguage\":\"cs\",\"@id\":\"https:\/\/archeoparkvsestary.cz\/?page_id=237#primaryimage\",\"url\":\"https:\/\/archeoparkvsestary.cz\/wp-content\/uploads\/2023\/03\/program1_1-1024x768.jpg\",\"contentUrl\":\"https:\/\/archeoparkvsestary.cz\/wp-content\/uploads\/2023\/03\/program1_1-1024x768.jpg\"},{\"@type\":\"BreadcrumbList\",\"@id\":\"https:\/\/archeoparkvsestary.cz\/?page_id=237#breadcrumb\",\"itemListElement\":[{\"@type\":\"ListItem\",\"position\":1,\"name\":\"Home\",\"item\":\"https:\/\/archeoparkvsestary.cz\/\"},{\"@type\":\"ListItem\",\"position\":2,\"name\":\"Pro \u0161koly\",\"item\":\"http:\/\/archeoparkvsestary.cz\/?page_id=33\"},{\"@type\":\"ListItem\",\"position\":3,\"name\":\"Nab\u00eddka program\u016f\",\"item\":\"http:\/\/archeoparkvsestary.cz\/?page_id=46\"},{\"@type\":\"ListItem\",\"position\":4,\"name\":\"Prav\u011bk 1 \u2013 vnit\u0159n\u00ed okruh\"}]},{\"@type\":\"WebSite\",\"@id\":\"https:\/\/archeoparkvsestary.cz\/#website\",\"url\":\"https:\/\/archeoparkvsestary.cz\/\",\"name\":\"Archeopark prav\u011bku V\u0161estary\",\"description\":\"Archeopark prav\u011bku V\u0161estary\",\"publisher\":{\"@id\":\"https:\/\/archeoparkvsestary.cz\/#organization\"},\"potentialAction\":[{\"@type\":\"SearchAction\",\"target\":{\"@type\":\"EntryPoint\",\"urlTemplate\":\"https:\/\/archeoparkvsestary.cz\/?s={search_term_string}\"},\"query-input\":{\"@type\":\"PropertyValueSpecification\",\"valueRequired\":true,\"valueName\":\"search_term_string\"}}],\"inLanguage\":\"cs\"},{\"@type\":\"Organization\",\"@id\":\"https:\/\/archeoparkvsestary.cz\/#organization\",\"name\":\"Archeopark prav\u011bku V\u0161estary\",\"url\":\"https:\/\/archeoparkvsestary.cz\/\",\"logo\":{\"@type\":\"ImageObject\",\"inLanguage\":\"cs\",\"@id\":\"https:\/\/archeoparkvsestary.cz\/#\/schema\/logo\/image\/\",\"url\":\"https:\/\/archeoparkvsestary.cz\/wp-content\/uploads\/2023\/03\/logo_archeopark_nadoba.jpg\",\"contentUrl\":\"https:\/\/archeoparkvsestary.cz\/wp-content\/uploads\/2023\/03\/logo_archeopark_nadoba.jpg\",\"width\":300,\"height\":279,\"caption\":\"Archeopark prav\u011bku V\u0161estary\"},\"image\":{\"@id\":\"https:\/\/archeoparkvsestary.cz\/#\/schema\/logo\/image\/\"},\"sameAs\":[\"https:\/\/www.facebook.com\/archeoparkvsestary\/\"]}]}<\/script>\n<!-- \/ Yoast SEO plugin. -->","yoast_head_json":{"title":"Prav\u011bk 1 \u2013 vnit\u0159n\u00ed okruh - Archeopark prav\u011bku V\u0161estary","robots":{"index":"index","follow":"follow","max-snippet":"max-snippet:-1","max-image-preview":"max-image-preview:large","max-video-preview":"max-video-preview:-1"},"canonical":"https:\/\/archeoparkvsestary.cz\/?page_id=237","og_locale":"cs_CZ","og_type":"article","og_title":"Prav\u011bk 1 \u2013 vnit\u0159n\u00ed okruh - Archeopark prav\u011bku V\u0161estary","og_description":"Popis programu: Pop\u00ed\u0161eme pr\u00e1ci archeologa v&nbsp;ter\u00e9nu, v\u0161imneme si v\u00fdjime\u010dn\u00fdch archeologick\u00fdch n\u00e1lez\u016f, jak\u00fdmi jsou jeskynn\u00ed um\u011bn\u00ed paleolitu, jezern\u00ed s\u00eddli\u0161t\u011b a t\u011b\u017eebn\u00ed are\u00e1ly eneolitu, p\u0159\u00edklady poh\u0159b\u016f a depot\u016f z&nbsp;cel\u00e9ho prav\u011bku. Na modelu v&nbsp;1. pat\u0159e muzea p\u0159ibl\u00ed\u017e\u00edme prav\u011bkou krajinu a zp\u016fsoby jej\u00edho vyu\u017eit\u00ed v&nbsp;prav\u011bku na na\u0161em \u00fazem\u00ed. Sou\u010d\u00e1st\u00ed programu je expozice replik nejzn\u00e1m\u011bj\u0161\u00edch prav\u011bk\u00fdch n\u00e1lez\u016f z&nbsp;na\u0161eho \u00fazem\u00ed a videoprogram popisuj\u00edc\u00ed v\u00fdrobn\u00ed technologie prav\u011bku. Vzd\u011bl\u00e1vac\u00ed oblast: Program navazuje a dopl\u0148uje u\u010divo obsa\u017een\u00e9 ve vzd\u011bl\u00e1vac\u00ed oblasti \u010clov\u011bk a spole\u010dnost &#8211; D\u011bjepis. Obsah i formu v\u00fdkladu v\u017edy p\u0159izp\u016fsobujeme v\u011bku \u017e\u00e1k\u016f pop\u0159. student\u016f. B\u011bhem programu projdeme celou vnit\u0159n\u00ed \u010d\u00e1st muzea.","og_url":"https:\/\/archeoparkvsestary.cz\/?page_id=237","og_site_name":"Archeopark prav\u011bku V\u0161estary","article_publisher":"https:\/\/www.facebook.com\/archeoparkvsestary\/","article_modified_time":"2024-01-10T12:28:22+00:00","og_image":[{"url":"https:\/\/archeoparkvsestary.cz\/wp-content\/uploads\/2023\/03\/program1_1-1024x768.jpg","type":"","width":"","height":""}],"twitter_card":"summary_large_image","twitter_misc":{"Odhadovan\u00e1 doba \u010dten\u00ed":"2 minuty"},"schema":{"@context":"https:\/\/schema.org","@graph":[{"@type":"WebPage","@id":"https:\/\/archeoparkvsestary.cz\/?page_id=237","url":"https:\/\/archeoparkvsestary.cz\/?page_id=237","name":"Prav\u011bk 1 \u2013 vnit\u0159n\u00ed okruh - Archeopark prav\u011bku V\u0161estary","isPartOf":{"@id":"https:\/\/archeoparkvsestary.cz\/#website"},"primaryImageOfPage":{"@id":"https:\/\/archeoparkvsestary.cz\/?page_id=237#primaryimage"},"image":{"@id":"https:\/\/archeoparkvsestary.cz\/?page_id=237#primaryimage"},"thumbnailUrl":"https:\/\/archeoparkvsestary.cz\/wp-content\/uploads\/2023\/03\/program1_1-1024x768.jpg","datePublished":"2023-03-27T18:52:14+00:00","dateModified":"2024-01-10T12:28:22+00:00","breadcrumb":{"@id":"https:\/\/archeoparkvsestary.cz\/?page_id=237#breadcrumb"},"inLanguage":"cs","potentialAction":[{"@type":"ReadAction","target":["https:\/\/archeoparkvsestary.cz\/?page_id=237"]}]},{"@type":"ImageObject","inLanguage":"cs","@id":"https:\/\/archeoparkvsestary.cz\/?page_id=237#primaryimage","url":"https:\/\/archeoparkvsestary.cz\/wp-content\/uploads\/2023\/03\/program1_1-1024x768.jpg","contentUrl":"https:\/\/archeoparkvsestary.cz\/wp-content\/uploads\/2023\/03\/program1_1-1024x768.jpg"},{"@type":"BreadcrumbList","@id":"https:\/\/archeoparkvsestary.cz\/?page_id=237#breadcrumb","itemListElement":[{"@type":"ListItem","position":1,"name":"Home","item":"https:\/\/archeoparkvsestary.cz\/"},{"@type":"ListItem","position":2,"name":"Pro \u0161koly","item":"http:\/\/archeoparkvsestary.cz\/?page_id=33"},{"@type":"ListItem","position":3,"name":"Nab\u00eddka program\u016f","item":"http:\/\/archeoparkvsestary.cz\/?page_id=46"},{"@type":"ListItem","position":4,"name":"Prav\u011bk 1 \u2013 vnit\u0159n\u00ed okruh"}]},{"@type":"WebSite","@id":"https:\/\/archeoparkvsestary.cz\/#website","url":"https:\/\/archeoparkvsestary.cz\/","name":"Archeopark prav\u011bku V\u0161estary","description":"Archeopark prav\u011bku V\u0161estary","publisher":{"@id":"https:\/\/archeoparkvsestary.cz\/#organization"},"potentialAction":[{"@type":"SearchAction","target":{"@type":"EntryPoint","urlTemplate":"https:\/\/archeoparkvsestary.cz\/?s={search_term_string}"},"query-input":{"@type":"PropertyValueSpecification","valueRequired":true,"valueName":"search_term_string"}}],"inLanguage":"cs"},{"@type":"Organization","@id":"https:\/\/archeoparkvsestary.cz\/#organization","name":"Archeopark prav\u011bku V\u0161estary","url":"https:\/\/archeoparkvsestary.cz\/","logo":{"@type":"ImageObject","inLanguage":"cs","@id":"https:\/\/archeoparkvsestary.cz\/#\/schema\/logo\/image\/","url":"https:\/\/archeoparkvsestary.cz\/wp-content\/uploads\/2023\/03\/logo_archeopark_nadoba.jpg","contentUrl":"https:\/\/archeoparkvsestary.cz\/wp-content\/uploads\/2023\/03\/logo_archeopark_nadoba.jpg","width":300,"height":279,"caption":"Archeopark prav\u011bku V\u0161estary"},"image":{"@id":"https:\/\/archeoparkvsestary.cz\/#\/schema\/logo\/image\/"},"sameAs":["https:\/\/www.facebook.com\/archeoparkvsestary\/"]}]}},"_links":{"self":[{"href":"https:\/\/archeoparkvsestary.cz\/index.php?rest_route=\/wp\/v2\/pages\/237","targetHints":{"allow":["GET"]}}],"collection":[{"href":"https:\/\/archeoparkvsestary.cz\/index.php?rest_route=\/wp\/v2\/pages"}],"about":[{"href":"https:\/\/archeoparkvsestary.cz\/index.php?rest_route=\/wp\/v2\/types\/page"}],"author":[{"embeddable":true,"href":"https:\/\/archeoparkvsestary.cz\/index.php?rest_route=\/wp\/v2\/users\/1"}],"replies":[{"embeddable":true,"href":"https:\/\/archeoparkvsestary.cz\/index.php?rest_route=%2Fwp%2Fv2%2Fcomments&post=237"}],"version-history":[{"count":6,"href":"https:\/\/archeoparkvsestary.cz\/index.php?rest_route=\/wp\/v2\/pages\/237\/revisions"}],"predecessor-version":[{"id":1449,"href":"https:\/\/archeoparkvsestary.cz\/index.php?rest_route=\/wp\/v2\/pages\/237\/revisions\/1449"}],"up":[{"embeddable":true,"href":"https:\/\/archeoparkvsestary.cz\/index.php?rest_route=\/wp\/v2\/pages\/46"}],"wp:attachment":[{"href":"https:\/\/archeoparkvsestary.cz\/index.php?rest_route=%2Fwp%2Fv2%2Fmedia&parent=237"}],"curies":[{"name":"wp","href":"https:\/\/api.w.org\/{rel}","templated":true}]}}