{"id":239,"date":"2023-03-27T20:52:43","date_gmt":"2023-03-27T18:52:43","guid":{"rendered":"https:\/\/archeoparkvsestary.cz\/?page_id=239"},"modified":"2026-02-09T12:02:14","modified_gmt":"2026-02-09T11:02:14","slug":"pravek-2-vnejsi-okruh","status":"publish","type":"page","link":"https:\/\/archeoparkvsestary.cz\/?page_id=239","title":{"rendered":"Prav\u011bk 2 \u2013 vn\u011bj\u0161\u00ed okruh"},"content":{"rendered":"\n<p><strong>Popis programu:<\/strong> Na modelu ter\u00e9nn\u00edch exkavac\u00ed pop\u00ed\u0161eme postupy a mo\u017enosti p\u0159i rekonstrukc\u00edch staveb z\u00a0prav\u011bku. Prohl\u00e9dneme si rekonstrukce obytn\u00fdch i hospod\u00e1\u0159sk\u00fdch budov z\u00a0cel\u00e9ho prav\u011bku. Pop\u00ed\u0161eme jejich konstrukci i pravd\u011bpodobn\u00fd zp\u016fsob vyu\u017eit\u00ed. Zastav\u00edme se u technologick\u00fdch staveb, jako jsou pece, v\u00fdhn\u011b, hrn\u010d\u00edrna a kov\u00e1rna. Je mo\u017en\u00e9 si vyzkou\u0161et pr\u00e1ci s\u00a0d\u0159ev\u011bn\u00fdmi motykami a kamenn\u00fdmi sekerami, drcen\u00ed obil\u00ed na kamenn\u00fdch drtidlech, v\u00fdrobu kamenn\u00fdch seker v\u010detn\u011b \u0159ez\u00e1n\u00ed, brou\u0161en\u00ed a vrt\u00e1n\u00ed kamene a hod d\u0159ev\u011bn\u00fdm o\u0161t\u011bpem.<\/p>\n\n\n\n<p><strong>Vzd\u011bl\u00e1vac\u00ed oblast:<\/strong> Program navazuje a dopl\u0148uje u\u010divo obsa\u017een\u00e9 ve vzd\u011bl\u00e1vac\u00ed oblasti \u010clov\u011bk a spole\u010dnost &#8211; D\u011bjepis.<\/p>\n\n\n\n<p>Obsah i formu v\u00fdkladu v\u017edy p\u0159izp\u016fsobujeme v\u011bku \u017e\u00e1k\u016f pop\u0159. student\u016f.<\/p>\n\n\n\n<p>Doporu\u010dujeme obl\u00e9ci se s&nbsp;ohledem na po\u010das\u00ed a mo\u017enost umaz\u00e1n\u00ed se.<\/p>\n\n\n\n<p><em>B\u011bhem programu projdeme celou venkovn\u00ed \u010d\u00e1st muzea<\/em>.<\/p>\n\n\n\n<figure class=\"wp-block-gallery has-nested-images columns-default is-cropped wp-block-gallery-1 is-layout-flex wp-block-gallery-is-layout-flex\">\n<figure class=\"wp-block-image size-large is-style-rounded\"><a href=\"https:\/\/archeoparkvsestary.cz\/wp-content\/uploads\/2023\/03\/program2_1.jpg\"><img loading=\"lazy\" decoding=\"async\" width=\"1024\" height=\"768\" data-id=\"600\" src=\"https:\/\/archeoparkvsestary.cz\/wp-content\/uploads\/2023\/03\/program2_1-1024x768.jpg\" alt=\"\" class=\"wp-image-600\" srcset=\"https:\/\/archeoparkvsestary.cz\/wp-content\/uploads\/2023\/03\/program2_1-1024x768.jpg 1024w, https:\/\/archeoparkvsestary.cz\/wp-content\/uploads\/2023\/03\/program2_1-300x225.jpg 300w, https:\/\/archeoparkvsestary.cz\/wp-content\/uploads\/2023\/03\/program2_1-768x576.jpg 768w, https:\/\/archeoparkvsestary.cz\/wp-content\/uploads\/2023\/03\/program2_1-1140x855.jpg 1140w, https:\/\/archeoparkvsestary.cz\/wp-content\/uploads\/2023\/03\/program2_1.jpg 1200w\" sizes=\"auto, (max-width: 1024px) 100vw, 1024px\" \/><\/a><\/figure>\n\n\n\n<figure class=\"wp-block-image size-large is-style-rounded\"><a href=\"https:\/\/archeoparkvsestary.cz\/wp-content\/uploads\/2023\/03\/program2_2.jpg\"><img loading=\"lazy\" decoding=\"async\" width=\"1024\" height=\"768\" data-id=\"601\" src=\"https:\/\/archeoparkvsestary.cz\/wp-content\/uploads\/2023\/03\/program2_2-1024x768.jpg\" alt=\"\" class=\"wp-image-601\" srcset=\"https:\/\/archeoparkvsestary.cz\/wp-content\/uploads\/2023\/03\/program2_2-1024x768.jpg 1024w, https:\/\/archeoparkvsestary.cz\/wp-content\/uploads\/2023\/03\/program2_2-300x225.jpg 300w, https:\/\/archeoparkvsestary.cz\/wp-content\/uploads\/2023\/03\/program2_2-768x576.jpg 768w, https:\/\/archeoparkvsestary.cz\/wp-content\/uploads\/2023\/03\/program2_2-1140x855.jpg 1140w, https:\/\/archeoparkvsestary.cz\/wp-content\/uploads\/2023\/03\/program2_2.jpg 1200w\" sizes=\"auto, (max-width: 1024px) 100vw, 1024px\" \/><\/a><\/figure>\n\n\n\n<figure class=\"wp-block-image size-large is-style-rounded\"><a href=\"https:\/\/archeoparkvsestary.cz\/wp-content\/uploads\/2023\/03\/program2_3.jpg\"><img loading=\"lazy\" decoding=\"async\" width=\"1024\" height=\"768\" data-id=\"602\" src=\"https:\/\/archeoparkvsestary.cz\/wp-content\/uploads\/2023\/03\/program2_3-1024x768.jpg\" alt=\"\" class=\"wp-image-602\" srcset=\"https:\/\/archeoparkvsestary.cz\/wp-content\/uploads\/2023\/03\/program2_3-1024x768.jpg 1024w, https:\/\/archeoparkvsestary.cz\/wp-content\/uploads\/2023\/03\/program2_3-300x225.jpg 300w, https:\/\/archeoparkvsestary.cz\/wp-content\/uploads\/2023\/03\/program2_3-768x576.jpg 768w, https:\/\/archeoparkvsestary.cz\/wp-content\/uploads\/2023\/03\/program2_3-1140x855.jpg 1140w, https:\/\/archeoparkvsestary.cz\/wp-content\/uploads\/2023\/03\/program2_3.jpg 1200w\" sizes=\"auto, (max-width: 1024px) 100vw, 1024px\" \/><\/a><\/figure>\n<\/figure>\n","protected":false},"excerpt":{"rendered":"<p>Popis programu: Na modelu ter\u00e9nn\u00edch exkavac\u00ed pop\u00ed\u0161eme postupy a mo\u017enosti p\u0159i rekonstrukc\u00edch staveb z\u00a0prav\u011bku. Prohl\u00e9dneme si rekonstrukce obytn\u00fdch i hospod\u00e1\u0159sk\u00fdch budov z\u00a0cel\u00e9ho prav\u011bku. Pop\u00ed\u0161eme jejich konstrukci i pravd\u011bpodobn\u00fd zp\u016fsob vyu\u017eit\u00ed. Zastav\u00edme se u technologick\u00fdch staveb, jako jsou pece, v\u00fdhn\u011b, hrn\u010d\u00edrna a kov\u00e1rna. Je mo\u017en\u00e9 si vyzkou\u0161et pr\u00e1ci s\u00a0d\u0159ev\u011bn\u00fdmi motykami a kamenn\u00fdmi sekerami, drcen\u00ed obil\u00ed na kamenn\u00fdch drtidlech, v\u00fdrobu kamenn\u00fdch seker v\u010detn\u011b \u0159ez\u00e1n\u00ed, brou\u0161en\u00ed a vrt\u00e1n\u00ed kamene a hod d\u0159ev\u011bn\u00fdm o\u0161t\u011bpem. Vzd\u011bl\u00e1vac\u00ed oblast: Program navazuje a dopl\u0148uje u\u010divo obsa\u017een\u00e9 ve vzd\u011bl\u00e1vac\u00ed oblasti \u010clov\u011bk a spole\u010dnost &#8211; D\u011bjepis. Obsah i formu v\u00fdkladu v\u017edy p\u0159izp\u016fsobujeme v\u011bku \u017e\u00e1k\u016f pop\u0159. student\u016f. Doporu\u010dujeme obl\u00e9ci se s&nbsp;ohledem na po\u010das\u00ed a mo\u017enost umaz\u00e1n\u00ed se. B\u011bhem programu projdeme celou venkovn\u00ed \u010d\u00e1st muzea.<\/p>\n","protected":false},"author":1,"featured_media":0,"parent":46,"menu_order":2,"comment_status":"closed","ping_status":"closed","template":"","meta":{"_monsterinsights_skip_tracking":false,"_monsterinsights_sitenote_active":false,"_monsterinsights_sitenote_note":"","_monsterinsights_sitenote_category":0,"footnotes":""},"class_list":["post-239","page","type-page","status-publish","hentry"],"yoast_head":"<!-- This site is optimized with the Yoast SEO plugin v26.7 - https:\/\/yoast.com\/wordpress\/plugins\/seo\/ -->\n<title>Prav\u011bk 2 \u2013 vn\u011bj\u0161\u00ed okruh - Archeopark prav\u011bku V\u0161estary<\/title>\n<meta name=\"robots\" content=\"index, follow, max-snippet:-1, max-image-preview:large, max-video-preview:-1\" \/>\n<link rel=\"canonical\" href=\"https:\/\/archeoparkvsestary.cz\/?page_id=239\" \/>\n<meta property=\"og:locale\" content=\"cs_CZ\" \/>\n<meta property=\"og:type\" content=\"article\" \/>\n<meta property=\"og:title\" content=\"Prav\u011bk 2 \u2013 vn\u011bj\u0161\u00ed okruh - Archeopark prav\u011bku V\u0161estary\" \/>\n<meta property=\"og:description\" content=\"Popis programu: Na modelu ter\u00e9nn\u00edch exkavac\u00ed pop\u00ed\u0161eme postupy a mo\u017enosti p\u0159i rekonstrukc\u00edch staveb z\u00a0prav\u011bku. Prohl\u00e9dneme si rekonstrukce obytn\u00fdch i hospod\u00e1\u0159sk\u00fdch budov z\u00a0cel\u00e9ho prav\u011bku. Pop\u00ed\u0161eme jejich konstrukci i pravd\u011bpodobn\u00fd zp\u016fsob vyu\u017eit\u00ed. Zastav\u00edme se u technologick\u00fdch staveb, jako jsou pece, v\u00fdhn\u011b, hrn\u010d\u00edrna a kov\u00e1rna. Je mo\u017en\u00e9 si vyzkou\u0161et pr\u00e1ci s\u00a0d\u0159ev\u011bn\u00fdmi motykami a kamenn\u00fdmi sekerami, drcen\u00ed obil\u00ed na kamenn\u00fdch drtidlech, v\u00fdrobu kamenn\u00fdch seker v\u010detn\u011b \u0159ez\u00e1n\u00ed, brou\u0161en\u00ed a vrt\u00e1n\u00ed kamene a hod d\u0159ev\u011bn\u00fdm o\u0161t\u011bpem. Vzd\u011bl\u00e1vac\u00ed oblast: Program navazuje a dopl\u0148uje u\u010divo obsa\u017een\u00e9 ve vzd\u011bl\u00e1vac\u00ed oblasti \u010clov\u011bk a spole\u010dnost &#8211; D\u011bjepis. Obsah i formu v\u00fdkladu v\u017edy p\u0159izp\u016fsobujeme v\u011bku \u017e\u00e1k\u016f pop\u0159. student\u016f. Doporu\u010dujeme obl\u00e9ci se s&nbsp;ohledem na po\u010das\u00ed a mo\u017enost umaz\u00e1n\u00ed se. B\u011bhem programu projdeme celou venkovn\u00ed \u010d\u00e1st muzea.\" \/>\n<meta property=\"og:url\" content=\"https:\/\/archeoparkvsestary.cz\/?page_id=239\" \/>\n<meta property=\"og:site_name\" content=\"Archeopark prav\u011bku V\u0161estary\" \/>\n<meta property=\"article:publisher\" content=\"https:\/\/www.facebook.com\/archeoparkvsestary\/\" \/>\n<meta property=\"article:modified_time\" content=\"2026-02-09T11:02:14+00:00\" \/>\n<meta property=\"og:image\" content=\"https:\/\/archeoparkvsestary.cz\/wp-content\/uploads\/2023\/03\/program2_1-1024x768.jpg\" \/>\n<meta name=\"twitter:card\" content=\"summary_large_image\" \/>\n<meta name=\"twitter:label1\" content=\"Odhadovan\u00e1 doba \u010dten\u00ed\" \/>\n\t<meta name=\"twitter:data1\" content=\"2 minuty\" \/>\n<script type=\"application\/ld+json\" class=\"yoast-schema-graph\">{\"@context\":\"https:\/\/schema.org\",\"@graph\":[{\"@type\":\"WebPage\",\"@id\":\"https:\/\/archeoparkvsestary.cz\/?page_id=239\",\"url\":\"https:\/\/archeoparkvsestary.cz\/?page_id=239\",\"name\":\"Prav\u011bk 2 \u2013 vn\u011bj\u0161\u00ed okruh - Archeopark prav\u011bku V\u0161estary\",\"isPartOf\":{\"@id\":\"https:\/\/archeoparkvsestary.cz\/#website\"},\"primaryImageOfPage\":{\"@id\":\"https:\/\/archeoparkvsestary.cz\/?page_id=239#primaryimage\"},\"image\":{\"@id\":\"https:\/\/archeoparkvsestary.cz\/?page_id=239#primaryimage\"},\"thumbnailUrl\":\"https:\/\/archeoparkvsestary.cz\/wp-content\/uploads\/2023\/03\/program2_1-1024x768.jpg\",\"datePublished\":\"2023-03-27T18:52:43+00:00\",\"dateModified\":\"2026-02-09T11:02:14+00:00\",\"breadcrumb\":{\"@id\":\"https:\/\/archeoparkvsestary.cz\/?page_id=239#breadcrumb\"},\"inLanguage\":\"cs\",\"potentialAction\":[{\"@type\":\"ReadAction\",\"target\":[\"https:\/\/archeoparkvsestary.cz\/?page_id=239\"]}]},{\"@type\":\"ImageObject\",\"inLanguage\":\"cs\",\"@id\":\"https:\/\/archeoparkvsestary.cz\/?page_id=239#primaryimage\",\"url\":\"https:\/\/archeoparkvsestary.cz\/wp-content\/uploads\/2023\/03\/program2_1-1024x768.jpg\",\"contentUrl\":\"https:\/\/archeoparkvsestary.cz\/wp-content\/uploads\/2023\/03\/program2_1-1024x768.jpg\"},{\"@type\":\"BreadcrumbList\",\"@id\":\"https:\/\/archeoparkvsestary.cz\/?page_id=239#breadcrumb\",\"itemListElement\":[{\"@type\":\"ListItem\",\"position\":1,\"name\":\"Home\",\"item\":\"https:\/\/archeoparkvsestary.cz\/\"},{\"@type\":\"ListItem\",\"position\":2,\"name\":\"Pro \u0161koly\",\"item\":\"http:\/\/archeoparkvsestary.cz\/?page_id=33\"},{\"@type\":\"ListItem\",\"position\":3,\"name\":\"Nab\u00eddka program\u016f\",\"item\":\"http:\/\/archeoparkvsestary.cz\/?page_id=46\"},{\"@type\":\"ListItem\",\"position\":4,\"name\":\"Prav\u011bk 2 \u2013 vn\u011bj\u0161\u00ed okruh\"}]},{\"@type\":\"WebSite\",\"@id\":\"https:\/\/archeoparkvsestary.cz\/#website\",\"url\":\"https:\/\/archeoparkvsestary.cz\/\",\"name\":\"Archeopark prav\u011bku V\u0161estary\",\"description\":\"Archeopark prav\u011bku V\u0161estary\",\"publisher\":{\"@id\":\"https:\/\/archeoparkvsestary.cz\/#organization\"},\"potentialAction\":[{\"@type\":\"SearchAction\",\"target\":{\"@type\":\"EntryPoint\",\"urlTemplate\":\"https:\/\/archeoparkvsestary.cz\/?s={search_term_string}\"},\"query-input\":{\"@type\":\"PropertyValueSpecification\",\"valueRequired\":true,\"valueName\":\"search_term_string\"}}],\"inLanguage\":\"cs\"},{\"@type\":\"Organization\",\"@id\":\"https:\/\/archeoparkvsestary.cz\/#organization\",\"name\":\"Archeopark prav\u011bku V\u0161estary\",\"url\":\"https:\/\/archeoparkvsestary.cz\/\",\"logo\":{\"@type\":\"ImageObject\",\"inLanguage\":\"cs\",\"@id\":\"https:\/\/archeoparkvsestary.cz\/#\/schema\/logo\/image\/\",\"url\":\"https:\/\/archeoparkvsestary.cz\/wp-content\/uploads\/2023\/03\/logo_archeopark_nadoba.jpg\",\"contentUrl\":\"https:\/\/archeoparkvsestary.cz\/wp-content\/uploads\/2023\/03\/logo_archeopark_nadoba.jpg\",\"width\":300,\"height\":279,\"caption\":\"Archeopark prav\u011bku V\u0161estary\"},\"image\":{\"@id\":\"https:\/\/archeoparkvsestary.cz\/#\/schema\/logo\/image\/\"},\"sameAs\":[\"https:\/\/www.facebook.com\/archeoparkvsestary\/\"]}]}<\/script>\n<!-- \/ Yoast SEO plugin. -->","yoast_head_json":{"title":"Prav\u011bk 2 \u2013 vn\u011bj\u0161\u00ed okruh - Archeopark prav\u011bku V\u0161estary","robots":{"index":"index","follow":"follow","max-snippet":"max-snippet:-1","max-image-preview":"max-image-preview:large","max-video-preview":"max-video-preview:-1"},"canonical":"https:\/\/archeoparkvsestary.cz\/?page_id=239","og_locale":"cs_CZ","og_type":"article","og_title":"Prav\u011bk 2 \u2013 vn\u011bj\u0161\u00ed okruh - Archeopark prav\u011bku V\u0161estary","og_description":"Popis programu: Na modelu ter\u00e9nn\u00edch exkavac\u00ed pop\u00ed\u0161eme postupy a mo\u017enosti p\u0159i rekonstrukc\u00edch staveb z\u00a0prav\u011bku. Prohl\u00e9dneme si rekonstrukce obytn\u00fdch i hospod\u00e1\u0159sk\u00fdch budov z\u00a0cel\u00e9ho prav\u011bku. Pop\u00ed\u0161eme jejich konstrukci i pravd\u011bpodobn\u00fd zp\u016fsob vyu\u017eit\u00ed. Zastav\u00edme se u technologick\u00fdch staveb, jako jsou pece, v\u00fdhn\u011b, hrn\u010d\u00edrna a kov\u00e1rna. Je mo\u017en\u00e9 si vyzkou\u0161et pr\u00e1ci s\u00a0d\u0159ev\u011bn\u00fdmi motykami a kamenn\u00fdmi sekerami, drcen\u00ed obil\u00ed na kamenn\u00fdch drtidlech, v\u00fdrobu kamenn\u00fdch seker v\u010detn\u011b \u0159ez\u00e1n\u00ed, brou\u0161en\u00ed a vrt\u00e1n\u00ed kamene a hod d\u0159ev\u011bn\u00fdm o\u0161t\u011bpem. Vzd\u011bl\u00e1vac\u00ed oblast: Program navazuje a dopl\u0148uje u\u010divo obsa\u017een\u00e9 ve vzd\u011bl\u00e1vac\u00ed oblasti \u010clov\u011bk a spole\u010dnost &#8211; D\u011bjepis. Obsah i formu v\u00fdkladu v\u017edy p\u0159izp\u016fsobujeme v\u011bku \u017e\u00e1k\u016f pop\u0159. student\u016f. Doporu\u010dujeme obl\u00e9ci se s&nbsp;ohledem na po\u010das\u00ed a mo\u017enost umaz\u00e1n\u00ed se. B\u011bhem programu projdeme celou venkovn\u00ed \u010d\u00e1st muzea.","og_url":"https:\/\/archeoparkvsestary.cz\/?page_id=239","og_site_name":"Archeopark prav\u011bku V\u0161estary","article_publisher":"https:\/\/www.facebook.com\/archeoparkvsestary\/","article_modified_time":"2026-02-09T11:02:14+00:00","og_image":[{"url":"https:\/\/archeoparkvsestary.cz\/wp-content\/uploads\/2023\/03\/program2_1-1024x768.jpg","type":"","width":"","height":""}],"twitter_card":"summary_large_image","twitter_misc":{"Odhadovan\u00e1 doba \u010dten\u00ed":"2 minuty"},"schema":{"@context":"https:\/\/schema.org","@graph":[{"@type":"WebPage","@id":"https:\/\/archeoparkvsestary.cz\/?page_id=239","url":"https:\/\/archeoparkvsestary.cz\/?page_id=239","name":"Prav\u011bk 2 \u2013 vn\u011bj\u0161\u00ed okruh - Archeopark prav\u011bku V\u0161estary","isPartOf":{"@id":"https:\/\/archeoparkvsestary.cz\/#website"},"primaryImageOfPage":{"@id":"https:\/\/archeoparkvsestary.cz\/?page_id=239#primaryimage"},"image":{"@id":"https:\/\/archeoparkvsestary.cz\/?page_id=239#primaryimage"},"thumbnailUrl":"https:\/\/archeoparkvsestary.cz\/wp-content\/uploads\/2023\/03\/program2_1-1024x768.jpg","datePublished":"2023-03-27T18:52:43+00:00","dateModified":"2026-02-09T11:02:14+00:00","breadcrumb":{"@id":"https:\/\/archeoparkvsestary.cz\/?page_id=239#breadcrumb"},"inLanguage":"cs","potentialAction":[{"@type":"ReadAction","target":["https:\/\/archeoparkvsestary.cz\/?page_id=239"]}]},{"@type":"ImageObject","inLanguage":"cs","@id":"https:\/\/archeoparkvsestary.cz\/?page_id=239#primaryimage","url":"https:\/\/archeoparkvsestary.cz\/wp-content\/uploads\/2023\/03\/program2_1-1024x768.jpg","contentUrl":"https:\/\/archeoparkvsestary.cz\/wp-content\/uploads\/2023\/03\/program2_1-1024x768.jpg"},{"@type":"BreadcrumbList","@id":"https:\/\/archeoparkvsestary.cz\/?page_id=239#breadcrumb","itemListElement":[{"@type":"ListItem","position":1,"name":"Home","item":"https:\/\/archeoparkvsestary.cz\/"},{"@type":"ListItem","position":2,"name":"Pro \u0161koly","item":"http:\/\/archeoparkvsestary.cz\/?page_id=33"},{"@type":"ListItem","position":3,"name":"Nab\u00eddka program\u016f","item":"http:\/\/archeoparkvsestary.cz\/?page_id=46"},{"@type":"ListItem","position":4,"name":"Prav\u011bk 2 \u2013 vn\u011bj\u0161\u00ed okruh"}]},{"@type":"WebSite","@id":"https:\/\/archeoparkvsestary.cz\/#website","url":"https:\/\/archeoparkvsestary.cz\/","name":"Archeopark prav\u011bku V\u0161estary","description":"Archeopark prav\u011bku V\u0161estary","publisher":{"@id":"https:\/\/archeoparkvsestary.cz\/#organization"},"potentialAction":[{"@type":"SearchAction","target":{"@type":"EntryPoint","urlTemplate":"https:\/\/archeoparkvsestary.cz\/?s={search_term_string}"},"query-input":{"@type":"PropertyValueSpecification","valueRequired":true,"valueName":"search_term_string"}}],"inLanguage":"cs"},{"@type":"Organization","@id":"https:\/\/archeoparkvsestary.cz\/#organization","name":"Archeopark prav\u011bku V\u0161estary","url":"https:\/\/archeoparkvsestary.cz\/","logo":{"@type":"ImageObject","inLanguage":"cs","@id":"https:\/\/archeoparkvsestary.cz\/#\/schema\/logo\/image\/","url":"https:\/\/archeoparkvsestary.cz\/wp-content\/uploads\/2023\/03\/logo_archeopark_nadoba.jpg","contentUrl":"https:\/\/archeoparkvsestary.cz\/wp-content\/uploads\/2023\/03\/logo_archeopark_nadoba.jpg","width":300,"height":279,"caption":"Archeopark prav\u011bku V\u0161estary"},"image":{"@id":"https:\/\/archeoparkvsestary.cz\/#\/schema\/logo\/image\/"},"sameAs":["https:\/\/www.facebook.com\/archeoparkvsestary\/"]}]}},"_links":{"self":[{"href":"https:\/\/archeoparkvsestary.cz\/index.php?rest_route=\/wp\/v2\/pages\/239","targetHints":{"allow":["GET"]}}],"collection":[{"href":"https:\/\/archeoparkvsestary.cz\/index.php?rest_route=\/wp\/v2\/pages"}],"about":[{"href":"https:\/\/archeoparkvsestary.cz\/index.php?rest_route=\/wp\/v2\/types\/page"}],"author":[{"embeddable":true,"href":"https:\/\/archeoparkvsestary.cz\/index.php?rest_route=\/wp\/v2\/users\/1"}],"replies":[{"embeddable":true,"href":"https:\/\/archeoparkvsestary.cz\/index.php?rest_route=%2Fwp%2Fv2%2Fcomments&post=239"}],"version-history":[{"count":5,"href":"https:\/\/archeoparkvsestary.cz\/index.php?rest_route=\/wp\/v2\/pages\/239\/revisions"}],"predecessor-version":[{"id":2474,"href":"https:\/\/archeoparkvsestary.cz\/index.php?rest_route=\/wp\/v2\/pages\/239\/revisions\/2474"}],"up":[{"embeddable":true,"href":"https:\/\/archeoparkvsestary.cz\/index.php?rest_route=\/wp\/v2\/pages\/46"}],"wp:attachment":[{"href":"https:\/\/archeoparkvsestary.cz\/index.php?rest_route=%2Fwp%2Fv2%2Fmedia&parent=239"}],"curies":[{"name":"wp","href":"https:\/\/api.w.org\/{rel}","templated":true}]}}