{"id":241,"date":"2023-03-27T20:53:20","date_gmt":"2023-03-27T18:53:20","guid":{"rendered":"https:\/\/archeoparkvsestary.cz\/?page_id=241"},"modified":"2025-02-13T14:12:13","modified_gmt":"2025-02-13T13:12:13","slug":"cesta-do-minulosti","status":"publish","type":"page","link":"https:\/\/archeoparkvsestary.cz\/?page_id=241","title":{"rendered":"Cesta do minulosti"},"content":{"rendered":"\n<p><strong>Popis programu: <\/strong>D\u011bti se v \u00favodu stanou mal\u00fdmi archeology a vyzkou\u0161\u00ed si pr\u00e1ci v&nbsp;ter\u00e9nu. Budeme sledovat p\u0159\u00edb\u011bh archeologick\u00fdch n\u00e1lez\u016f od jejich objeven\u00ed, t\u0159\u00edd\u011bn\u00ed, ur\u010dov\u00e1n\u00ed a\u017e po jejich experiment\u00e1ln\u00ed v\u00fdrobu a zkou\u0161en\u00ed v&nbsp;praxi. Pod\u00edv\u00e1me se do prav\u011bk\u00e9 vesnice a uk\u00e1\u017eeme si, jak lid\u00e9 \u017eili, jak pracovali a co vyr\u00e1b\u011bli.<\/p>\n\n\n\n<p><strong>Vzd\u011bl\u00e1vac\u00ed oblast: <\/strong>Program d\u011bti seznamuje s&nbsp;\u00fakoly obsa\u017een\u00fdmi ve vzd\u011bl\u00e1vac\u00ed oblasti D\u00edt\u011b a spole\u010dnost a D\u00edt\u011b a sv\u011bt.<\/p>\n\n\n\n<p>Program prob\u00edh\u00e1 v exteri\u00e9ru. Doporu\u010dujeme obl\u00e9ci se s&nbsp;ohledem na po\u010das\u00ed a mo\u017enost umaz\u00e1n\u00ed se.<\/p>\n\n\n\n<p><em>Nejedn\u00e1 se o prohl\u00eddku cel\u00e9ho muzea.<\/em><\/p>\n\n\n\n<figure class=\"wp-block-gallery has-nested-images columns-default is-cropped wp-block-gallery-1 is-layout-flex wp-block-gallery-is-layout-flex\">\n<figure class=\"wp-block-image size-large is-style-rounded\"><a href=\"http:\/\/archeoparkvsestary.cz\/wp-content\/uploads\/2024\/01\/program3_1.jpg\"><img loading=\"lazy\" decoding=\"async\" width=\"1024\" height=\"768\" data-id=\"1441\" src=\"http:\/\/archeoparkvsestary.cz\/wp-content\/uploads\/2024\/01\/program3_1-1024x768.jpg\" alt=\"\" class=\"wp-image-1441\" srcset=\"https:\/\/archeoparkvsestary.cz\/wp-content\/uploads\/2024\/01\/program3_1-1024x768.jpg 1024w, https:\/\/archeoparkvsestary.cz\/wp-content\/uploads\/2024\/01\/program3_1-300x225.jpg 300w, https:\/\/archeoparkvsestary.cz\/wp-content\/uploads\/2024\/01\/program3_1-768x576.jpg 768w, https:\/\/archeoparkvsestary.cz\/wp-content\/uploads\/2024\/01\/program3_1-1140x855.jpg 1140w, https:\/\/archeoparkvsestary.cz\/wp-content\/uploads\/2024\/01\/program3_1.jpg 1200w\" sizes=\"auto, (max-width: 1024px) 100vw, 1024px\" \/><\/a><\/figure>\n\n\n\n<figure class=\"wp-block-image size-large is-style-rounded\"><a href=\"http:\/\/archeoparkvsestary.cz\/wp-content\/uploads\/2024\/01\/program3_2.jpg\"><img loading=\"lazy\" decoding=\"async\" width=\"1024\" height=\"768\" data-id=\"1442\" src=\"http:\/\/archeoparkvsestary.cz\/wp-content\/uploads\/2024\/01\/program3_2-1024x768.jpg\" alt=\"\" class=\"wp-image-1442\" srcset=\"https:\/\/archeoparkvsestary.cz\/wp-content\/uploads\/2024\/01\/program3_2-1024x768.jpg 1024w, https:\/\/archeoparkvsestary.cz\/wp-content\/uploads\/2024\/01\/program3_2-300x225.jpg 300w, https:\/\/archeoparkvsestary.cz\/wp-content\/uploads\/2024\/01\/program3_2-768x576.jpg 768w, https:\/\/archeoparkvsestary.cz\/wp-content\/uploads\/2024\/01\/program3_2-1140x855.jpg 1140w, https:\/\/archeoparkvsestary.cz\/wp-content\/uploads\/2024\/01\/program3_2.jpg 1200w\" sizes=\"auto, (max-width: 1024px) 100vw, 1024px\" \/><\/a><\/figure>\n\n\n\n<figure class=\"wp-block-image size-large is-style-rounded\"><a href=\"http:\/\/archeoparkvsestary.cz\/wp-content\/uploads\/2024\/01\/program3_3.jpg\"><img loading=\"lazy\" decoding=\"async\" width=\"1024\" height=\"768\" data-id=\"1443\" src=\"http:\/\/archeoparkvsestary.cz\/wp-content\/uploads\/2024\/01\/program3_3-1024x768.jpg\" alt=\"\" class=\"wp-image-1443\" srcset=\"https:\/\/archeoparkvsestary.cz\/wp-content\/uploads\/2024\/01\/program3_3-1024x768.jpg 1024w, https:\/\/archeoparkvsestary.cz\/wp-content\/uploads\/2024\/01\/program3_3-300x225.jpg 300w, https:\/\/archeoparkvsestary.cz\/wp-content\/uploads\/2024\/01\/program3_3-768x576.jpg 768w, https:\/\/archeoparkvsestary.cz\/wp-content\/uploads\/2024\/01\/program3_3-1140x855.jpg 1140w, https:\/\/archeoparkvsestary.cz\/wp-content\/uploads\/2024\/01\/program3_3.jpg 1200w\" sizes=\"auto, (max-width: 1024px) 100vw, 1024px\" \/><\/a><\/figure>\n<\/figure>\n","protected":false},"excerpt":{"rendered":"<p>Popis programu: D\u011bti se v \u00favodu stanou mal\u00fdmi archeology a vyzkou\u0161\u00ed si pr\u00e1ci v&nbsp;ter\u00e9nu. Budeme sledovat p\u0159\u00edb\u011bh archeologick\u00fdch n\u00e1lez\u016f od jejich objeven\u00ed, t\u0159\u00edd\u011bn\u00ed, ur\u010dov\u00e1n\u00ed a\u017e po jejich experiment\u00e1ln\u00ed v\u00fdrobu a zkou\u0161en\u00ed v&nbsp;praxi. Pod\u00edv\u00e1me se do prav\u011bk\u00e9 vesnice a uk\u00e1\u017eeme si, jak lid\u00e9 \u017eili, jak pracovali a co vyr\u00e1b\u011bli. Vzd\u011bl\u00e1vac\u00ed oblast: Program d\u011bti seznamuje s&nbsp;\u00fakoly obsa\u017een\u00fdmi ve vzd\u011bl\u00e1vac\u00ed oblasti D\u00edt\u011b a spole\u010dnost a D\u00edt\u011b a sv\u011bt. Program prob\u00edh\u00e1 v exteri\u00e9ru. Doporu\u010dujeme obl\u00e9ci se s&nbsp;ohledem na po\u010das\u00ed a mo\u017enost umaz\u00e1n\u00ed se. Nejedn\u00e1 se o prohl\u00eddku cel\u00e9ho muzea.<\/p>\n","protected":false},"author":1,"featured_media":0,"parent":46,"menu_order":3,"comment_status":"closed","ping_status":"closed","template":"","meta":{"_monsterinsights_skip_tracking":false,"_monsterinsights_sitenote_active":false,"_monsterinsights_sitenote_note":"","_monsterinsights_sitenote_category":0,"footnotes":""},"class_list":["post-241","page","type-page","status-publish","hentry"],"yoast_head":"<!-- This site is optimized with the Yoast SEO plugin v26.7 - https:\/\/yoast.com\/wordpress\/plugins\/seo\/ -->\n<title>Cesta do minulosti - Archeopark prav\u011bku V\u0161estary<\/title>\n<meta name=\"robots\" content=\"index, follow, max-snippet:-1, max-image-preview:large, max-video-preview:-1\" \/>\n<link rel=\"canonical\" href=\"https:\/\/archeoparkvsestary.cz\/?page_id=241\" \/>\n<meta property=\"og:locale\" content=\"cs_CZ\" \/>\n<meta property=\"og:type\" content=\"article\" \/>\n<meta property=\"og:title\" content=\"Cesta do minulosti - Archeopark prav\u011bku V\u0161estary\" \/>\n<meta property=\"og:description\" content=\"Popis programu: D\u011bti se v \u00favodu stanou mal\u00fdmi archeology a vyzkou\u0161\u00ed si pr\u00e1ci v&nbsp;ter\u00e9nu. Budeme sledovat p\u0159\u00edb\u011bh archeologick\u00fdch n\u00e1lez\u016f od jejich objeven\u00ed, t\u0159\u00edd\u011bn\u00ed, ur\u010dov\u00e1n\u00ed a\u017e po jejich experiment\u00e1ln\u00ed v\u00fdrobu a zkou\u0161en\u00ed v&nbsp;praxi. Pod\u00edv\u00e1me se do prav\u011bk\u00e9 vesnice a uk\u00e1\u017eeme si, jak lid\u00e9 \u017eili, jak pracovali a co vyr\u00e1b\u011bli. Vzd\u011bl\u00e1vac\u00ed oblast: Program d\u011bti seznamuje s&nbsp;\u00fakoly obsa\u017een\u00fdmi ve vzd\u011bl\u00e1vac\u00ed oblasti D\u00edt\u011b a spole\u010dnost a D\u00edt\u011b a sv\u011bt. Program prob\u00edh\u00e1 v exteri\u00e9ru. Doporu\u010dujeme obl\u00e9ci se s&nbsp;ohledem na po\u010das\u00ed a mo\u017enost umaz\u00e1n\u00ed se. Nejedn\u00e1 se o prohl\u00eddku cel\u00e9ho muzea.\" \/>\n<meta property=\"og:url\" content=\"https:\/\/archeoparkvsestary.cz\/?page_id=241\" \/>\n<meta property=\"og:site_name\" content=\"Archeopark prav\u011bku V\u0161estary\" \/>\n<meta property=\"article:publisher\" content=\"https:\/\/www.facebook.com\/archeoparkvsestary\/\" \/>\n<meta property=\"article:modified_time\" content=\"2025-02-13T13:12:13+00:00\" \/>\n<meta property=\"og:image\" content=\"http:\/\/archeoparkvsestary.cz\/wp-content\/uploads\/2024\/01\/program3_1-1024x768.jpg\" \/>\n<meta name=\"twitter:card\" content=\"summary_large_image\" \/>\n<meta name=\"twitter:label1\" content=\"Odhadovan\u00e1 doba \u010dten\u00ed\" \/>\n\t<meta name=\"twitter:data1\" content=\"2 minuty\" \/>\n<script type=\"application\/ld+json\" class=\"yoast-schema-graph\">{\"@context\":\"https:\/\/schema.org\",\"@graph\":[{\"@type\":\"WebPage\",\"@id\":\"https:\/\/archeoparkvsestary.cz\/?page_id=241\",\"url\":\"https:\/\/archeoparkvsestary.cz\/?page_id=241\",\"name\":\"Cesta do minulosti - Archeopark prav\u011bku V\u0161estary\",\"isPartOf\":{\"@id\":\"https:\/\/archeoparkvsestary.cz\/#website\"},\"primaryImageOfPage\":{\"@id\":\"https:\/\/archeoparkvsestary.cz\/?page_id=241#primaryimage\"},\"image\":{\"@id\":\"https:\/\/archeoparkvsestary.cz\/?page_id=241#primaryimage\"},\"thumbnailUrl\":\"http:\/\/archeoparkvsestary.cz\/wp-content\/uploads\/2024\/01\/program3_1-1024x768.jpg\",\"datePublished\":\"2023-03-27T18:53:20+00:00\",\"dateModified\":\"2025-02-13T13:12:13+00:00\",\"breadcrumb\":{\"@id\":\"https:\/\/archeoparkvsestary.cz\/?page_id=241#breadcrumb\"},\"inLanguage\":\"cs\",\"potentialAction\":[{\"@type\":\"ReadAction\",\"target\":[\"https:\/\/archeoparkvsestary.cz\/?page_id=241\"]}]},{\"@type\":\"ImageObject\",\"inLanguage\":\"cs\",\"@id\":\"https:\/\/archeoparkvsestary.cz\/?page_id=241#primaryimage\",\"url\":\"https:\/\/archeoparkvsestary.cz\/wp-content\/uploads\/2024\/01\/program3_1.jpg\",\"contentUrl\":\"https:\/\/archeoparkvsestary.cz\/wp-content\/uploads\/2024\/01\/program3_1.jpg\",\"width\":1200,\"height\":900},{\"@type\":\"BreadcrumbList\",\"@id\":\"https:\/\/archeoparkvsestary.cz\/?page_id=241#breadcrumb\",\"itemListElement\":[{\"@type\":\"ListItem\",\"position\":1,\"name\":\"Home\",\"item\":\"https:\/\/archeoparkvsestary.cz\/\"},{\"@type\":\"ListItem\",\"position\":2,\"name\":\"Pro \u0161koly\",\"item\":\"https:\/\/archeoparkvsestary.cz\/?page_id=33\"},{\"@type\":\"ListItem\",\"position\":3,\"name\":\"Nab\u00eddka program\u016f\",\"item\":\"https:\/\/archeoparkvsestary.cz\/?page_id=46\"},{\"@type\":\"ListItem\",\"position\":4,\"name\":\"Cesta do minulosti\"}]},{\"@type\":\"WebSite\",\"@id\":\"https:\/\/archeoparkvsestary.cz\/#website\",\"url\":\"https:\/\/archeoparkvsestary.cz\/\",\"name\":\"Archeopark prav\u011bku V\u0161estary\",\"description\":\"Archeopark prav\u011bku V\u0161estary\",\"publisher\":{\"@id\":\"https:\/\/archeoparkvsestary.cz\/#organization\"},\"potentialAction\":[{\"@type\":\"SearchAction\",\"target\":{\"@type\":\"EntryPoint\",\"urlTemplate\":\"https:\/\/archeoparkvsestary.cz\/?s={search_term_string}\"},\"query-input\":{\"@type\":\"PropertyValueSpecification\",\"valueRequired\":true,\"valueName\":\"search_term_string\"}}],\"inLanguage\":\"cs\"},{\"@type\":\"Organization\",\"@id\":\"https:\/\/archeoparkvsestary.cz\/#organization\",\"name\":\"Archeopark prav\u011bku V\u0161estary\",\"url\":\"https:\/\/archeoparkvsestary.cz\/\",\"logo\":{\"@type\":\"ImageObject\",\"inLanguage\":\"cs\",\"@id\":\"https:\/\/archeoparkvsestary.cz\/#\/schema\/logo\/image\/\",\"url\":\"https:\/\/archeoparkvsestary.cz\/wp-content\/uploads\/2023\/03\/logo_archeopark_nadoba.jpg\",\"contentUrl\":\"https:\/\/archeoparkvsestary.cz\/wp-content\/uploads\/2023\/03\/logo_archeopark_nadoba.jpg\",\"width\":300,\"height\":279,\"caption\":\"Archeopark prav\u011bku V\u0161estary\"},\"image\":{\"@id\":\"https:\/\/archeoparkvsestary.cz\/#\/schema\/logo\/image\/\"},\"sameAs\":[\"https:\/\/www.facebook.com\/archeoparkvsestary\/\"]}]}<\/script>\n<!-- \/ Yoast SEO plugin. -->","yoast_head_json":{"title":"Cesta do minulosti - Archeopark prav\u011bku V\u0161estary","robots":{"index":"index","follow":"follow","max-snippet":"max-snippet:-1","max-image-preview":"max-image-preview:large","max-video-preview":"max-video-preview:-1"},"canonical":"https:\/\/archeoparkvsestary.cz\/?page_id=241","og_locale":"cs_CZ","og_type":"article","og_title":"Cesta do minulosti - Archeopark prav\u011bku V\u0161estary","og_description":"Popis programu: D\u011bti se v \u00favodu stanou mal\u00fdmi archeology a vyzkou\u0161\u00ed si pr\u00e1ci v&nbsp;ter\u00e9nu. Budeme sledovat p\u0159\u00edb\u011bh archeologick\u00fdch n\u00e1lez\u016f od jejich objeven\u00ed, t\u0159\u00edd\u011bn\u00ed, ur\u010dov\u00e1n\u00ed a\u017e po jejich experiment\u00e1ln\u00ed v\u00fdrobu a zkou\u0161en\u00ed v&nbsp;praxi. Pod\u00edv\u00e1me se do prav\u011bk\u00e9 vesnice a uk\u00e1\u017eeme si, jak lid\u00e9 \u017eili, jak pracovali a co vyr\u00e1b\u011bli. Vzd\u011bl\u00e1vac\u00ed oblast: Program d\u011bti seznamuje s&nbsp;\u00fakoly obsa\u017een\u00fdmi ve vzd\u011bl\u00e1vac\u00ed oblasti D\u00edt\u011b a spole\u010dnost a D\u00edt\u011b a sv\u011bt. Program prob\u00edh\u00e1 v exteri\u00e9ru. Doporu\u010dujeme obl\u00e9ci se s&nbsp;ohledem na po\u010das\u00ed a mo\u017enost umaz\u00e1n\u00ed se. Nejedn\u00e1 se o prohl\u00eddku cel\u00e9ho muzea.","og_url":"https:\/\/archeoparkvsestary.cz\/?page_id=241","og_site_name":"Archeopark prav\u011bku V\u0161estary","article_publisher":"https:\/\/www.facebook.com\/archeoparkvsestary\/","article_modified_time":"2025-02-13T13:12:13+00:00","og_image":[{"url":"http:\/\/archeoparkvsestary.cz\/wp-content\/uploads\/2024\/01\/program3_1-1024x768.jpg","type":"","width":"","height":""}],"twitter_card":"summary_large_image","twitter_misc":{"Odhadovan\u00e1 doba \u010dten\u00ed":"2 minuty"},"schema":{"@context":"https:\/\/schema.org","@graph":[{"@type":"WebPage","@id":"https:\/\/archeoparkvsestary.cz\/?page_id=241","url":"https:\/\/archeoparkvsestary.cz\/?page_id=241","name":"Cesta do minulosti - Archeopark prav\u011bku V\u0161estary","isPartOf":{"@id":"https:\/\/archeoparkvsestary.cz\/#website"},"primaryImageOfPage":{"@id":"https:\/\/archeoparkvsestary.cz\/?page_id=241#primaryimage"},"image":{"@id":"https:\/\/archeoparkvsestary.cz\/?page_id=241#primaryimage"},"thumbnailUrl":"http:\/\/archeoparkvsestary.cz\/wp-content\/uploads\/2024\/01\/program3_1-1024x768.jpg","datePublished":"2023-03-27T18:53:20+00:00","dateModified":"2025-02-13T13:12:13+00:00","breadcrumb":{"@id":"https:\/\/archeoparkvsestary.cz\/?page_id=241#breadcrumb"},"inLanguage":"cs","potentialAction":[{"@type":"ReadAction","target":["https:\/\/archeoparkvsestary.cz\/?page_id=241"]}]},{"@type":"ImageObject","inLanguage":"cs","@id":"https:\/\/archeoparkvsestary.cz\/?page_id=241#primaryimage","url":"https:\/\/archeoparkvsestary.cz\/wp-content\/uploads\/2024\/01\/program3_1.jpg","contentUrl":"https:\/\/archeoparkvsestary.cz\/wp-content\/uploads\/2024\/01\/program3_1.jpg","width":1200,"height":900},{"@type":"BreadcrumbList","@id":"https:\/\/archeoparkvsestary.cz\/?page_id=241#breadcrumb","itemListElement":[{"@type":"ListItem","position":1,"name":"Home","item":"https:\/\/archeoparkvsestary.cz\/"},{"@type":"ListItem","position":2,"name":"Pro \u0161koly","item":"https:\/\/archeoparkvsestary.cz\/?page_id=33"},{"@type":"ListItem","position":3,"name":"Nab\u00eddka program\u016f","item":"https:\/\/archeoparkvsestary.cz\/?page_id=46"},{"@type":"ListItem","position":4,"name":"Cesta do minulosti"}]},{"@type":"WebSite","@id":"https:\/\/archeoparkvsestary.cz\/#website","url":"https:\/\/archeoparkvsestary.cz\/","name":"Archeopark prav\u011bku V\u0161estary","description":"Archeopark prav\u011bku V\u0161estary","publisher":{"@id":"https:\/\/archeoparkvsestary.cz\/#organization"},"potentialAction":[{"@type":"SearchAction","target":{"@type":"EntryPoint","urlTemplate":"https:\/\/archeoparkvsestary.cz\/?s={search_term_string}"},"query-input":{"@type":"PropertyValueSpecification","valueRequired":true,"valueName":"search_term_string"}}],"inLanguage":"cs"},{"@type":"Organization","@id":"https:\/\/archeoparkvsestary.cz\/#organization","name":"Archeopark prav\u011bku V\u0161estary","url":"https:\/\/archeoparkvsestary.cz\/","logo":{"@type":"ImageObject","inLanguage":"cs","@id":"https:\/\/archeoparkvsestary.cz\/#\/schema\/logo\/image\/","url":"https:\/\/archeoparkvsestary.cz\/wp-content\/uploads\/2023\/03\/logo_archeopark_nadoba.jpg","contentUrl":"https:\/\/archeoparkvsestary.cz\/wp-content\/uploads\/2023\/03\/logo_archeopark_nadoba.jpg","width":300,"height":279,"caption":"Archeopark prav\u011bku V\u0161estary"},"image":{"@id":"https:\/\/archeoparkvsestary.cz\/#\/schema\/logo\/image\/"},"sameAs":["https:\/\/www.facebook.com\/archeoparkvsestary\/"]}]}},"_links":{"self":[{"href":"https:\/\/archeoparkvsestary.cz\/index.php?rest_route=\/wp\/v2\/pages\/241","targetHints":{"allow":["GET"]}}],"collection":[{"href":"https:\/\/archeoparkvsestary.cz\/index.php?rest_route=\/wp\/v2\/pages"}],"about":[{"href":"https:\/\/archeoparkvsestary.cz\/index.php?rest_route=\/wp\/v2\/types\/page"}],"author":[{"embeddable":true,"href":"https:\/\/archeoparkvsestary.cz\/index.php?rest_route=\/wp\/v2\/users\/1"}],"replies":[{"embeddable":true,"href":"https:\/\/archeoparkvsestary.cz\/index.php?rest_route=%2Fwp%2Fv2%2Fcomments&post=241"}],"version-history":[{"count":6,"href":"https:\/\/archeoparkvsestary.cz\/index.php?rest_route=\/wp\/v2\/pages\/241\/revisions"}],"predecessor-version":[{"id":1948,"href":"https:\/\/archeoparkvsestary.cz\/index.php?rest_route=\/wp\/v2\/pages\/241\/revisions\/1948"}],"up":[{"embeddable":true,"href":"https:\/\/archeoparkvsestary.cz\/index.php?rest_route=\/wp\/v2\/pages\/46"}],"wp:attachment":[{"href":"https:\/\/archeoparkvsestary.cz\/index.php?rest_route=%2Fwp%2Fv2%2Fmedia&parent=241"}],"curies":[{"name":"wp","href":"https:\/\/api.w.org\/{rel}","templated":true}]}}