{"id":243,"date":"2023-03-27T20:53:50","date_gmt":"2023-03-27T18:53:50","guid":{"rendered":"https:\/\/archeoparkvsestary.cz\/?page_id=243"},"modified":"2023-03-30T16:34:38","modified_gmt":"2023-03-30T14:34:38","slug":"lovci-posledni-doby-ledove","status":"publish","type":"page","link":"https:\/\/archeoparkvsestary.cz\/?page_id=243","title":{"rendered":"Lovci posledn\u00ed doby ledov\u00e9"},"content":{"rendered":"\n<p><strong>Popis programu: <\/strong>D\u011bti se sezn\u00e1m\u00ed s\u00a0dobou posledn\u00edch lovc\u016f na na\u0161em \u00fazem\u00ed. Vyzkou\u0161\u00ed si pr\u00e1ci s\u00a0pazourkov\u00fdmi n\u00e1stroji, dozv\u00ed se, jak se tehdej\u0161\u00ed lid\u00e9 \u0161atili, zdobili i jak\u00e9 vytv\u00e1\u0159eli um\u011bn\u00ed. Nav\u0161t\u00edv\u00ed repliku prav\u011bk\u00e9ho obydl\u00ed, zah\u00e1z\u00ed si o\u0161t\u011bpem z\u00a0ruky i pomoc\u00ed vrha\u010de.<\/p>\n\n\n\n<p><strong>Vzd\u011bl\u00e1vac\u00ed oblast: <\/strong>Program navazuje a dopl\u0148uje u\u010divo obsa\u017een\u00e9 ve vzd\u011bl\u00e1vac\u00ed oblasti \u010clov\u011bk a jeho sv\u011bt \u2013 Lid\u00e9 a \u010das.<\/p>\n\n\n\n<p>Program prob\u00edh\u00e1 jak v&nbsp;interi\u00e9ru tak exteri\u00e9ru. Doporu\u010dujeme obl\u00e9ci se s&nbsp;ohledem na po\u010das\u00ed a mo\u017enost umaz\u00e1n\u00ed se.<\/p>\n\n\n\n<p><em>Nejedn\u00e1 se o prohl\u00eddku cel\u00e9ho muzea.<\/em><\/p>\n\n\n\n<figure class=\"wp-block-gallery has-nested-images columns-default is-cropped wp-block-gallery-1 is-layout-flex wp-block-gallery-is-layout-flex\">\n<figure class=\"wp-block-image size-large is-style-rounded\"><a href=\"https:\/\/archeoparkvsestary.cz\/wp-content\/uploads\/2023\/03\/program4_1.jpg\"><img loading=\"lazy\" decoding=\"async\" width=\"1024\" height=\"768\" data-id=\"611\" src=\"https:\/\/archeoparkvsestary.cz\/wp-content\/uploads\/2023\/03\/program4_1-1024x768.jpg\" alt=\"\" class=\"wp-image-611\" srcset=\"https:\/\/archeoparkvsestary.cz\/wp-content\/uploads\/2023\/03\/program4_1-1024x768.jpg 1024w, https:\/\/archeoparkvsestary.cz\/wp-content\/uploads\/2023\/03\/program4_1-300x225.jpg 300w, https:\/\/archeoparkvsestary.cz\/wp-content\/uploads\/2023\/03\/program4_1-768x576.jpg 768w, https:\/\/archeoparkvsestary.cz\/wp-content\/uploads\/2023\/03\/program4_1-1140x855.jpg 1140w, https:\/\/archeoparkvsestary.cz\/wp-content\/uploads\/2023\/03\/program4_1.jpg 1200w\" sizes=\"auto, (max-width: 1024px) 100vw, 1024px\" \/><\/a><\/figure>\n\n\n\n<figure class=\"wp-block-image size-large is-style-rounded\"><a href=\"https:\/\/archeoparkvsestary.cz\/wp-content\/uploads\/2023\/03\/program4_2.jpg\"><img loading=\"lazy\" decoding=\"async\" width=\"1024\" height=\"768\" data-id=\"612\" src=\"https:\/\/archeoparkvsestary.cz\/wp-content\/uploads\/2023\/03\/program4_2-1024x768.jpg\" alt=\"\" class=\"wp-image-612\" srcset=\"https:\/\/archeoparkvsestary.cz\/wp-content\/uploads\/2023\/03\/program4_2-1024x768.jpg 1024w, https:\/\/archeoparkvsestary.cz\/wp-content\/uploads\/2023\/03\/program4_2-300x225.jpg 300w, https:\/\/archeoparkvsestary.cz\/wp-content\/uploads\/2023\/03\/program4_2-768x576.jpg 768w, https:\/\/archeoparkvsestary.cz\/wp-content\/uploads\/2023\/03\/program4_2-1140x855.jpg 1140w, https:\/\/archeoparkvsestary.cz\/wp-content\/uploads\/2023\/03\/program4_2.jpg 1200w\" sizes=\"auto, (max-width: 1024px) 100vw, 1024px\" \/><\/a><\/figure>\n\n\n\n<figure class=\"wp-block-image size-large is-style-rounded\"><a href=\"https:\/\/archeoparkvsestary.cz\/wp-content\/uploads\/2023\/03\/program4_3.jpg\"><img loading=\"lazy\" decoding=\"async\" width=\"1024\" height=\"768\" data-id=\"613\" src=\"https:\/\/archeoparkvsestary.cz\/wp-content\/uploads\/2023\/03\/program4_3-1024x768.jpg\" alt=\"\" class=\"wp-image-613\" srcset=\"https:\/\/archeoparkvsestary.cz\/wp-content\/uploads\/2023\/03\/program4_3-1024x768.jpg 1024w, https:\/\/archeoparkvsestary.cz\/wp-content\/uploads\/2023\/03\/program4_3-300x225.jpg 300w, https:\/\/archeoparkvsestary.cz\/wp-content\/uploads\/2023\/03\/program4_3-768x576.jpg 768w, https:\/\/archeoparkvsestary.cz\/wp-content\/uploads\/2023\/03\/program4_3-1140x855.jpg 1140w, https:\/\/archeoparkvsestary.cz\/wp-content\/uploads\/2023\/03\/program4_3.jpg 1200w\" sizes=\"auto, (max-width: 1024px) 100vw, 1024px\" \/><\/a><\/figure>\n<\/figure>\n","protected":false},"excerpt":{"rendered":"<p>Popis programu: D\u011bti se sezn\u00e1m\u00ed s\u00a0dobou posledn\u00edch lovc\u016f na na\u0161em \u00fazem\u00ed. Vyzkou\u0161\u00ed si pr\u00e1ci s\u00a0pazourkov\u00fdmi n\u00e1stroji, dozv\u00ed se, jak se tehdej\u0161\u00ed lid\u00e9 \u0161atili, zdobili i jak\u00e9 vytv\u00e1\u0159eli um\u011bn\u00ed. Nav\u0161t\u00edv\u00ed repliku prav\u011bk\u00e9ho obydl\u00ed, zah\u00e1z\u00ed si o\u0161t\u011bpem z\u00a0ruky i pomoc\u00ed vrha\u010de. Vzd\u011bl\u00e1vac\u00ed oblast: Program navazuje a dopl\u0148uje u\u010divo obsa\u017een\u00e9 ve vzd\u011bl\u00e1vac\u00ed oblasti \u010clov\u011bk a jeho sv\u011bt \u2013 Lid\u00e9 a \u010das. Program prob\u00edh\u00e1 jak v&nbsp;interi\u00e9ru tak exteri\u00e9ru. Doporu\u010dujeme obl\u00e9ci se s&nbsp;ohledem na po\u010das\u00ed a mo\u017enost umaz\u00e1n\u00ed se. Nejedn\u00e1 se o prohl\u00eddku cel\u00e9ho muzea.<\/p>\n","protected":false},"author":1,"featured_media":0,"parent":46,"menu_order":4,"comment_status":"closed","ping_status":"closed","template":"","meta":{"_monsterinsights_skip_tracking":false,"_monsterinsights_sitenote_active":false,"_monsterinsights_sitenote_note":"","_monsterinsights_sitenote_category":0,"footnotes":""},"class_list":["post-243","page","type-page","status-publish","hentry"],"yoast_head":"<!-- This site is optimized with the Yoast SEO plugin v26.7 - https:\/\/yoast.com\/wordpress\/plugins\/seo\/ -->\n<title>Lovci posledn\u00ed doby ledov\u00e9 - Archeopark prav\u011bku V\u0161estary<\/title>\n<meta name=\"robots\" content=\"index, follow, max-snippet:-1, max-image-preview:large, max-video-preview:-1\" \/>\n<link rel=\"canonical\" href=\"https:\/\/archeoparkvsestary.cz\/?page_id=243\" \/>\n<meta property=\"og:locale\" content=\"cs_CZ\" \/>\n<meta property=\"og:type\" content=\"article\" \/>\n<meta property=\"og:title\" content=\"Lovci posledn\u00ed doby ledov\u00e9 - Archeopark prav\u011bku V\u0161estary\" \/>\n<meta property=\"og:description\" content=\"Popis programu: D\u011bti se sezn\u00e1m\u00ed s\u00a0dobou posledn\u00edch lovc\u016f na na\u0161em \u00fazem\u00ed. Vyzkou\u0161\u00ed si pr\u00e1ci s\u00a0pazourkov\u00fdmi n\u00e1stroji, dozv\u00ed se, jak se tehdej\u0161\u00ed lid\u00e9 \u0161atili, zdobili i jak\u00e9 vytv\u00e1\u0159eli um\u011bn\u00ed. Nav\u0161t\u00edv\u00ed repliku prav\u011bk\u00e9ho obydl\u00ed, zah\u00e1z\u00ed si o\u0161t\u011bpem z\u00a0ruky i pomoc\u00ed vrha\u010de. Vzd\u011bl\u00e1vac\u00ed oblast: Program navazuje a dopl\u0148uje u\u010divo obsa\u017een\u00e9 ve vzd\u011bl\u00e1vac\u00ed oblasti \u010clov\u011bk a jeho sv\u011bt \u2013 Lid\u00e9 a \u010das. Program prob\u00edh\u00e1 jak v&nbsp;interi\u00e9ru tak exteri\u00e9ru. Doporu\u010dujeme obl\u00e9ci se s&nbsp;ohledem na po\u010das\u00ed a mo\u017enost umaz\u00e1n\u00ed se. Nejedn\u00e1 se o prohl\u00eddku cel\u00e9ho muzea.\" \/>\n<meta property=\"og:url\" content=\"https:\/\/archeoparkvsestary.cz\/?page_id=243\" \/>\n<meta property=\"og:site_name\" content=\"Archeopark prav\u011bku V\u0161estary\" \/>\n<meta property=\"article:publisher\" content=\"https:\/\/www.facebook.com\/archeoparkvsestary\/\" \/>\n<meta property=\"article:modified_time\" content=\"2023-03-30T14:34:38+00:00\" \/>\n<meta property=\"og:image\" content=\"https:\/\/archeoparkvsestary.cz\/wp-content\/uploads\/2023\/03\/program4_1-1024x768.jpg\" \/>\n<meta name=\"twitter:card\" content=\"summary_large_image\" \/>\n<meta name=\"twitter:label1\" content=\"Odhadovan\u00e1 doba \u010dten\u00ed\" \/>\n\t<meta name=\"twitter:data1\" content=\"2 minuty\" \/>\n<script type=\"application\/ld+json\" class=\"yoast-schema-graph\">{\"@context\":\"https:\/\/schema.org\",\"@graph\":[{\"@type\":\"WebPage\",\"@id\":\"https:\/\/archeoparkvsestary.cz\/?page_id=243\",\"url\":\"https:\/\/archeoparkvsestary.cz\/?page_id=243\",\"name\":\"Lovci posledn\u00ed doby ledov\u00e9 - Archeopark prav\u011bku V\u0161estary\",\"isPartOf\":{\"@id\":\"https:\/\/archeoparkvsestary.cz\/#website\"},\"primaryImageOfPage\":{\"@id\":\"https:\/\/archeoparkvsestary.cz\/?page_id=243#primaryimage\"},\"image\":{\"@id\":\"https:\/\/archeoparkvsestary.cz\/?page_id=243#primaryimage\"},\"thumbnailUrl\":\"https:\/\/archeoparkvsestary.cz\/wp-content\/uploads\/2023\/03\/program4_1-1024x768.jpg\",\"datePublished\":\"2023-03-27T18:53:50+00:00\",\"dateModified\":\"2023-03-30T14:34:38+00:00\",\"breadcrumb\":{\"@id\":\"https:\/\/archeoparkvsestary.cz\/?page_id=243#breadcrumb\"},\"inLanguage\":\"cs\",\"potentialAction\":[{\"@type\":\"ReadAction\",\"target\":[\"https:\/\/archeoparkvsestary.cz\/?page_id=243\"]}]},{\"@type\":\"ImageObject\",\"inLanguage\":\"cs\",\"@id\":\"https:\/\/archeoparkvsestary.cz\/?page_id=243#primaryimage\",\"url\":\"https:\/\/archeoparkvsestary.cz\/wp-content\/uploads\/2023\/03\/program4_1-1024x768.jpg\",\"contentUrl\":\"https:\/\/archeoparkvsestary.cz\/wp-content\/uploads\/2023\/03\/program4_1-1024x768.jpg\"},{\"@type\":\"BreadcrumbList\",\"@id\":\"https:\/\/archeoparkvsestary.cz\/?page_id=243#breadcrumb\",\"itemListElement\":[{\"@type\":\"ListItem\",\"position\":1,\"name\":\"Home\",\"item\":\"https:\/\/archeoparkvsestary.cz\/\"},{\"@type\":\"ListItem\",\"position\":2,\"name\":\"Pro \u0161koly\",\"item\":\"http:\/\/archeoparkvsestary.cz\/?page_id=33\"},{\"@type\":\"ListItem\",\"position\":3,\"name\":\"Nab\u00eddka program\u016f\",\"item\":\"http:\/\/archeoparkvsestary.cz\/?page_id=46\"},{\"@type\":\"ListItem\",\"position\":4,\"name\":\"Lovci posledn\u00ed doby ledov\u00e9\"}]},{\"@type\":\"WebSite\",\"@id\":\"https:\/\/archeoparkvsestary.cz\/#website\",\"url\":\"https:\/\/archeoparkvsestary.cz\/\",\"name\":\"Archeopark prav\u011bku V\u0161estary\",\"description\":\"Archeopark prav\u011bku V\u0161estary\",\"publisher\":{\"@id\":\"https:\/\/archeoparkvsestary.cz\/#organization\"},\"potentialAction\":[{\"@type\":\"SearchAction\",\"target\":{\"@type\":\"EntryPoint\",\"urlTemplate\":\"https:\/\/archeoparkvsestary.cz\/?s={search_term_string}\"},\"query-input\":{\"@type\":\"PropertyValueSpecification\",\"valueRequired\":true,\"valueName\":\"search_term_string\"}}],\"inLanguage\":\"cs\"},{\"@type\":\"Organization\",\"@id\":\"https:\/\/archeoparkvsestary.cz\/#organization\",\"name\":\"Archeopark prav\u011bku V\u0161estary\",\"url\":\"https:\/\/archeoparkvsestary.cz\/\",\"logo\":{\"@type\":\"ImageObject\",\"inLanguage\":\"cs\",\"@id\":\"https:\/\/archeoparkvsestary.cz\/#\/schema\/logo\/image\/\",\"url\":\"https:\/\/archeoparkvsestary.cz\/wp-content\/uploads\/2023\/03\/logo_archeopark_nadoba.jpg\",\"contentUrl\":\"https:\/\/archeoparkvsestary.cz\/wp-content\/uploads\/2023\/03\/logo_archeopark_nadoba.jpg\",\"width\":300,\"height\":279,\"caption\":\"Archeopark prav\u011bku V\u0161estary\"},\"image\":{\"@id\":\"https:\/\/archeoparkvsestary.cz\/#\/schema\/logo\/image\/\"},\"sameAs\":[\"https:\/\/www.facebook.com\/archeoparkvsestary\/\"]}]}<\/script>\n<!-- \/ Yoast SEO plugin. -->","yoast_head_json":{"title":"Lovci posledn\u00ed doby ledov\u00e9 - Archeopark prav\u011bku V\u0161estary","robots":{"index":"index","follow":"follow","max-snippet":"max-snippet:-1","max-image-preview":"max-image-preview:large","max-video-preview":"max-video-preview:-1"},"canonical":"https:\/\/archeoparkvsestary.cz\/?page_id=243","og_locale":"cs_CZ","og_type":"article","og_title":"Lovci posledn\u00ed doby ledov\u00e9 - Archeopark prav\u011bku V\u0161estary","og_description":"Popis programu: D\u011bti se sezn\u00e1m\u00ed s\u00a0dobou posledn\u00edch lovc\u016f na na\u0161em \u00fazem\u00ed. Vyzkou\u0161\u00ed si pr\u00e1ci s\u00a0pazourkov\u00fdmi n\u00e1stroji, dozv\u00ed se, jak se tehdej\u0161\u00ed lid\u00e9 \u0161atili, zdobili i jak\u00e9 vytv\u00e1\u0159eli um\u011bn\u00ed. Nav\u0161t\u00edv\u00ed repliku prav\u011bk\u00e9ho obydl\u00ed, zah\u00e1z\u00ed si o\u0161t\u011bpem z\u00a0ruky i pomoc\u00ed vrha\u010de. Vzd\u011bl\u00e1vac\u00ed oblast: Program navazuje a dopl\u0148uje u\u010divo obsa\u017een\u00e9 ve vzd\u011bl\u00e1vac\u00ed oblasti \u010clov\u011bk a jeho sv\u011bt \u2013 Lid\u00e9 a \u010das. Program prob\u00edh\u00e1 jak v&nbsp;interi\u00e9ru tak exteri\u00e9ru. Doporu\u010dujeme obl\u00e9ci se s&nbsp;ohledem na po\u010das\u00ed a mo\u017enost umaz\u00e1n\u00ed se. Nejedn\u00e1 se o prohl\u00eddku cel\u00e9ho muzea.","og_url":"https:\/\/archeoparkvsestary.cz\/?page_id=243","og_site_name":"Archeopark prav\u011bku V\u0161estary","article_publisher":"https:\/\/www.facebook.com\/archeoparkvsestary\/","article_modified_time":"2023-03-30T14:34:38+00:00","og_image":[{"url":"https:\/\/archeoparkvsestary.cz\/wp-content\/uploads\/2023\/03\/program4_1-1024x768.jpg","type":"","width":"","height":""}],"twitter_card":"summary_large_image","twitter_misc":{"Odhadovan\u00e1 doba \u010dten\u00ed":"2 minuty"},"schema":{"@context":"https:\/\/schema.org","@graph":[{"@type":"WebPage","@id":"https:\/\/archeoparkvsestary.cz\/?page_id=243","url":"https:\/\/archeoparkvsestary.cz\/?page_id=243","name":"Lovci posledn\u00ed doby ledov\u00e9 - Archeopark prav\u011bku V\u0161estary","isPartOf":{"@id":"https:\/\/archeoparkvsestary.cz\/#website"},"primaryImageOfPage":{"@id":"https:\/\/archeoparkvsestary.cz\/?page_id=243#primaryimage"},"image":{"@id":"https:\/\/archeoparkvsestary.cz\/?page_id=243#primaryimage"},"thumbnailUrl":"https:\/\/archeoparkvsestary.cz\/wp-content\/uploads\/2023\/03\/program4_1-1024x768.jpg","datePublished":"2023-03-27T18:53:50+00:00","dateModified":"2023-03-30T14:34:38+00:00","breadcrumb":{"@id":"https:\/\/archeoparkvsestary.cz\/?page_id=243#breadcrumb"},"inLanguage":"cs","potentialAction":[{"@type":"ReadAction","target":["https:\/\/archeoparkvsestary.cz\/?page_id=243"]}]},{"@type":"ImageObject","inLanguage":"cs","@id":"https:\/\/archeoparkvsestary.cz\/?page_id=243#primaryimage","url":"https:\/\/archeoparkvsestary.cz\/wp-content\/uploads\/2023\/03\/program4_1-1024x768.jpg","contentUrl":"https:\/\/archeoparkvsestary.cz\/wp-content\/uploads\/2023\/03\/program4_1-1024x768.jpg"},{"@type":"BreadcrumbList","@id":"https:\/\/archeoparkvsestary.cz\/?page_id=243#breadcrumb","itemListElement":[{"@type":"ListItem","position":1,"name":"Home","item":"https:\/\/archeoparkvsestary.cz\/"},{"@type":"ListItem","position":2,"name":"Pro \u0161koly","item":"http:\/\/archeoparkvsestary.cz\/?page_id=33"},{"@type":"ListItem","position":3,"name":"Nab\u00eddka program\u016f","item":"http:\/\/archeoparkvsestary.cz\/?page_id=46"},{"@type":"ListItem","position":4,"name":"Lovci posledn\u00ed doby ledov\u00e9"}]},{"@type":"WebSite","@id":"https:\/\/archeoparkvsestary.cz\/#website","url":"https:\/\/archeoparkvsestary.cz\/","name":"Archeopark prav\u011bku V\u0161estary","description":"Archeopark prav\u011bku V\u0161estary","publisher":{"@id":"https:\/\/archeoparkvsestary.cz\/#organization"},"potentialAction":[{"@type":"SearchAction","target":{"@type":"EntryPoint","urlTemplate":"https:\/\/archeoparkvsestary.cz\/?s={search_term_string}"},"query-input":{"@type":"PropertyValueSpecification","valueRequired":true,"valueName":"search_term_string"}}],"inLanguage":"cs"},{"@type":"Organization","@id":"https:\/\/archeoparkvsestary.cz\/#organization","name":"Archeopark prav\u011bku V\u0161estary","url":"https:\/\/archeoparkvsestary.cz\/","logo":{"@type":"ImageObject","inLanguage":"cs","@id":"https:\/\/archeoparkvsestary.cz\/#\/schema\/logo\/image\/","url":"https:\/\/archeoparkvsestary.cz\/wp-content\/uploads\/2023\/03\/logo_archeopark_nadoba.jpg","contentUrl":"https:\/\/archeoparkvsestary.cz\/wp-content\/uploads\/2023\/03\/logo_archeopark_nadoba.jpg","width":300,"height":279,"caption":"Archeopark prav\u011bku V\u0161estary"},"image":{"@id":"https:\/\/archeoparkvsestary.cz\/#\/schema\/logo\/image\/"},"sameAs":["https:\/\/www.facebook.com\/archeoparkvsestary\/"]}]}},"_links":{"self":[{"href":"https:\/\/archeoparkvsestary.cz\/index.php?rest_route=\/wp\/v2\/pages\/243","targetHints":{"allow":["GET"]}}],"collection":[{"href":"https:\/\/archeoparkvsestary.cz\/index.php?rest_route=\/wp\/v2\/pages"}],"about":[{"href":"https:\/\/archeoparkvsestary.cz\/index.php?rest_route=\/wp\/v2\/types\/page"}],"author":[{"embeddable":true,"href":"https:\/\/archeoparkvsestary.cz\/index.php?rest_route=\/wp\/v2\/users\/1"}],"replies":[{"embeddable":true,"href":"https:\/\/archeoparkvsestary.cz\/index.php?rest_route=%2Fwp%2Fv2%2Fcomments&post=243"}],"version-history":[{"count":5,"href":"https:\/\/archeoparkvsestary.cz\/index.php?rest_route=\/wp\/v2\/pages\/243\/revisions"}],"predecessor-version":[{"id":631,"href":"https:\/\/archeoparkvsestary.cz\/index.php?rest_route=\/wp\/v2\/pages\/243\/revisions\/631"}],"up":[{"embeddable":true,"href":"https:\/\/archeoparkvsestary.cz\/index.php?rest_route=\/wp\/v2\/pages\/46"}],"wp:attachment":[{"href":"https:\/\/archeoparkvsestary.cz\/index.php?rest_route=%2Fwp%2Fv2%2Fmedia&parent=243"}],"curies":[{"name":"wp","href":"https:\/\/api.w.org\/{rel}","templated":true}]}}