{"id":2475,"date":"2026-02-16T12:28:05","date_gmt":"2026-02-16T11:28:05","guid":{"rendered":"https:\/\/archeoparkvsestary.cz\/?page_id=2475"},"modified":"2026-02-16T12:28:06","modified_gmt":"2026-02-16T11:28:06","slug":"smena-je-zivot","status":"publish","type":"page","link":"https:\/\/archeoparkvsestary.cz\/?page_id=2475","title":{"rendered":"Sm\u011bna je \u017eivot"},"content":{"rendered":"\n<p><strong>Popis programu: <\/strong>Program je zam\u011b\u0159en na obchod v prav\u011bku. D\u011bti se dozv\u011bd\u00ed, kudy vedly obchodn\u00ed trasy, jak\u00e9 zbo\u017e\u00ed a suroviny se po nich p\u0159epravovaly, jak prav\u011bc\u00ed obchodn\u00edci n\u00e1klad p\u0159ev\u00e1\u017eeli i \u010d\u00edm se tehdy platilo.<\/p>\n\n\n\n<p>Sou\u010d\u00e1st\u00ed programu je tak\u00e9 prohl\u00eddka nov\u00e9 budovy muzea s expozic\u00ed Monoxylon.<\/p>\n\n\n\n<p>Na z\u00e1v\u011br si d\u011bti prakticky vyzkou\u0161\u00ed, jak lze jednoduch\u00fdm zp\u016fsobem p\u0159esunout leh\u010d\u00ed i t\u011b\u017e\u0161\u00ed n\u00e1klad.<\/p>\n\n\n\n<p><em>Nejedn\u00e1 se o prohl\u00eddku cel\u00e9ho muzea.<\/em><\/p>\n","protected":false},"excerpt":{"rendered":"<p>Popis programu: Program je zam\u011b\u0159en na obchod v prav\u011bku. D\u011bti se dozv\u011bd\u00ed, kudy vedly obchodn\u00ed trasy, jak\u00e9 zbo\u017e\u00ed a suroviny se po nich p\u0159epravovaly, jak prav\u011bc\u00ed obchodn\u00edci n\u00e1klad p\u0159ev\u00e1\u017eeli i \u010d\u00edm se tehdy platilo. Sou\u010d\u00e1st\u00ed programu je tak\u00e9 prohl\u00eddka nov\u00e9 budovy muzea s expozic\u00ed Monoxylon. Na z\u00e1v\u011br si d\u011bti prakticky vyzkou\u0161\u00ed, jak lze jednoduch\u00fdm zp\u016fsobem p\u0159esunout leh\u010d\u00ed i t\u011b\u017e\u0161\u00ed n\u00e1klad. Nejedn\u00e1 se o prohl\u00eddku cel\u00e9ho muzea.<\/p>\n","protected":false},"author":1,"featured_media":0,"parent":0,"menu_order":0,"comment_status":"closed","ping_status":"closed","template":"","meta":{"_monsterinsights_skip_tracking":false,"_monsterinsights_sitenote_active":false,"_monsterinsights_sitenote_note":"","_monsterinsights_sitenote_category":0,"footnotes":""},"class_list":["post-2475","page","type-page","status-publish","hentry"],"yoast_head":"<!-- This site is optimized with the Yoast SEO plugin v26.7 - https:\/\/yoast.com\/wordpress\/plugins\/seo\/ -->\n<title>Sm\u011bna je \u017eivot - Archeopark prav\u011bku V\u0161estary<\/title>\n<meta name=\"robots\" content=\"index, follow, max-snippet:-1, max-image-preview:large, max-video-preview:-1\" \/>\n<link rel=\"canonical\" href=\"https:\/\/archeoparkvsestary.cz\/?page_id=2475\" \/>\n<meta property=\"og:locale\" content=\"cs_CZ\" \/>\n<meta property=\"og:type\" content=\"article\" \/>\n<meta property=\"og:title\" content=\"Sm\u011bna je \u017eivot - Archeopark prav\u011bku V\u0161estary\" \/>\n<meta property=\"og:description\" content=\"Popis programu: Program je zam\u011b\u0159en na obchod v prav\u011bku. D\u011bti se dozv\u011bd\u00ed, kudy vedly obchodn\u00ed trasy, jak\u00e9 zbo\u017e\u00ed a suroviny se po nich p\u0159epravovaly, jak prav\u011bc\u00ed obchodn\u00edci n\u00e1klad p\u0159ev\u00e1\u017eeli i \u010d\u00edm se tehdy platilo. Sou\u010d\u00e1st\u00ed programu je tak\u00e9 prohl\u00eddka nov\u00e9 budovy muzea s expozic\u00ed Monoxylon. Na z\u00e1v\u011br si d\u011bti prakticky vyzkou\u0161\u00ed, jak lze jednoduch\u00fdm zp\u016fsobem p\u0159esunout leh\u010d\u00ed i t\u011b\u017e\u0161\u00ed n\u00e1klad. Nejedn\u00e1 se o prohl\u00eddku cel\u00e9ho muzea.\" \/>\n<meta property=\"og:url\" content=\"https:\/\/archeoparkvsestary.cz\/?page_id=2475\" \/>\n<meta property=\"og:site_name\" content=\"Archeopark prav\u011bku V\u0161estary\" \/>\n<meta property=\"article:publisher\" content=\"https:\/\/www.facebook.com\/archeoparkvsestary\/\" \/>\n<meta property=\"article:modified_time\" content=\"2026-02-16T11:28:06+00:00\" \/>\n<meta name=\"twitter:card\" content=\"summary_large_image\" \/>\n<meta name=\"twitter:label1\" content=\"Odhadovan\u00e1 doba \u010dten\u00ed\" \/>\n\t<meta name=\"twitter:data1\" content=\"1 minuta\" \/>\n<script type=\"application\/ld+json\" class=\"yoast-schema-graph\">{\"@context\":\"https:\/\/schema.org\",\"@graph\":[{\"@type\":\"WebPage\",\"@id\":\"https:\/\/archeoparkvsestary.cz\/?page_id=2475\",\"url\":\"https:\/\/archeoparkvsestary.cz\/?page_id=2475\",\"name\":\"Sm\u011bna je \u017eivot - Archeopark prav\u011bku V\u0161estary\",\"isPartOf\":{\"@id\":\"https:\/\/archeoparkvsestary.cz\/#website\"},\"datePublished\":\"2026-02-16T11:28:05+00:00\",\"dateModified\":\"2026-02-16T11:28:06+00:00\",\"breadcrumb\":{\"@id\":\"https:\/\/archeoparkvsestary.cz\/?page_id=2475#breadcrumb\"},\"inLanguage\":\"cs\",\"potentialAction\":[{\"@type\":\"ReadAction\",\"target\":[\"https:\/\/archeoparkvsestary.cz\/?page_id=2475\"]}]},{\"@type\":\"BreadcrumbList\",\"@id\":\"https:\/\/archeoparkvsestary.cz\/?page_id=2475#breadcrumb\",\"itemListElement\":[{\"@type\":\"ListItem\",\"position\":1,\"name\":\"Home\",\"item\":\"https:\/\/archeoparkvsestary.cz\/\"},{\"@type\":\"ListItem\",\"position\":2,\"name\":\"Sm\u011bna je \u017eivot\"}]},{\"@type\":\"WebSite\",\"@id\":\"https:\/\/archeoparkvsestary.cz\/#website\",\"url\":\"https:\/\/archeoparkvsestary.cz\/\",\"name\":\"Archeopark prav\u011bku V\u0161estary\",\"description\":\"Archeopark prav\u011bku V\u0161estary\",\"publisher\":{\"@id\":\"https:\/\/archeoparkvsestary.cz\/#organization\"},\"potentialAction\":[{\"@type\":\"SearchAction\",\"target\":{\"@type\":\"EntryPoint\",\"urlTemplate\":\"https:\/\/archeoparkvsestary.cz\/?s={search_term_string}\"},\"query-input\":{\"@type\":\"PropertyValueSpecification\",\"valueRequired\":true,\"valueName\":\"search_term_string\"}}],\"inLanguage\":\"cs\"},{\"@type\":\"Organization\",\"@id\":\"https:\/\/archeoparkvsestary.cz\/#organization\",\"name\":\"Archeopark prav\u011bku V\u0161estary\",\"url\":\"https:\/\/archeoparkvsestary.cz\/\",\"logo\":{\"@type\":\"ImageObject\",\"inLanguage\":\"cs\",\"@id\":\"https:\/\/archeoparkvsestary.cz\/#\/schema\/logo\/image\/\",\"url\":\"https:\/\/archeoparkvsestary.cz\/wp-content\/uploads\/2023\/03\/logo_archeopark_nadoba.jpg\",\"contentUrl\":\"https:\/\/archeoparkvsestary.cz\/wp-content\/uploads\/2023\/03\/logo_archeopark_nadoba.jpg\",\"width\":300,\"height\":279,\"caption\":\"Archeopark prav\u011bku V\u0161estary\"},\"image\":{\"@id\":\"https:\/\/archeoparkvsestary.cz\/#\/schema\/logo\/image\/\"},\"sameAs\":[\"https:\/\/www.facebook.com\/archeoparkvsestary\/\"]}]}<\/script>\n<!-- \/ Yoast SEO plugin. -->","yoast_head_json":{"title":"Sm\u011bna je \u017eivot - Archeopark prav\u011bku V\u0161estary","robots":{"index":"index","follow":"follow","max-snippet":"max-snippet:-1","max-image-preview":"max-image-preview:large","max-video-preview":"max-video-preview:-1"},"canonical":"https:\/\/archeoparkvsestary.cz\/?page_id=2475","og_locale":"cs_CZ","og_type":"article","og_title":"Sm\u011bna je \u017eivot - Archeopark prav\u011bku V\u0161estary","og_description":"Popis programu: Program je zam\u011b\u0159en na obchod v prav\u011bku. D\u011bti se dozv\u011bd\u00ed, kudy vedly obchodn\u00ed trasy, jak\u00e9 zbo\u017e\u00ed a suroviny se po nich p\u0159epravovaly, jak prav\u011bc\u00ed obchodn\u00edci n\u00e1klad p\u0159ev\u00e1\u017eeli i \u010d\u00edm se tehdy platilo. Sou\u010d\u00e1st\u00ed programu je tak\u00e9 prohl\u00eddka nov\u00e9 budovy muzea s expozic\u00ed Monoxylon. Na z\u00e1v\u011br si d\u011bti prakticky vyzkou\u0161\u00ed, jak lze jednoduch\u00fdm zp\u016fsobem p\u0159esunout leh\u010d\u00ed i t\u011b\u017e\u0161\u00ed n\u00e1klad. Nejedn\u00e1 se o prohl\u00eddku cel\u00e9ho muzea.","og_url":"https:\/\/archeoparkvsestary.cz\/?page_id=2475","og_site_name":"Archeopark prav\u011bku V\u0161estary","article_publisher":"https:\/\/www.facebook.com\/archeoparkvsestary\/","article_modified_time":"2026-02-16T11:28:06+00:00","twitter_card":"summary_large_image","twitter_misc":{"Odhadovan\u00e1 doba \u010dten\u00ed":"1 minuta"},"schema":{"@context":"https:\/\/schema.org","@graph":[{"@type":"WebPage","@id":"https:\/\/archeoparkvsestary.cz\/?page_id=2475","url":"https:\/\/archeoparkvsestary.cz\/?page_id=2475","name":"Sm\u011bna je \u017eivot - Archeopark prav\u011bku V\u0161estary","isPartOf":{"@id":"https:\/\/archeoparkvsestary.cz\/#website"},"datePublished":"2026-02-16T11:28:05+00:00","dateModified":"2026-02-16T11:28:06+00:00","breadcrumb":{"@id":"https:\/\/archeoparkvsestary.cz\/?page_id=2475#breadcrumb"},"inLanguage":"cs","potentialAction":[{"@type":"ReadAction","target":["https:\/\/archeoparkvsestary.cz\/?page_id=2475"]}]},{"@type":"BreadcrumbList","@id":"https:\/\/archeoparkvsestary.cz\/?page_id=2475#breadcrumb","itemListElement":[{"@type":"ListItem","position":1,"name":"Home","item":"https:\/\/archeoparkvsestary.cz\/"},{"@type":"ListItem","position":2,"name":"Sm\u011bna je \u017eivot"}]},{"@type":"WebSite","@id":"https:\/\/archeoparkvsestary.cz\/#website","url":"https:\/\/archeoparkvsestary.cz\/","name":"Archeopark prav\u011bku V\u0161estary","description":"Archeopark prav\u011bku V\u0161estary","publisher":{"@id":"https:\/\/archeoparkvsestary.cz\/#organization"},"potentialAction":[{"@type":"SearchAction","target":{"@type":"EntryPoint","urlTemplate":"https:\/\/archeoparkvsestary.cz\/?s={search_term_string}"},"query-input":{"@type":"PropertyValueSpecification","valueRequired":true,"valueName":"search_term_string"}}],"inLanguage":"cs"},{"@type":"Organization","@id":"https:\/\/archeoparkvsestary.cz\/#organization","name":"Archeopark prav\u011bku V\u0161estary","url":"https:\/\/archeoparkvsestary.cz\/","logo":{"@type":"ImageObject","inLanguage":"cs","@id":"https:\/\/archeoparkvsestary.cz\/#\/schema\/logo\/image\/","url":"https:\/\/archeoparkvsestary.cz\/wp-content\/uploads\/2023\/03\/logo_archeopark_nadoba.jpg","contentUrl":"https:\/\/archeoparkvsestary.cz\/wp-content\/uploads\/2023\/03\/logo_archeopark_nadoba.jpg","width":300,"height":279,"caption":"Archeopark prav\u011bku V\u0161estary"},"image":{"@id":"https:\/\/archeoparkvsestary.cz\/#\/schema\/logo\/image\/"},"sameAs":["https:\/\/www.facebook.com\/archeoparkvsestary\/"]}]}},"_links":{"self":[{"href":"https:\/\/archeoparkvsestary.cz\/index.php?rest_route=\/wp\/v2\/pages\/2475","targetHints":{"allow":["GET"]}}],"collection":[{"href":"https:\/\/archeoparkvsestary.cz\/index.php?rest_route=\/wp\/v2\/pages"}],"about":[{"href":"https:\/\/archeoparkvsestary.cz\/index.php?rest_route=\/wp\/v2\/types\/page"}],"author":[{"embeddable":true,"href":"https:\/\/archeoparkvsestary.cz\/index.php?rest_route=\/wp\/v2\/users\/1"}],"replies":[{"embeddable":true,"href":"https:\/\/archeoparkvsestary.cz\/index.php?rest_route=%2Fwp%2Fv2%2Fcomments&post=2475"}],"version-history":[{"count":1,"href":"https:\/\/archeoparkvsestary.cz\/index.php?rest_route=\/wp\/v2\/pages\/2475\/revisions"}],"predecessor-version":[{"id":2476,"href":"https:\/\/archeoparkvsestary.cz\/index.php?rest_route=\/wp\/v2\/pages\/2475\/revisions\/2476"}],"wp:attachment":[{"href":"https:\/\/archeoparkvsestary.cz\/index.php?rest_route=%2Fwp%2Fv2%2Fmedia&parent=2475"}],"curies":[{"name":"wp","href":"https:\/\/api.w.org\/{rel}","templated":true}]}}