{"id":257,"date":"2023-03-27T20:56:35","date_gmt":"2023-03-27T18:56:35","guid":{"rendered":"https:\/\/archeoparkvsestary.cz\/?page_id=257"},"modified":"2023-03-30T16:38:48","modified_gmt":"2023-03-30T14:38:48","slug":"jak-keltove-ke-kalhotam-prisli-textilni-techniky-praveku","status":"publish","type":"page","link":"https:\/\/archeoparkvsestary.cz\/?page_id=257","title":{"rendered":"Jak Keltov\u00e9 ke kalhot\u00e1m p\u0159i\u0161li. (Textiln\u00ed techniky prav\u011bku)"},"content":{"rendered":"\n<p><strong>Popis programu: <\/strong>V\u00edte, \u017ee to byli Keltov\u00e9, kdo se u n\u00e1s jako prvn\u00ed obl\u00e9kal do kalhot? Nev\u00edte? Dozv\u00edte se. A mnohem v\u00edc nap\u0159\u00edklad z \u010deho a jak p\u0159ipravovali nit\u011b, jak a \u010d\u00edm je barvili, jak\u00e9 ovl\u00e1dali tkalcovsk\u00e9 techniky a jak\u00e9 modely z l\u00e1tek vytv\u00e1\u0159eli. V\u0161e si m\u016f\u017eete samoz\u0159ejm\u011b sami vyzkou\u0161et. Metodou plst\u011bn\u00ed vlny za mokra si vyrob\u00edte sv\u016fj vlastn\u00ed \u0161perk.<\/p>\n\n\n\n<p>Program prob\u00edh\u00e1 v&nbsp;interi\u00e9ru.<\/p>\n\n\n\n<p><em>Nejedn\u00e1 se o prohl\u00eddku cel\u00e9ho muzea.<\/em><\/p>\n","protected":false},"excerpt":{"rendered":"<p>Popis programu: V\u00edte, \u017ee to byli Keltov\u00e9, kdo se u n\u00e1s jako prvn\u00ed obl\u00e9kal do kalhot? Nev\u00edte? Dozv\u00edte se. A mnohem v\u00edc nap\u0159\u00edklad z \u010deho a jak p\u0159ipravovali nit\u011b, jak a \u010d\u00edm je barvili, jak\u00e9 ovl\u00e1dali tkalcovsk\u00e9 techniky a jak\u00e9 modely z l\u00e1tek vytv\u00e1\u0159eli. V\u0161e si m\u016f\u017eete samoz\u0159ejm\u011b sami vyzkou\u0161et. Metodou plst\u011bn\u00ed vlny za mokra si vyrob\u00edte sv\u016fj vlastn\u00ed \u0161perk. Program prob\u00edh\u00e1 v&nbsp;interi\u00e9ru. Nejedn\u00e1 se o prohl\u00eddku cel\u00e9ho muzea.<\/p>\n","protected":false},"author":1,"featured_media":0,"parent":46,"menu_order":11,"comment_status":"closed","ping_status":"closed","template":"","meta":{"_monsterinsights_skip_tracking":false,"_monsterinsights_sitenote_active":false,"_monsterinsights_sitenote_note":"","_monsterinsights_sitenote_category":0,"footnotes":""},"class_list":["post-257","page","type-page","status-publish","hentry"],"yoast_head":"<!-- This site is optimized with the Yoast SEO plugin v26.7 - https:\/\/yoast.com\/wordpress\/plugins\/seo\/ -->\n<title>Jak Keltov\u00e9 ke kalhot\u00e1m p\u0159i\u0161li. (Textiln\u00ed techniky prav\u011bku) - Archeopark prav\u011bku V\u0161estary<\/title>\n<meta name=\"robots\" content=\"index, follow, max-snippet:-1, max-image-preview:large, max-video-preview:-1\" \/>\n<link rel=\"canonical\" href=\"https:\/\/archeoparkvsestary.cz\/?page_id=257\" \/>\n<meta property=\"og:locale\" content=\"cs_CZ\" \/>\n<meta property=\"og:type\" content=\"article\" \/>\n<meta property=\"og:title\" content=\"Jak Keltov\u00e9 ke kalhot\u00e1m p\u0159i\u0161li. (Textiln\u00ed techniky prav\u011bku) - Archeopark prav\u011bku V\u0161estary\" \/>\n<meta property=\"og:description\" content=\"Popis programu: V\u00edte, \u017ee to byli Keltov\u00e9, kdo se u n\u00e1s jako prvn\u00ed obl\u00e9kal do kalhot? Nev\u00edte? Dozv\u00edte se. A mnohem v\u00edc nap\u0159\u00edklad z \u010deho a jak p\u0159ipravovali nit\u011b, jak a \u010d\u00edm je barvili, jak\u00e9 ovl\u00e1dali tkalcovsk\u00e9 techniky a jak\u00e9 modely z l\u00e1tek vytv\u00e1\u0159eli. V\u0161e si m\u016f\u017eete samoz\u0159ejm\u011b sami vyzkou\u0161et. Metodou plst\u011bn\u00ed vlny za mokra si vyrob\u00edte sv\u016fj vlastn\u00ed \u0161perk. Program prob\u00edh\u00e1 v&nbsp;interi\u00e9ru. Nejedn\u00e1 se o prohl\u00eddku cel\u00e9ho muzea.\" \/>\n<meta property=\"og:url\" content=\"https:\/\/archeoparkvsestary.cz\/?page_id=257\" \/>\n<meta property=\"og:site_name\" content=\"Archeopark prav\u011bku V\u0161estary\" \/>\n<meta property=\"article:publisher\" content=\"https:\/\/www.facebook.com\/archeoparkvsestary\/\" \/>\n<meta property=\"article:modified_time\" content=\"2023-03-30T14:38:48+00:00\" \/>\n<meta name=\"twitter:card\" content=\"summary_large_image\" \/>\n<meta name=\"twitter:label1\" content=\"Odhadovan\u00e1 doba \u010dten\u00ed\" \/>\n\t<meta name=\"twitter:data1\" content=\"1 minuta\" \/>\n<script type=\"application\/ld+json\" class=\"yoast-schema-graph\">{\"@context\":\"https:\/\/schema.org\",\"@graph\":[{\"@type\":\"WebPage\",\"@id\":\"https:\/\/archeoparkvsestary.cz\/?page_id=257\",\"url\":\"https:\/\/archeoparkvsestary.cz\/?page_id=257\",\"name\":\"Jak Keltov\u00e9 ke kalhot\u00e1m p\u0159i\u0161li. (Textiln\u00ed techniky prav\u011bku) - Archeopark prav\u011bku V\u0161estary\",\"isPartOf\":{\"@id\":\"https:\/\/archeoparkvsestary.cz\/#website\"},\"datePublished\":\"2023-03-27T18:56:35+00:00\",\"dateModified\":\"2023-03-30T14:38:48+00:00\",\"breadcrumb\":{\"@id\":\"https:\/\/archeoparkvsestary.cz\/?page_id=257#breadcrumb\"},\"inLanguage\":\"cs\",\"potentialAction\":[{\"@type\":\"ReadAction\",\"target\":[\"https:\/\/archeoparkvsestary.cz\/?page_id=257\"]}]},{\"@type\":\"BreadcrumbList\",\"@id\":\"https:\/\/archeoparkvsestary.cz\/?page_id=257#breadcrumb\",\"itemListElement\":[{\"@type\":\"ListItem\",\"position\":1,\"name\":\"Home\",\"item\":\"https:\/\/archeoparkvsestary.cz\/\"},{\"@type\":\"ListItem\",\"position\":2,\"name\":\"Pro \u0161koly\",\"item\":\"http:\/\/archeoparkvsestary.cz\/?page_id=33\"},{\"@type\":\"ListItem\",\"position\":3,\"name\":\"Nab\u00eddka program\u016f\",\"item\":\"http:\/\/archeoparkvsestary.cz\/?page_id=46\"},{\"@type\":\"ListItem\",\"position\":4,\"name\":\"Jak Keltov\u00e9 ke kalhot\u00e1m p\u0159i\u0161li. (Textiln\u00ed techniky prav\u011bku)\"}]},{\"@type\":\"WebSite\",\"@id\":\"https:\/\/archeoparkvsestary.cz\/#website\",\"url\":\"https:\/\/archeoparkvsestary.cz\/\",\"name\":\"Archeopark prav\u011bku V\u0161estary\",\"description\":\"Archeopark prav\u011bku V\u0161estary\",\"publisher\":{\"@id\":\"https:\/\/archeoparkvsestary.cz\/#organization\"},\"potentialAction\":[{\"@type\":\"SearchAction\",\"target\":{\"@type\":\"EntryPoint\",\"urlTemplate\":\"https:\/\/archeoparkvsestary.cz\/?s={search_term_string}\"},\"query-input\":{\"@type\":\"PropertyValueSpecification\",\"valueRequired\":true,\"valueName\":\"search_term_string\"}}],\"inLanguage\":\"cs\"},{\"@type\":\"Organization\",\"@id\":\"https:\/\/archeoparkvsestary.cz\/#organization\",\"name\":\"Archeopark prav\u011bku V\u0161estary\",\"url\":\"https:\/\/archeoparkvsestary.cz\/\",\"logo\":{\"@type\":\"ImageObject\",\"inLanguage\":\"cs\",\"@id\":\"https:\/\/archeoparkvsestary.cz\/#\/schema\/logo\/image\/\",\"url\":\"https:\/\/archeoparkvsestary.cz\/wp-content\/uploads\/2023\/03\/logo_archeopark_nadoba.jpg\",\"contentUrl\":\"https:\/\/archeoparkvsestary.cz\/wp-content\/uploads\/2023\/03\/logo_archeopark_nadoba.jpg\",\"width\":300,\"height\":279,\"caption\":\"Archeopark prav\u011bku V\u0161estary\"},\"image\":{\"@id\":\"https:\/\/archeoparkvsestary.cz\/#\/schema\/logo\/image\/\"},\"sameAs\":[\"https:\/\/www.facebook.com\/archeoparkvsestary\/\"]}]}<\/script>\n<!-- \/ Yoast SEO plugin. -->","yoast_head_json":{"title":"Jak Keltov\u00e9 ke kalhot\u00e1m p\u0159i\u0161li. (Textiln\u00ed techniky prav\u011bku) - Archeopark prav\u011bku V\u0161estary","robots":{"index":"index","follow":"follow","max-snippet":"max-snippet:-1","max-image-preview":"max-image-preview:large","max-video-preview":"max-video-preview:-1"},"canonical":"https:\/\/archeoparkvsestary.cz\/?page_id=257","og_locale":"cs_CZ","og_type":"article","og_title":"Jak Keltov\u00e9 ke kalhot\u00e1m p\u0159i\u0161li. (Textiln\u00ed techniky prav\u011bku) - Archeopark prav\u011bku V\u0161estary","og_description":"Popis programu: V\u00edte, \u017ee to byli Keltov\u00e9, kdo se u n\u00e1s jako prvn\u00ed obl\u00e9kal do kalhot? Nev\u00edte? Dozv\u00edte se. A mnohem v\u00edc nap\u0159\u00edklad z \u010deho a jak p\u0159ipravovali nit\u011b, jak a \u010d\u00edm je barvili, jak\u00e9 ovl\u00e1dali tkalcovsk\u00e9 techniky a jak\u00e9 modely z l\u00e1tek vytv\u00e1\u0159eli. V\u0161e si m\u016f\u017eete samoz\u0159ejm\u011b sami vyzkou\u0161et. Metodou plst\u011bn\u00ed vlny za mokra si vyrob\u00edte sv\u016fj vlastn\u00ed \u0161perk. Program prob\u00edh\u00e1 v&nbsp;interi\u00e9ru. Nejedn\u00e1 se o prohl\u00eddku cel\u00e9ho muzea.","og_url":"https:\/\/archeoparkvsestary.cz\/?page_id=257","og_site_name":"Archeopark prav\u011bku V\u0161estary","article_publisher":"https:\/\/www.facebook.com\/archeoparkvsestary\/","article_modified_time":"2023-03-30T14:38:48+00:00","twitter_card":"summary_large_image","twitter_misc":{"Odhadovan\u00e1 doba \u010dten\u00ed":"1 minuta"},"schema":{"@context":"https:\/\/schema.org","@graph":[{"@type":"WebPage","@id":"https:\/\/archeoparkvsestary.cz\/?page_id=257","url":"https:\/\/archeoparkvsestary.cz\/?page_id=257","name":"Jak Keltov\u00e9 ke kalhot\u00e1m p\u0159i\u0161li. (Textiln\u00ed techniky prav\u011bku) - Archeopark prav\u011bku V\u0161estary","isPartOf":{"@id":"https:\/\/archeoparkvsestary.cz\/#website"},"datePublished":"2023-03-27T18:56:35+00:00","dateModified":"2023-03-30T14:38:48+00:00","breadcrumb":{"@id":"https:\/\/archeoparkvsestary.cz\/?page_id=257#breadcrumb"},"inLanguage":"cs","potentialAction":[{"@type":"ReadAction","target":["https:\/\/archeoparkvsestary.cz\/?page_id=257"]}]},{"@type":"BreadcrumbList","@id":"https:\/\/archeoparkvsestary.cz\/?page_id=257#breadcrumb","itemListElement":[{"@type":"ListItem","position":1,"name":"Home","item":"https:\/\/archeoparkvsestary.cz\/"},{"@type":"ListItem","position":2,"name":"Pro \u0161koly","item":"http:\/\/archeoparkvsestary.cz\/?page_id=33"},{"@type":"ListItem","position":3,"name":"Nab\u00eddka program\u016f","item":"http:\/\/archeoparkvsestary.cz\/?page_id=46"},{"@type":"ListItem","position":4,"name":"Jak Keltov\u00e9 ke kalhot\u00e1m p\u0159i\u0161li. (Textiln\u00ed techniky prav\u011bku)"}]},{"@type":"WebSite","@id":"https:\/\/archeoparkvsestary.cz\/#website","url":"https:\/\/archeoparkvsestary.cz\/","name":"Archeopark prav\u011bku V\u0161estary","description":"Archeopark prav\u011bku V\u0161estary","publisher":{"@id":"https:\/\/archeoparkvsestary.cz\/#organization"},"potentialAction":[{"@type":"SearchAction","target":{"@type":"EntryPoint","urlTemplate":"https:\/\/archeoparkvsestary.cz\/?s={search_term_string}"},"query-input":{"@type":"PropertyValueSpecification","valueRequired":true,"valueName":"search_term_string"}}],"inLanguage":"cs"},{"@type":"Organization","@id":"https:\/\/archeoparkvsestary.cz\/#organization","name":"Archeopark prav\u011bku V\u0161estary","url":"https:\/\/archeoparkvsestary.cz\/","logo":{"@type":"ImageObject","inLanguage":"cs","@id":"https:\/\/archeoparkvsestary.cz\/#\/schema\/logo\/image\/","url":"https:\/\/archeoparkvsestary.cz\/wp-content\/uploads\/2023\/03\/logo_archeopark_nadoba.jpg","contentUrl":"https:\/\/archeoparkvsestary.cz\/wp-content\/uploads\/2023\/03\/logo_archeopark_nadoba.jpg","width":300,"height":279,"caption":"Archeopark prav\u011bku V\u0161estary"},"image":{"@id":"https:\/\/archeoparkvsestary.cz\/#\/schema\/logo\/image\/"},"sameAs":["https:\/\/www.facebook.com\/archeoparkvsestary\/"]}]}},"_links":{"self":[{"href":"https:\/\/archeoparkvsestary.cz\/index.php?rest_route=\/wp\/v2\/pages\/257","targetHints":{"allow":["GET"]}}],"collection":[{"href":"https:\/\/archeoparkvsestary.cz\/index.php?rest_route=\/wp\/v2\/pages"}],"about":[{"href":"https:\/\/archeoparkvsestary.cz\/index.php?rest_route=\/wp\/v2\/types\/page"}],"author":[{"embeddable":true,"href":"https:\/\/archeoparkvsestary.cz\/index.php?rest_route=\/wp\/v2\/users\/1"}],"replies":[{"embeddable":true,"href":"https:\/\/archeoparkvsestary.cz\/index.php?rest_route=%2Fwp%2Fv2%2Fcomments&post=257"}],"version-history":[{"count":4,"href":"https:\/\/archeoparkvsestary.cz\/index.php?rest_route=\/wp\/v2\/pages\/257\/revisions"}],"predecessor-version":[{"id":639,"href":"https:\/\/archeoparkvsestary.cz\/index.php?rest_route=\/wp\/v2\/pages\/257\/revisions\/639"}],"up":[{"embeddable":true,"href":"https:\/\/archeoparkvsestary.cz\/index.php?rest_route=\/wp\/v2\/pages\/46"}],"wp:attachment":[{"href":"https:\/\/archeoparkvsestary.cz\/index.php?rest_route=%2Fwp%2Fv2%2Fmedia&parent=257"}],"curies":[{"name":"wp","href":"https:\/\/api.w.org\/{rel}","templated":true}]}}