{"id":261,"date":"2023-03-27T20:57:23","date_gmt":"2023-03-27T18:57:23","guid":{"rendered":"https:\/\/archeoparkvsestary.cz\/?page_id=261"},"modified":"2024-01-10T12:43:35","modified_gmt":"2024-01-10T11:43:35","slug":"rim-zivot-v-rime","status":"publish","type":"page","link":"https:\/\/archeoparkvsestary.cz\/?page_id=261","title":{"rendered":"\u0158\u00edm \u2013 \u017eivot v \u0158\u00edm\u011b"},"content":{"rendered":"\n<p><strong>Popis programu: <\/strong>Jak vypadala \u0159\u00edmsk\u00e1 spole\u010dnost? Jak se \u0158\u00edman\u00e9 obl\u00e9kali, jak bydleli, jak a na co psali, \u010d\u00edm platili? Jak se bavili a k&nbsp;\u010demu se modlili? Jak \u0158\u00edm vypadal a kdo se vlastn\u011b za \u0158\u00edmana mohl ozna\u010dovat? To v\u0161e se d\u011bti dozv\u00ed b\u011bhem tohoto programu.<\/p>\n\n\n\n<p><strong>Vzd\u011bl\u00e1vac\u00ed oblast: <\/strong>Program navazuje a dopl\u0148uje u\u010divo obsa\u017een\u00e9 ve vzd\u011bl\u00e1vac\u00ed oblasti \u010clov\u011bk a spole\u010dnost &#8211; D\u011bjepis.<\/p>\n\n\n\n<p>Program prob\u00edh\u00e1 pouze v&nbsp;interi\u00e9ru.<\/p>\n\n\n\n<p><em>Nejedn\u00e1 se o prohl\u00eddku cel\u00e9ho muzea.<\/em><\/p>\n\n\n\n<figure class=\"wp-block-gallery has-nested-images columns-default is-cropped wp-block-gallery-1 is-layout-flex wp-block-gallery-is-layout-flex\">\n<figure class=\"wp-block-image size-large is-style-rounded\"><a href=\"http:\/\/archeoparkvsestary.cz\/wp-content\/uploads\/2024\/01\/program13_1.jpg\"><img loading=\"lazy\" decoding=\"async\" width=\"1024\" height=\"768\" data-id=\"1436\" src=\"http:\/\/archeoparkvsestary.cz\/wp-content\/uploads\/2024\/01\/program13_1-1024x768.jpg\" alt=\"\" class=\"wp-image-1436\" srcset=\"https:\/\/archeoparkvsestary.cz\/wp-content\/uploads\/2024\/01\/program13_1-1024x768.jpg 1024w, https:\/\/archeoparkvsestary.cz\/wp-content\/uploads\/2024\/01\/program13_1-300x225.jpg 300w, https:\/\/archeoparkvsestary.cz\/wp-content\/uploads\/2024\/01\/program13_1-768x576.jpg 768w, https:\/\/archeoparkvsestary.cz\/wp-content\/uploads\/2024\/01\/program13_1-1140x855.jpg 1140w, https:\/\/archeoparkvsestary.cz\/wp-content\/uploads\/2024\/01\/program13_1.jpg 1200w\" sizes=\"auto, (max-width: 1024px) 100vw, 1024px\" \/><\/a><\/figure>\n\n\n\n<figure class=\"wp-block-image size-large is-style-rounded\"><a href=\"http:\/\/archeoparkvsestary.cz\/wp-content\/uploads\/2024\/01\/program13_2.jpg\"><img loading=\"lazy\" decoding=\"async\" width=\"1024\" height=\"768\" data-id=\"1437\" src=\"http:\/\/archeoparkvsestary.cz\/wp-content\/uploads\/2024\/01\/program13_2-1024x768.jpg\" alt=\"\" class=\"wp-image-1437\" srcset=\"https:\/\/archeoparkvsestary.cz\/wp-content\/uploads\/2024\/01\/program13_2-1024x768.jpg 1024w, https:\/\/archeoparkvsestary.cz\/wp-content\/uploads\/2024\/01\/program13_2-300x225.jpg 300w, https:\/\/archeoparkvsestary.cz\/wp-content\/uploads\/2024\/01\/program13_2-768x576.jpg 768w, https:\/\/archeoparkvsestary.cz\/wp-content\/uploads\/2024\/01\/program13_2-1140x855.jpg 1140w, https:\/\/archeoparkvsestary.cz\/wp-content\/uploads\/2024\/01\/program13_2.jpg 1200w\" sizes=\"auto, (max-width: 1024px) 100vw, 1024px\" \/><\/a><\/figure>\n\n\n\n<figure class=\"wp-block-image size-large is-style-rounded\"><a href=\"http:\/\/archeoparkvsestary.cz\/wp-content\/uploads\/2024\/01\/program13_3.jpg\"><img loading=\"lazy\" decoding=\"async\" width=\"1024\" height=\"768\" data-id=\"1438\" src=\"http:\/\/archeoparkvsestary.cz\/wp-content\/uploads\/2024\/01\/program13_3-1024x768.jpg\" alt=\"\" class=\"wp-image-1438\" srcset=\"https:\/\/archeoparkvsestary.cz\/wp-content\/uploads\/2024\/01\/program13_3-1024x768.jpg 1024w, https:\/\/archeoparkvsestary.cz\/wp-content\/uploads\/2024\/01\/program13_3-300x225.jpg 300w, https:\/\/archeoparkvsestary.cz\/wp-content\/uploads\/2024\/01\/program13_3-768x576.jpg 768w, https:\/\/archeoparkvsestary.cz\/wp-content\/uploads\/2024\/01\/program13_3-1140x855.jpg 1140w, https:\/\/archeoparkvsestary.cz\/wp-content\/uploads\/2024\/01\/program13_3.jpg 1200w\" sizes=\"auto, (max-width: 1024px) 100vw, 1024px\" \/><\/a><\/figure>\n<\/figure>\n","protected":false},"excerpt":{"rendered":"<p>Popis programu: Jak vypadala \u0159\u00edmsk\u00e1 spole\u010dnost? Jak se \u0158\u00edman\u00e9 obl\u00e9kali, jak bydleli, jak a na co psali, \u010d\u00edm platili? Jak se bavili a k&nbsp;\u010demu se modlili? Jak \u0158\u00edm vypadal a kdo se vlastn\u011b za \u0158\u00edmana mohl ozna\u010dovat? To v\u0161e se d\u011bti dozv\u00ed b\u011bhem tohoto programu. Vzd\u011bl\u00e1vac\u00ed oblast: Program navazuje a dopl\u0148uje u\u010divo obsa\u017een\u00e9 ve vzd\u011bl\u00e1vac\u00ed oblasti \u010clov\u011bk a spole\u010dnost &#8211; D\u011bjepis. Program prob\u00edh\u00e1 pouze v&nbsp;interi\u00e9ru. Nejedn\u00e1 se o prohl\u00eddku cel\u00e9ho muzea.<\/p>\n","protected":false},"author":1,"featured_media":0,"parent":46,"menu_order":13,"comment_status":"closed","ping_status":"closed","template":"","meta":{"_monsterinsights_skip_tracking":false,"_monsterinsights_sitenote_active":false,"_monsterinsights_sitenote_note":"","_monsterinsights_sitenote_category":0,"footnotes":""},"class_list":["post-261","page","type-page","status-publish","hentry"],"yoast_head":"<!-- This site is optimized with the Yoast SEO plugin v26.7 - https:\/\/yoast.com\/wordpress\/plugins\/seo\/ -->\n<title>\u0158\u00edm \u2013 \u017eivot v \u0158\u00edm\u011b - Archeopark prav\u011bku V\u0161estary<\/title>\n<meta name=\"robots\" content=\"index, follow, max-snippet:-1, max-image-preview:large, max-video-preview:-1\" \/>\n<link rel=\"canonical\" href=\"https:\/\/archeoparkvsestary.cz\/?page_id=261\" \/>\n<meta property=\"og:locale\" content=\"cs_CZ\" \/>\n<meta property=\"og:type\" content=\"article\" \/>\n<meta property=\"og:title\" content=\"\u0158\u00edm \u2013 \u017eivot v \u0158\u00edm\u011b - Archeopark prav\u011bku V\u0161estary\" \/>\n<meta property=\"og:description\" content=\"Popis programu: Jak vypadala \u0159\u00edmsk\u00e1 spole\u010dnost? Jak se \u0158\u00edman\u00e9 obl\u00e9kali, jak bydleli, jak a na co psali, \u010d\u00edm platili? Jak se bavili a k&nbsp;\u010demu se modlili? Jak \u0158\u00edm vypadal a kdo se vlastn\u011b za \u0158\u00edmana mohl ozna\u010dovat? To v\u0161e se d\u011bti dozv\u00ed b\u011bhem tohoto programu. Vzd\u011bl\u00e1vac\u00ed oblast: Program navazuje a dopl\u0148uje u\u010divo obsa\u017een\u00e9 ve vzd\u011bl\u00e1vac\u00ed oblasti \u010clov\u011bk a spole\u010dnost &#8211; D\u011bjepis. Program prob\u00edh\u00e1 pouze v&nbsp;interi\u00e9ru. Nejedn\u00e1 se o prohl\u00eddku cel\u00e9ho muzea.\" \/>\n<meta property=\"og:url\" content=\"https:\/\/archeoparkvsestary.cz\/?page_id=261\" \/>\n<meta property=\"og:site_name\" content=\"Archeopark prav\u011bku V\u0161estary\" \/>\n<meta property=\"article:publisher\" content=\"https:\/\/www.facebook.com\/archeoparkvsestary\/\" \/>\n<meta property=\"article:modified_time\" content=\"2024-01-10T11:43:35+00:00\" \/>\n<meta property=\"og:image\" content=\"http:\/\/archeoparkvsestary.cz\/wp-content\/uploads\/2024\/01\/program13_1-1024x768.jpg\" \/>\n<meta name=\"twitter:card\" content=\"summary_large_image\" \/>\n<meta name=\"twitter:label1\" content=\"Odhadovan\u00e1 doba \u010dten\u00ed\" \/>\n\t<meta name=\"twitter:data1\" content=\"1 minuta\" \/>\n<script type=\"application\/ld+json\" class=\"yoast-schema-graph\">{\"@context\":\"https:\/\/schema.org\",\"@graph\":[{\"@type\":\"WebPage\",\"@id\":\"https:\/\/archeoparkvsestary.cz\/?page_id=261\",\"url\":\"https:\/\/archeoparkvsestary.cz\/?page_id=261\",\"name\":\"\u0158\u00edm \u2013 \u017eivot v \u0158\u00edm\u011b - Archeopark prav\u011bku V\u0161estary\",\"isPartOf\":{\"@id\":\"https:\/\/archeoparkvsestary.cz\/#website\"},\"primaryImageOfPage\":{\"@id\":\"https:\/\/archeoparkvsestary.cz\/?page_id=261#primaryimage\"},\"image\":{\"@id\":\"https:\/\/archeoparkvsestary.cz\/?page_id=261#primaryimage\"},\"thumbnailUrl\":\"http:\/\/archeoparkvsestary.cz\/wp-content\/uploads\/2024\/01\/program13_1-1024x768.jpg\",\"datePublished\":\"2023-03-27T18:57:23+00:00\",\"dateModified\":\"2024-01-10T11:43:35+00:00\",\"breadcrumb\":{\"@id\":\"https:\/\/archeoparkvsestary.cz\/?page_id=261#breadcrumb\"},\"inLanguage\":\"cs\",\"potentialAction\":[{\"@type\":\"ReadAction\",\"target\":[\"https:\/\/archeoparkvsestary.cz\/?page_id=261\"]}]},{\"@type\":\"ImageObject\",\"inLanguage\":\"cs\",\"@id\":\"https:\/\/archeoparkvsestary.cz\/?page_id=261#primaryimage\",\"url\":\"https:\/\/archeoparkvsestary.cz\/wp-content\/uploads\/2024\/01\/program13_1.jpg\",\"contentUrl\":\"https:\/\/archeoparkvsestary.cz\/wp-content\/uploads\/2024\/01\/program13_1.jpg\",\"width\":1200,\"height\":900},{\"@type\":\"BreadcrumbList\",\"@id\":\"https:\/\/archeoparkvsestary.cz\/?page_id=261#breadcrumb\",\"itemListElement\":[{\"@type\":\"ListItem\",\"position\":1,\"name\":\"Home\",\"item\":\"https:\/\/archeoparkvsestary.cz\/\"},{\"@type\":\"ListItem\",\"position\":2,\"name\":\"Pro \u0161koly\",\"item\":\"http:\/\/archeoparkvsestary.cz\/?page_id=33\"},{\"@type\":\"ListItem\",\"position\":3,\"name\":\"Nab\u00eddka program\u016f\",\"item\":\"http:\/\/archeoparkvsestary.cz\/?page_id=46\"},{\"@type\":\"ListItem\",\"position\":4,\"name\":\"\u0158\u00edm \u2013 \u017eivot v \u0158\u00edm\u011b\"}]},{\"@type\":\"WebSite\",\"@id\":\"https:\/\/archeoparkvsestary.cz\/#website\",\"url\":\"https:\/\/archeoparkvsestary.cz\/\",\"name\":\"Archeopark prav\u011bku V\u0161estary\",\"description\":\"Archeopark prav\u011bku V\u0161estary\",\"publisher\":{\"@id\":\"https:\/\/archeoparkvsestary.cz\/#organization\"},\"potentialAction\":[{\"@type\":\"SearchAction\",\"target\":{\"@type\":\"EntryPoint\",\"urlTemplate\":\"https:\/\/archeoparkvsestary.cz\/?s={search_term_string}\"},\"query-input\":{\"@type\":\"PropertyValueSpecification\",\"valueRequired\":true,\"valueName\":\"search_term_string\"}}],\"inLanguage\":\"cs\"},{\"@type\":\"Organization\",\"@id\":\"https:\/\/archeoparkvsestary.cz\/#organization\",\"name\":\"Archeopark prav\u011bku V\u0161estary\",\"url\":\"https:\/\/archeoparkvsestary.cz\/\",\"logo\":{\"@type\":\"ImageObject\",\"inLanguage\":\"cs\",\"@id\":\"https:\/\/archeoparkvsestary.cz\/#\/schema\/logo\/image\/\",\"url\":\"https:\/\/archeoparkvsestary.cz\/wp-content\/uploads\/2023\/03\/logo_archeopark_nadoba.jpg\",\"contentUrl\":\"https:\/\/archeoparkvsestary.cz\/wp-content\/uploads\/2023\/03\/logo_archeopark_nadoba.jpg\",\"width\":300,\"height\":279,\"caption\":\"Archeopark prav\u011bku V\u0161estary\"},\"image\":{\"@id\":\"https:\/\/archeoparkvsestary.cz\/#\/schema\/logo\/image\/\"},\"sameAs\":[\"https:\/\/www.facebook.com\/archeoparkvsestary\/\"]}]}<\/script>\n<!-- \/ Yoast SEO plugin. -->","yoast_head_json":{"title":"\u0158\u00edm \u2013 \u017eivot v \u0158\u00edm\u011b - Archeopark prav\u011bku V\u0161estary","robots":{"index":"index","follow":"follow","max-snippet":"max-snippet:-1","max-image-preview":"max-image-preview:large","max-video-preview":"max-video-preview:-1"},"canonical":"https:\/\/archeoparkvsestary.cz\/?page_id=261","og_locale":"cs_CZ","og_type":"article","og_title":"\u0158\u00edm \u2013 \u017eivot v \u0158\u00edm\u011b - Archeopark prav\u011bku V\u0161estary","og_description":"Popis programu: Jak vypadala \u0159\u00edmsk\u00e1 spole\u010dnost? Jak se \u0158\u00edman\u00e9 obl\u00e9kali, jak bydleli, jak a na co psali, \u010d\u00edm platili? Jak se bavili a k&nbsp;\u010demu se modlili? Jak \u0158\u00edm vypadal a kdo se vlastn\u011b za \u0158\u00edmana mohl ozna\u010dovat? To v\u0161e se d\u011bti dozv\u00ed b\u011bhem tohoto programu. Vzd\u011bl\u00e1vac\u00ed oblast: Program navazuje a dopl\u0148uje u\u010divo obsa\u017een\u00e9 ve vzd\u011bl\u00e1vac\u00ed oblasti \u010clov\u011bk a spole\u010dnost &#8211; D\u011bjepis. Program prob\u00edh\u00e1 pouze v&nbsp;interi\u00e9ru. Nejedn\u00e1 se o prohl\u00eddku cel\u00e9ho muzea.","og_url":"https:\/\/archeoparkvsestary.cz\/?page_id=261","og_site_name":"Archeopark prav\u011bku V\u0161estary","article_publisher":"https:\/\/www.facebook.com\/archeoparkvsestary\/","article_modified_time":"2024-01-10T11:43:35+00:00","og_image":[{"url":"http:\/\/archeoparkvsestary.cz\/wp-content\/uploads\/2024\/01\/program13_1-1024x768.jpg","type":"","width":"","height":""}],"twitter_card":"summary_large_image","twitter_misc":{"Odhadovan\u00e1 doba \u010dten\u00ed":"1 minuta"},"schema":{"@context":"https:\/\/schema.org","@graph":[{"@type":"WebPage","@id":"https:\/\/archeoparkvsestary.cz\/?page_id=261","url":"https:\/\/archeoparkvsestary.cz\/?page_id=261","name":"\u0158\u00edm \u2013 \u017eivot v \u0158\u00edm\u011b - Archeopark prav\u011bku V\u0161estary","isPartOf":{"@id":"https:\/\/archeoparkvsestary.cz\/#website"},"primaryImageOfPage":{"@id":"https:\/\/archeoparkvsestary.cz\/?page_id=261#primaryimage"},"image":{"@id":"https:\/\/archeoparkvsestary.cz\/?page_id=261#primaryimage"},"thumbnailUrl":"http:\/\/archeoparkvsestary.cz\/wp-content\/uploads\/2024\/01\/program13_1-1024x768.jpg","datePublished":"2023-03-27T18:57:23+00:00","dateModified":"2024-01-10T11:43:35+00:00","breadcrumb":{"@id":"https:\/\/archeoparkvsestary.cz\/?page_id=261#breadcrumb"},"inLanguage":"cs","potentialAction":[{"@type":"ReadAction","target":["https:\/\/archeoparkvsestary.cz\/?page_id=261"]}]},{"@type":"ImageObject","inLanguage":"cs","@id":"https:\/\/archeoparkvsestary.cz\/?page_id=261#primaryimage","url":"https:\/\/archeoparkvsestary.cz\/wp-content\/uploads\/2024\/01\/program13_1.jpg","contentUrl":"https:\/\/archeoparkvsestary.cz\/wp-content\/uploads\/2024\/01\/program13_1.jpg","width":1200,"height":900},{"@type":"BreadcrumbList","@id":"https:\/\/archeoparkvsestary.cz\/?page_id=261#breadcrumb","itemListElement":[{"@type":"ListItem","position":1,"name":"Home","item":"https:\/\/archeoparkvsestary.cz\/"},{"@type":"ListItem","position":2,"name":"Pro \u0161koly","item":"http:\/\/archeoparkvsestary.cz\/?page_id=33"},{"@type":"ListItem","position":3,"name":"Nab\u00eddka program\u016f","item":"http:\/\/archeoparkvsestary.cz\/?page_id=46"},{"@type":"ListItem","position":4,"name":"\u0158\u00edm \u2013 \u017eivot v \u0158\u00edm\u011b"}]},{"@type":"WebSite","@id":"https:\/\/archeoparkvsestary.cz\/#website","url":"https:\/\/archeoparkvsestary.cz\/","name":"Archeopark prav\u011bku V\u0161estary","description":"Archeopark prav\u011bku V\u0161estary","publisher":{"@id":"https:\/\/archeoparkvsestary.cz\/#organization"},"potentialAction":[{"@type":"SearchAction","target":{"@type":"EntryPoint","urlTemplate":"https:\/\/archeoparkvsestary.cz\/?s={search_term_string}"},"query-input":{"@type":"PropertyValueSpecification","valueRequired":true,"valueName":"search_term_string"}}],"inLanguage":"cs"},{"@type":"Organization","@id":"https:\/\/archeoparkvsestary.cz\/#organization","name":"Archeopark prav\u011bku V\u0161estary","url":"https:\/\/archeoparkvsestary.cz\/","logo":{"@type":"ImageObject","inLanguage":"cs","@id":"https:\/\/archeoparkvsestary.cz\/#\/schema\/logo\/image\/","url":"https:\/\/archeoparkvsestary.cz\/wp-content\/uploads\/2023\/03\/logo_archeopark_nadoba.jpg","contentUrl":"https:\/\/archeoparkvsestary.cz\/wp-content\/uploads\/2023\/03\/logo_archeopark_nadoba.jpg","width":300,"height":279,"caption":"Archeopark prav\u011bku V\u0161estary"},"image":{"@id":"https:\/\/archeoparkvsestary.cz\/#\/schema\/logo\/image\/"},"sameAs":["https:\/\/www.facebook.com\/archeoparkvsestary\/"]}]}},"_links":{"self":[{"href":"https:\/\/archeoparkvsestary.cz\/index.php?rest_route=\/wp\/v2\/pages\/261","targetHints":{"allow":["GET"]}}],"collection":[{"href":"https:\/\/archeoparkvsestary.cz\/index.php?rest_route=\/wp\/v2\/pages"}],"about":[{"href":"https:\/\/archeoparkvsestary.cz\/index.php?rest_route=\/wp\/v2\/types\/page"}],"author":[{"embeddable":true,"href":"https:\/\/archeoparkvsestary.cz\/index.php?rest_route=\/wp\/v2\/users\/1"}],"replies":[{"embeddable":true,"href":"https:\/\/archeoparkvsestary.cz\/index.php?rest_route=%2Fwp%2Fv2%2Fcomments&post=261"}],"version-history":[{"count":5,"href":"https:\/\/archeoparkvsestary.cz\/index.php?rest_route=\/wp\/v2\/pages\/261\/revisions"}],"predecessor-version":[{"id":1440,"href":"https:\/\/archeoparkvsestary.cz\/index.php?rest_route=\/wp\/v2\/pages\/261\/revisions\/1440"}],"up":[{"embeddable":true,"href":"https:\/\/archeoparkvsestary.cz\/index.php?rest_route=\/wp\/v2\/pages\/46"}],"wp:attachment":[{"href":"https:\/\/archeoparkvsestary.cz\/index.php?rest_route=%2Fwp%2Fv2%2Fmedia&parent=261"}],"curies":[{"name":"wp","href":"https:\/\/api.w.org\/{rel}","templated":true}]}}